{"id":601,"date":"2025-01-28T08:11:21","date_gmt":"2025-01-28T08:11:21","guid":{"rendered":"https:\/\/pdedoncker.be\/?page_id=601"},"modified":"2025-12-06T05:40:54","modified_gmt":"2025-12-06T04:40:54","slug":"liposculpture-liposuccion","status":"publish","type":"page","link":"https:\/\/pdedoncker.be\/fr\/behandelingen\/liposculptuur-liposuctie\/","title":{"rendered":"Liposculpture (liposuccion)"},"content":{"rendered":"<h4><\/h4>\t\t\t\t\t\n\t<nav aria-label=\"chapelure\"><p><a href=\"https:\/\/pdedoncker.be\/fr\/\">Accueil<\/a> \/ <a href=\"https:\/\/pdedoncker.be\/fr\/traitements\/\">Traitements<\/a> \/ Liposculptuur (liposuctie)<\/p><\/nav>\n\t\t\t\t<a href=\"https:\/\/g.page\/r\/CZbKKXUNDXtNEAE\/review\"  target=\"_blank\" rel=\"noopener\"  itemprop=\"url\">\n\t\t\t\t<img decoding=\"async\" src=\"https:\/\/pdedoncker.be\/wp-content\/uploads\/2025\/12\/google-emblem-patrick.svg\" alt=\"google-emblem-patrick\" itemprop=\"image\" height=\"56\" width=\"450\" title=\"google-emblem-patrick\" onerror=\"this.style.display='none'\" loading=\"lazy\" \/>\n\t\t\t\t<\/a>\n<h2>\n\t\t\tTraitement\t<\/h2>\n\t<p>Ook nadat u bent afgevallen kunnen er zones zijn die resistent zijn aan uw dieetpogingen. Bij dames concentreren deze probleemzones zich vooral rond de heupen &#8211; de zogenaamde love-handles &#8211; de buik en de bovenbenen. Bij de heren zijn de buik, de heupen (zwembandjes) en soms ook de borst gevoelig voor vet.<\/p>\n<p>La liposuccion est alors la technique de choix pour corriger localement votre silhouette et \u00e9liminer les d\u00e9p\u00f4ts de graisse g\u00eanants et localis\u00e9s. Une nouvelle silhouette avec des contours beaux et tendus est \u00e0 nouveau \u00e0 port\u00e9e de main.  La liposculpture, c'est-\u00e0-dire l'\u00e9limination sous-cutan\u00e9e de la graisse, est l'une des proc\u00e9dures les plus populaires.<\/p>\n<p>Bij overgewicht (vanaf confectiemaat 46) is liposculptuur niet aangewezen. In dit geval is het aangewezen om de overtollige kilo&#8217;s eerst aan te pakken met een dieet.<\/p>\n\t\t\t\t<img decoding=\"async\" src=\"https:\/\/pdedoncker.be\/wp-content\/uploads\/2025\/01\/liposuctie.jpg\" alt=\"liposuccion\" itemprop=\"image\" height=\"491\" width=\"738\" title=\"liposuccion\" onerror=\"this.style.display='none'\" loading=\"lazy\" \/>\n\t\t\t<a href=\"\/fr\/liste-de-prix\/\" target=\"_self\">\n\t\t\t\t\t\t\tVoir les tarifs\n\t\t\t\t\t<\/a>\n\t\t\t<a href=\"\/fr\/contact\/\" target=\"_self\">\n\t\t\t\t\t\t\tPrendre contact\n\t\t\t\t\t<\/a>\n<h2>\n\t\t\tQuelles sont les zones \u00e9ligibles ?\t<\/h2>\n\t<p>Les zones les plus populaires o\u00f9 l'exc\u00e8s de graisse est \u00e9limin\u00e9 sont les hanches, l'abdomen (haut et bas de l'abdomen) et l'int\u00e9rieur des cuisses. Mais la liposculpture permet \u00e9galement de traiter avec succ\u00e8s le double menton ou les seins chez les hommes (gyn\u00e9comastie). Ou encore les genoux.<\/p>\n<p>Armen, kuiten en enkels komen niet in aanmerking voor liposculptuur. Meestal is het resultaat niet bevredigend en bovendien kan de doorbloeding van het lidmaat in het gedrang komen. Ook de voorzijde van de dij is minder geschikt om te behandelen, gezien het risico op het &#8216;golfplaat&#8217; effect.<\/p>\n<h2>\n\t\t\tComment la liposculpture est-elle pratiqu\u00e9e ?\t<\/h2>\n\t<p>Les zones sont d'abord inject\u00e9es avec une solution. Ce m\u00e9lange est compos\u00e9 de substances qui dissolvent la graisse et \u00e9vitent les saignements et la douleur. Cette technique est \u00e9galement appel\u00e9e technique de tumescence. Ensuite, l'exc\u00e8s de graisse est aspir\u00e9 couche par couche \u00e0 l'aide d'un tube fin : la zone est sculpt\u00e9e, d'o\u00f9 le terme de liposculpture. Cette aspiration se fait par des vibrations tr\u00e8s rapides de la canule d'aspiration. On parle alors de vibroliposculpture. L'autre terme, liposuccion, fait r\u00e9f\u00e9rence \u00e0 une technique d\u00e9pass\u00e9e qui consiste \u00e0 faire la m\u00eame chose, mais avec des canules \u00e9paisses et sous anesth\u00e9sie g\u00e9n\u00e9rale, pour aspirer la graisse. Cette technique est beaucoup plus douloureuse et pr\u00e9sente un risque accru de saignement.<\/p>\n\t\t\tavant et apr\u00e8s\n\t\t\t\t\t\t<h4>Voir les r\u00e9sultats avant et apr\u00e8s ce traitement<\/h4>\t\t\t\t\t\n\t\t\t\t\t\t\t\t\t\t\t\t<img decoding=\"async\" src=\"https:\/\/pdedoncker.be\/wp-content\/uploads\/2025\/02\/132273-1.jpg\" alt=\"\"\/>\n\t\t\t\t\t\t\t\t\t\t\t\t<img decoding=\"async\" src=\"https:\/\/pdedoncker.be\/wp-content\/uploads\/2025\/02\/132276-1.jpg\" alt=\"\"\/>\n\t\t\t\t\t\t\t\t\t\t\t\t<img decoding=\"async\" src=\"https:\/\/pdedoncker.be\/wp-content\/uploads\/2025\/02\/132272-1.jpg\" alt=\"\"\/>\n\t\t\t\t\t\t\t\t\t\t\t\t<img decoding=\"async\" src=\"https:\/\/pdedoncker.be\/wp-content\/uploads\/2025\/02\/132275-1.jpg\" alt=\"\"\/>\n\t\t\t\t\t\t\t\t\t\t\t\t<img decoding=\"async\" src=\"https:\/\/pdedoncker.be\/wp-content\/uploads\/2025\/02\/85423-1.jpg\" alt=\"\"\/>\n\t\t\t\t\t\t\t\t\t\t\t\t<img decoding=\"async\" src=\"https:\/\/pdedoncker.be\/wp-content\/uploads\/2025\/02\/85426-1.jpg\" alt=\"\"\/>\n\t\t\t\t\t\t\t\t\t\t\t\t<img decoding=\"async\" src=\"https:\/\/pdedoncker.be\/wp-content\/uploads\/2025\/02\/115283-1.jpg\" alt=\"\"\/>\n\t\t\t\t\t\t\t\t\t\t\t\t<img decoding=\"async\" src=\"https:\/\/pdedoncker.be\/wp-content\/uploads\/2025\/02\/85425-1.jpg\" alt=\"\"\/>\n\t\t\t<a href=\"\/fr\/contact\/\" target=\"_self\">\n\t\t\t\t\t\t\tContactez nous\n\t\t\t\t\t<\/a>\n\t\t\t\t<a href=\"https:\/\/realplasticsurgeon.eu\/search\/doctor\/ZGV4\" target=\"_blank\" rel=\"noopener\" itemprop=\"url\">\n\t\t\t\t<img decoding=\"async\" src=\"https:\/\/pdedoncker.be\/wp-content\/uploads\/2025\/12\/certifcation-rps-whitebg.png\" alt=\"certification-rps-whitebg\" itemprop=\"image\" height=\"219\" width=\"141\" title=\"certification-rps-whitebg\" onerror=\"this.style.display='none'\" loading=\"lazy\" \/>\n\t\t\t\t<\/a>\n            <img decoding=\"async\" src=\"https:\/\/pdedoncker.be\/wp-content\/uploads\/2025\/01\/maki_doctor.svg\" alt=\"Ic\u00f4ne du client satisfait\"\/>\n            Dr Patrick Dedoncker<br \/>Erkend plastisch chirurg\n\t\t\tProfessionele zorg door een erkend specialist\n\t\t\t\t\t\t<h2>Pourquoi choisir Dr. Patrick Dedoncker ?<\/h2>\t\t\t\t\t\n\t<ul>\n\t\t\t<li>\n\t\t\t\t<b>Certifi\u00e9<\/b> et <b>enregistr\u00e9<\/b> au minist\u00e8re belge de la sant\u00e9\n\t\t\t<\/li>\n\t\t\t<li>\n\t\t\t\tMembre de la<b> Soci\u00e9t\u00e9 royale belge de chirurgie plastique (RBSPS)<\/b>\n\t\t\t<\/li>\n\t\t\t<li>\n\t\t\t\t<b>Une solide r\u00e9putation<\/b> en chirurgie mammaire, faciale et corporelle\n\t\t\t<\/li>\n\t\t\t<li>\n\t\t\t\tInterventions uniquement en <b>environnements hospitaliers agr\u00e9\u00e9s <\/b>avec un soutien m\u00e9dical complet\n\t\t\t<\/li>\n\t\t\t<li>\n\t\t\t\tCollaboration multidisciplinaire en milieu hospitalier pour <b>une s\u00e9curit\u00e9 optimale pour les patients<\/b>\n\t\t\t<\/li>\n\t\t\t<li>\n\t\t\t\tSeulement <b>les techniques chirurgicales modernes<\/b> conform\u00e9ment \u00e0 la norme internationale\n\t\t\t<\/li>\n\t\t<\/ul>\n<h2>\n\t\t\tInformations importantes\t<\/h2>\n\t\t\t\t\t\t\t<img loading=\"lazy\" decoding=\"async\" src=\"https:\/\/pdedoncker.be\/wp-content\/uploads\/2025\/01\/litteken.svg\" alt=\"cicatrice\" width=\"61\" height=\"61\" \/>\n\t\t\t\t\t\t<h4>Cicatrice<\/h4>\t\t\t\t\t\n\t\t\t<p>La liposculpture ne laisse pas de cicatrice. En effet, seules de petites incisions de 4 mm sont pratiqu\u00e9es, par lesquelles l'exc\u00e8s de graisse est aspir\u00e9. En outre, ces petites incisions sont pratiqu\u00e9es \u00e0 des endroits o\u00f9 elles ne sont pas visibles, comme dans les plis cutan\u00e9s, l'aine et le nombril.<\/p>\t\t\n\t\t\t\t\t\t\t<img loading=\"lazy\" decoding=\"async\" src=\"https:\/\/pdedoncker.be\/wp-content\/uploads\/2025\/01\/risicos.svg\" alt=\"risques\" width=\"61\" height=\"61\" \/>\n\t\t\t\t\t\t<h4>Risques \u00e9ventuels<\/h4>\t\t\t\t\t\n\t\t\t<p>La liposculpture est l'une des interventions chirurgicales les plus s\u00fbres. Il n'y a pratiquement jamais d'infection. En effet, la proc\u00e9dure se d\u00e9roule dans un environnement strictement st\u00e9rile. De plus, les petits trous par lesquels la canule d'aspiration est ins\u00e9r\u00e9e se cicatrisent sans probl\u00e8me. \u00a0<br \/><br \/>Pour que les contours du corps soient lisses apr\u00e8s l'intervention, la liposculpture consiste \u00e0 aspirer la graisse couche par couche \u00e0 l'aide d'une fine canule d'aspiration. Le risque d'un effet de plaque ondul\u00e9e ou de piq\u00fbres est ainsi \u00e9vit\u00e9.<\/p>\t\t\n\t\t\t\t\t\t\t<img loading=\"lazy\" decoding=\"async\" src=\"https:\/\/pdedoncker.be\/wp-content\/uploads\/2025\/01\/herstel.svg\" alt=\"r\u00e9cup\u00e9ration\" width=\"61\" height=\"61\" \/>\n\t\t\t\t\t\t<h4>R\u00e9cup\u00e9ration<\/h4>\t\t\t\t\t\n\t\t\t<p>Vous pouvez d\u00e9j\u00e0 rentrer chez vous une heure apr\u00e8s l'intervention. L'anesth\u00e9sie locale continue d'agir pendant plusieurs heures. Lorsque l'anesth\u00e9sie dispara\u00eet, les zones trait\u00e9es peuvent \u00eatre douloureuses et raides. Vous pouvez soulager la douleur avec des analg\u00e9siques classiques tels que l'ibuprof\u00e8ne et le parac\u00e9tamol.<br \/><br \/>Le lendemain de l'intervention, il est parfois difficile de se tenir droit ou de marcher. Lorsque la r\u00e9gion de l'abdomen a \u00e9t\u00e9 trait\u00e9e, vous pouvez avoir l'impression d'avoir fait trop d'exercices abdominaux. Cette sensation dispara\u00eet apr\u00e8s quelques jours.<br \/><br \/>Il arrive que du liquide s'\u00e9coule des trous o\u00f9 se trouve la canule. C'est normal. Il est utile de mettre des coussinets dans vos collants. Pour \u00e9viter les taches sur votre matelas, nous vous recommandons d'utiliser un bon prot\u00e8ge-matelas.<br \/><br \/>Apr\u00e8s votre liposculpture, vous devez porter des collants \u00e9lastiques pendant 1 mois, jour et nuit. Ceci est tr\u00e8s important pour le r\u00e9sultat final. En effet, gr\u00e2ce \u00e0 la pression, les collants veillent \u00e0 ce que l'espace sous-cutan\u00e9 dans lequel la graisse a \u00e9t\u00e9 retir\u00e9e ne se remplisse pas de liquide et de sang. Cela permet \u00e0 la peau de bien se rattacher aux muscles sous-jacents.<br \/><br \/>Si vous avez un travail s\u00e9dentaire, vous pouvez g\u00e9n\u00e9ralement reprendre le travail apr\u00e8s un ou deux jours.<br \/><br \/>Le sport est autoris\u00e9 d\u00e8s que vous le pouvez. L'exercice am\u00e9liore la circulation sanguine, ce qui fait dispara\u00eetre plus rapidement le gonflement postop\u00e9ratoire. Des taches jaune-bleus peuvent persister pendant 2 \u00e0 3 semaines. Les bains ne sont autoris\u00e9s qu'apr\u00e8s 2 jours. Les bains de soleil ne sont autoris\u00e9s qu'apr\u00e8s 1 mois.<br \/><br \/>Apr\u00e8s 2 \u00e0 3 semaines, les taches bleues disparaissent et le liquide inject\u00e9 est absorb\u00e9. Ce n'est qu'\u00e0 ce moment-l\u00e0 que vous verrez l'effet de la liposculpture.<\/p>\t\t\n\t\t\t\t\t\t\t<img loading=\"lazy\" decoding=\"async\" src=\"https:\/\/pdedoncker.be\/wp-content\/uploads\/2025\/01\/voorzorgen.svg\" alt=\"pr\u00e9cautions\" width=\"61\" height=\"61\" \/>\n\t\t\t\t\t\t<h4>Pr\u00e9cautions<\/h4>\t\t\t\t\t\n\t\t\t<p>Al onze ingrepen worden in de meest veilige omstandigheden uitgevoerd door de plastisch chirurg.Tijdens de ingreep zorgt de chirurg voor een continue monitoring (automatische repetitieve bloeddrukmetingen, constante zuurstof saturatie metingen, electrocardiogram).\u00a0Maatregelen voor steriliteit worden strikt nageleefd. Tijdens de operatie wordt preventief een licht antibioticum toegediend om infectie te voorkomen. Alleen deze werkwijze garandeert de hoogst mogelijke veiligheid voor u als pati\u00ebnt.Tijdens uw eventuele overnachting in de kliniek waken gediplomeerde verpleegkundigen over u.<br \/>Wanneer u bloedverdunnende medicijnen gebruikt, gelieve dit vooraf mee te delen aan de arts (bv. acetylsalicylzuur, asaflow, cardioaspirine, dipiridamole, plavix, sintrom, marevan e.a.)Na uw ingreep krijgt u het persoonlijk GSM-nummer van uw plastisch chirurg zodat u zich veilig voelt.<\/p>\t\t\n\t\t\t\t\t\t\t<img loading=\"lazy\" decoding=\"async\" src=\"https:\/\/pdedoncker.be\/wp-content\/uploads\/2025\/01\/verdoving.svg\" alt=\"anesth\u00e9sie\" width=\"61\" height=\"61\" \/>\n\t\t\t\t\t\t<h4>Anesth\u00e9sie<\/h4>\t\t\t\t\t\n\t\t\t<p>En g\u00e9n\u00e9ral, une anesth\u00e9sie locale suffit. Avec une s\u00e9dation, il est possible d'aspirer un peu plus de graisse. Dans tous les cas, une anesth\u00e9sie classique n'est pas n\u00e9cessaire. Apr\u00e8s l'intervention, vous vous sentirez beaucoup plus en forme car vous ne subirez pas les effets secondaires d\u00e9sagr\u00e9ables d'une anesth\u00e9sie classique. Une nuit \u00e0 la clinique n'est donc pas n\u00e9cessaire.<\/p>\t\t\n\t\t\t\tLe r\u00e9sultat est-il permanent ?\n\t\t\t\t<p>Oui, car en plus de la graisse, la cellule adipeuse est aspir\u00e9e. Le nombre de cellules graisseuses dans une zone donn\u00e9e diminue. Par cons\u00e9quent, le risque d'accumuler \u00e0 nouveau de la graisse dans une zone trait\u00e9e est r\u00e9duit.<\/p>\n\t\t\t\tLa liposculpture permet-elle de perdre du poids ?\n\t\t\t\t<p>Non, la perte de poids est de 2 \u00e0 4 kg au maximum. La liposculpture am\u00e9liore effectivement votre silhouette. L'am\u00e9lioration de votre profil se traduit par une ou deux tailles de robe en moins.<\/p>\n\t\t\t\tEst-ce que cela am\u00e9liore ma cellulite ?\n\t\t\t\t<p>La peau orange ne s'am\u00e9liore pas avec la liposculpture. Il en va de m\u00eame pour les vergetures. D'autres traitements (LPG) sont disponibles pour ces derni\u00e8res.<\/p>\n\t\t\t\tLa liposculpture laisse-t-elle un exc\u00e9dent de peau ?\n\t\t\t\t<p>Non, gr\u00e2ce \u00e0 son \u00e9lasticit\u00e9 inh\u00e9rente, votre peau r\u00e9tr\u00e9cit naturellement.<\/p>\n\t\t\tCe que disent nos patients satisfaits\n\t\t\t\t\t\t<h4>Nos patients satisfaits nous font part de leur exp\u00e9rience.<\/h4>\t\t\t\t\t\n\t\t\t<p>Lisez leurs t\u00e9moignages et d\u00e9couvrez comment notre approche personnalis\u00e9e de la chirurgie plastique les a aid\u00e9s \u00e0 renforcer leur confiance en eux, \u00e0 atteindre leurs objectifs et \u00e0 se sentir mieux dans leur peau. Votre histoire pourrait \u00eatre la prochaine !<\/p>\t\t\n\t\t\t\t<img decoding=\"async\" src=\"https:\/\/pdedoncker.be\/wp-content\/uploads\/2025\/01\/reviews-blok-img.jpg\" alt=\"critiques-block-img\" itemprop=\"image\" height=\"419\" width=\"735\" title=\"critiques-block-img\" onerror=\"this.style.display='none'\" loading=\"lazy\" \/>\n\t\t<!-- Slides wrapper -->\n\t\t\t\t\t\t<cite>\n\t\t\t\t\t\t\tricia matha-amana\n\t<i>\u2605<\/i><i>\u2605<\/i><i>\u2605<\/i><i>\u2605<\/i><i>\u2605<\/i>\t\t\t\t\t\t\t\n\t\t\t\t\t\t<\/cite>\n\t\t\t\t\t\t\t<p>Le Dr Patrick Dedoncker est l'un des meilleurs Dr. C'est un docteur qui a du c\u0153ur quand vous parlez \u00e0 cet homme la premi\u00e8re chose que vous remarquez c'est qu'avec lui ce n'est pas une question d'argent mais de s\u00e9curit\u00e9 pour le patient. Je me suis sentie en s\u00e9curit\u00e9 avec lui le jour de l'op\u00e9ration. Le 26 novembre 2024, j'ai \u00e9t\u00e9 op\u00e9r\u00e9e par le Dr Patrick Dedoncker. Cela fait maintenant un mois exactement que j'ai \u00e9t\u00e9 op\u00e9r\u00e9e par le Dr Patrick Dedoncker. Je suis tr\u00e8s satisfaite de ma poitrine gr\u00e2ce \u00e0 l'op\u00e9ration, je me sens belle et heureuse.<\/p>\t\t\t\t\t\t\n\t\t\t\t\t\t<cite>\n\t\t\t\t\t\t\tmorgane van den eynden\n\t<i>\u2605<\/i><i>\u2605<\/i><i>\u2605<\/i><i>\u2605<\/i><i>\u2605<\/i>\t\t\t\t\t\t\t\n\t\t\t\t\t\t<\/cite>\n\t\t\t\t\t\t\t<p>Si vous \u00eates \u00e0 la recherche d'un chirurgien plasticien fiable et professionnel, vous \u00eates au bon endroit. Il vous met \u00e0 l'aise et tr\u00e8s \u00e0 l'aise ! Il vous \u00e9coute tr\u00e8s bien en tant que patient. Si quelque chose n'allait pas, vous pouviez le joindre tr\u00e8s rapidement et efficacement ! Absolument recommand\u00e9, merci beaucoup pour les soins fantastiques et le r\u00e9sultat extr\u00eamement beau !<\/p>\t\t\t\t\t\t\n\t\t\t\t\t\t<cite>\n\t\t\t\t\t\t\t Valery Perez Rodriguez\n\t<i>\u2605<\/i><i>\u2605<\/i><i>\u2605<\/i><i>\u2605<\/i><i>\u2605<\/i>\t\t\t\t\t\t\t\n\t\t\t\t\t\t<\/cite>\n\t\t\t\t\t\t\t<p>Chirurgien tr\u00e8s s\u00e9rieux et honn\u00eate. J'ai \u00e9t\u00e9 op\u00e9r\u00e9e des seins par le Dr Dedoncker et je suis tr\u00e8s satisfaite du r\u00e9sultat naturel. Le docteur a pris le temps de v\u00e9rifier le type d'implant et la taille qui conviendrait le mieux \u00e0 ma silhouette.Contrairement \u00e0 ce que dit l'un des avis, il y a bien un suivi post-op\u00e9ratoire avec une visite de contr\u00f4le pour v\u00e9rifier la cicatrisation et\/ou retirer les points de suture si n\u00e9cessaire. Je recommande !<\/p>\t\t\t\t\t\t\n\t\t\t\t\t\t<cite>\n\t\t\t\t\t\t\tsigrid bosmans\n\t<i>\u2605<\/i><i>\u2605<\/i><i>\u2605<\/i><i>\u2605<\/i><i>\u2605<\/i>\t\t\t\t\t\t\t\n\t\t\t\t\t\t<\/cite>\n\t\t\t\t\t\t\t<p>Tr\u00e8s satisfaite du Docteur Dedoncker ! J'ai subi une op\u00e9ration des paupi\u00e8res il y a quelques ann\u00e9es et j'en suis toujours tr\u00e8s satisfaite ! Il y a un mois, il m'a fait une liposuccion et cela avance \u00e9galement dans la bonne direction. Le docteur a pris son temps et m'a donn\u00e9 suffisamment d'informations. Ce qui est tr\u00e8s rassurant, c'est qu'il donne son num\u00e9ro de portable en cas de questions\/avis et ainsi de suite. Exp\u00e9rience tr\u00e8s positive.<\/p>\t\t\t\t\t\t\n\t\t\t\t\t\t<cite>\n\t\t\t\t\t\t\tV\u00e9ronique Baeten\n\t<i>\u2605<\/i><i>\u2605<\/i><i>\u2605<\/i><i>\u2605<\/i><i>\u2605<\/i>\t\t\t\t\t\t\t\n\t\t\t\t\t\t<\/cite>\n\t\t\t\t\t\t\t<p>Pour moi, le Docteur Dedoncker est un chirurgien tr\u00e8s comp\u00e9tent et direct. J'ai d\u00e9j\u00e0 fait appel \u00e0 lui deux fois et je suis extr\u00eamement satisfaite du r\u00e9sultat, de son approche et de sa flexibilit\u00e9. Ce qui me g\u00eanait dans le pass\u00e9, il l'a r\u00e9solu \u00e0 merveille... Merci beaucoup !<\/p>\t\t\t\t\t\t\n\t\t\t\t\t\t<cite>\n\t\t\t\t\t\t\tMaria Rahman\n\t<i>\u2605<\/i><i>\u2605<\/i><i>\u2605<\/i><i>\u2605<\/i><i>\u2605<\/i>\t\t\t\t\t\t\t\n\t\t\t\t\t\t<\/cite>\n\t\t\t\t\t\t\t<p>Meilleure exp\u00e9rience. Je suis all\u00e9e pour une augmentation mammaire, une correction de l'ar\u00e9ole et un lifting. Parfaitement r\u00e9alis\u00e9. Toujours disponible, bonne consultation, m\u00eame le week-end. Le r\u00e9sultat est excellent et je peux toujours le joindre pour toute r\u00e9clamation. Je ferai certainement d'autres op\u00e9rations ici. L'hygi\u00e8ne \u00e9tait \u00e9galement excellente. Les soins postop\u00e9ratoires \u00e9taient \u00e9galement bien organis\u00e9s. Hautement recommand\u00e9.\u00a0<\/p>\t\t\t\t\t\t\n\t\t\t\t\t\t<cite>\n\t\t\t\t\t\t\tMonique Lissens\n\t<i>\u2605<\/i><i>\u2605<\/i><i>\u2605<\/i><i>\u2605<\/i><i>\u2605<\/i>\t\t\t\t\t\t\t\n\t\t\t\t\t\t<\/cite>\n\t\t\t\t\t\t\t<p>Le 5 novembre 2024, j'ai contact\u00e9 le Dr Dedoncker pour un probl\u00e8me de rides du visage. Il a examin\u00e9 avec moi ce qu'il fallait faire. Il m'a propos\u00e9 de corriger \u00e9galement mes paupi\u00e8res. J'ai suivi son conseil. Il m'a donc fait un mini lift et une plastie v\u00e9sicale. Nous sommes 3 mois plus tard. Je suis ravie du r\u00e9sultat. C'est exactement ce que je voulais : des traits du visage qui restent naturels et une nette am\u00e9lioration du regard ! Merci docteur. Je vous recommande \u00e0 tous ceux qui me demandent o\u00f9 je suis all\u00e9e pour obtenir un si bon r\u00e9sultat.<\/p>\t\t\t\t\t\t\n\t\t\t\t<!-- Pagination, if required -->\n\t\t\t\t<img decoding=\"async\" src=\"https:\/\/pdedoncker.be\/wp-content\/uploads\/2025\/01\/consult-verloop-img.jpg\" alt=\"consultation-course-img\" itemprop=\"image\" height=\"584\" width=\"878\" title=\"consultation-course-img\" onerror=\"this.style.display='none'\" loading=\"lazy\" \/>\n\t\t\tVotre chemin vers l'assurance\n\t\t\t\t\t\t<h4>Comment se d\u00e9roule un rendez-vous dans notre clinique<\/h4>\t\t\t\t\t\n\t\t\t<p>Dans notre clinique, nous adoptons une approche personnelle et experte pour renforcer votre confiance en vous et obtenir les meilleurs r\u00e9sultats.<\/p>\t\t\n    <img decoding=\"async\" src=\"https:\/\/pdedoncker.be\/wp-content\/uploads\/2025\/01\/miniprofielfoto.png\" alt=\"Dr. Patrick Dedoncker\"\/>\n      <h1>Dr. Patrick Dedoncker<\/h1>\n      <p>Chirurgien plasticien certifi\u00e9<\/p>\n\t\t\t01. \n\t\t\t\t\t\t<h4>Prendre rendez-vous<\/h4>\t\t\t\t\t\n\t\t\t<p>Il vous suffit de prendre rendez-vous en ligne ou par t\u00e9l\u00e9phone. Choisissez l'heure qui vous convient et faites-nous part \u00e0 l'avance de vos souhaits ou questions sp\u00e9cifiques.<\/p>\t\t\n\t\t\t02. \n\t\t\t\t\t\t<h4>Consultation<\/h4>\t\t\t\t\t\n\t\t\t<p>Lors de la consultation, le Dr Patrick Dedoncker discute de vos souhaits et de vos attentes. Nous proc\u00e9dons \u00e0 une analyse compl\u00e8te afin d'\u00e9tablir un plan de traitement personnalis\u00e9.<\/p>\t\t\n\t\t\t03. \n\t\t\t\t\t\t<h4>Apprendre \u00e0 conna\u00eetre<\/h4>\t\t\t\t\t\n\t\t\t<p>Rencontrez notre chirurgien plasticien certifi\u00e9, qui examinera votre plan de traitement en d\u00e9tail avec vous. Ensemble, nous d\u00e9terminerons la meilleure approche pour obtenir le r\u00e9sultat souhait\u00e9.<\/p>\t\t\n\t\t\t04. \n\t\t\t\t\t\t<h4>Traitement et soins<\/h4>\t\t\t\t\t\n\t\t\t<p>Faites l'exp\u00e9rience de soins et de conseils professionnels, adapt\u00e9s \u00e0 vos besoins. Nous veillons \u00e0 ce que vous vous sentiez \u00e0 l'aise et bien soutenu pendant et apr\u00e8s le traitement.<\/p>\t\t\n\t\t\t<a href=\"\/fr\/rendez-vous-en-ligne\/\" target=\"_self\">\n\t\t\t\t\t\t\tPrendre un rendez-vous en ligne\n\t\t\t\t\t<\/a>\n\t\t\t<a href=\"\/fr\/contact\/\" target=\"_self\">\n\t\t\t\t\t\t\tContactez nous\n\t\t\t\t\t<\/a>\n<h2>\n\t\t\tContactez nous\t<\/h2>\n\t<p>Vous avez des questions ou souhaitez prendre rendez-vous ? Remplissez le formulaire de contact et nous vous contacterons dans les 24 heures pour vous aider davantage !<\/p>\n\t\t\t\t\t\t<h4>Se sentir plus confiant que jamais !<\/h4>\t\t\t\t\t\n\t\t\t<p>Pr\u00eat \u00e0 franchir le pas vers une plus grande confiance en soi ? Prenez d\u00e8s \u00e0 pr\u00e9sent rendez-vous avec nous pour une op\u00e9ration de chirurgie plastique et b\u00e9n\u00e9ficiez de soins personnalis\u00e9s adapt\u00e9s \u00e0 vos besoins.<\/p>","protected":false},"excerpt":{"rendered":"<p>Home \/ Behandelingen \/ Liposculptuur (liposuctie) De behandeling Ook nadat u bent afgevallen kunnen er zones zijn die resistent zijn aan uw dieetpogingen. Bij dames concentreren deze probleemzones zich vooral rond de heupen &#8211; de zogenaamde love-handles &#8211; de buik en de bovenbenen. Bij de heren zijn de buik, de heupen (zwembandjes) en soms ook&hellip;<\/p>","protected":false},"author":1,"featured_media":0,"parent":155,"menu_order":0,"comment_status":"closed","ping_status":"closed","template":"","meta":{"_acf_changed":false,"inline_featured_image":false,"footnotes":""},"class_list":["post-601","page","type-page","status-publish","hentry"],"acf":[],"_links":{"self":[{"href":"https:\/\/pdedoncker.be\/fr\/wp-json\/wp\/v2\/pages\/601","targetHints":{"allow":["GET"]}}],"collection":[{"href":"https:\/\/pdedoncker.be\/fr\/wp-json\/wp\/v2\/pages"}],"about":[{"href":"https:\/\/pdedoncker.be\/fr\/wp-json\/wp\/v2\/types\/page"}],"author":[{"embeddable":true,"href":"https:\/\/pdedoncker.be\/fr\/wp-json\/wp\/v2\/users\/1"}],"replies":[{"embeddable":true,"href":"https:\/\/pdedoncker.be\/fr\/wp-json\/wp\/v2\/comments?post=601"}],"version-history":[{"count":9,"href":"https:\/\/pdedoncker.be\/fr\/wp-json\/wp\/v2\/pages\/601\/revisions"}],"predecessor-version":[{"id":1600,"href":"https:\/\/pdedoncker.be\/fr\/wp-json\/wp\/v2\/pages\/601\/revisions\/1600"}],"up":[{"embeddable":true,"href":"https:\/\/pdedoncker.be\/fr\/wp-json\/wp\/v2\/pages\/155"}],"wp:attachment":[{"href":"https:\/\/pdedoncker.be\/fr\/wp-json\/wp\/v2\/media?parent=601"}],"curies":[{"name":"wp","href":"https:\/\/api.w.org\/{rel}","templated":true}]}}