{"id":491,"date":"2025-01-25T06:26:50","date_gmt":"2025-01-25T06:26:50","guid":{"rendered":"https:\/\/pdedoncker.be\/?page_id=491"},"modified":"2025-12-06T05:38:11","modified_gmt":"2025-12-06T04:38:11","slug":"lifting-des-seins-avec-augmentation-mammaire","status":"publish","type":"page","link":"https:\/\/pdedoncker.be\/fr\/behandelingen\/borstlift-met-borstvergroting\/","title":{"rendered":"Lifting des seins avec augmentation mammaire"},"content":{"rendered":"<h4><\/h4>\t\t\t\t\t\n\t<nav aria-label=\"chapelure\"><p><a href=\"https:\/\/pdedoncker.be\/fr\/\">Accueil<\/a> \/ <a href=\"https:\/\/pdedoncker.be\/fr\/traitements\/\">Traitements<\/a> \/ Borstlift met borstvergroting<\/p><\/nav>\n\t\t\t\t<a href=\"https:\/\/g.page\/r\/CZbKKXUNDXtNEAE\/review\"  target=\"_blank\" rel=\"noopener\"  itemprop=\"url\">\n\t\t\t\t<img decoding=\"async\" src=\"https:\/\/pdedoncker.be\/wp-content\/uploads\/2025\/12\/google-emblem-patrick.svg\" alt=\"google-emblem-patrick\" itemprop=\"image\" height=\"56\" width=\"450\" title=\"google-emblem-patrick\" onerror=\"this.style.display='none'\" loading=\"lazy\" \/>\n\t\t\t\t<\/a>\n<h2>\n\t\t\tTraitement\t<\/h2>\n\tLa grossesse, la perte de poids, l'allaitement et la vieillesse peuvent affecter la fermet\u00e9 des seins, entra\u00eenant leur affaissement et leur chute. Lorsque les seins se sont affaiss\u00e9s et ont perdu du volume, un lifting des seins combin\u00e9 \u00e0 une augmentation mammaire constitue la solution. Au cours de cette intervention, les seins sont relev\u00e9s et augment\u00e9s en m\u00eame temps par la pose d'un implant derri\u00e8re le muscle pectoral. Cela donne aux seins une apparence plus ferme, plus pleine et plus jeune.\n<h2>\n\t\t\tComment se d\u00e9roule un lifting mammaire ?\t<\/h2>\n\tLors de cette intervention combin\u00e9e, la poitrine subit une m\u00e9tamorphose compl\u00e8te. Le chirurgien plasticien mod\u00e8le la glande mammaire dans la forme souhait\u00e9e et la fixe au muscle pectoral pour un r\u00e9sultat permanent. L'exc\u00e8s de peau est enlev\u00e9, le mamelon est relev\u00e9 et \u00e9ventuellement r\u00e9duit. Dans le m\u00eame temps, un implant est ins\u00e9r\u00e9 pour cr\u00e9er un volume suppl\u00e9mentaire. Il en r\u00e9sulte non seulement un effet de lifting, mais aussi une forme de poitrine plus ample et plus naturelle.\n\t\t\t\t<img decoding=\"async\" src=\"https:\/\/pdedoncker.be\/wp-content\/uploads\/2025\/01\/borstlift-behandeling.jpg\" alt=\"traitement du lifting mammaire\" itemprop=\"image\" height=\"306\" width=\"393\" title=\"traitement du lifting mammaire\" onerror=\"this.style.display='none'\" loading=\"lazy\" \/>\n\t\t\t<a href=\"\/fr\/liste-de-prix\/\" target=\"_self\">\n\t\t\t\t\t\t\tVoir les tarifs\n\t\t\t\t\t<\/a>\n\t\t\t<a href=\"\/fr\/contact\/\" target=\"_self\">\n\t\t\t\t\t\t\tPrendre contact\n\t\t\t\t\t<\/a>\n<h2  id=\"implantaat-keuze\">\n\t\t\tLa bonne orientation pour le bon choix\t<\/h2>\n\t\t\t\t\t\t\t<img loading=\"lazy\" decoding=\"async\" src=\"https:\/\/pdedoncker.be\/wp-content\/uploads\/2025\/01\/uil_arrow-resize-diagonal-1.svg\" alt=\"owl_arrow-resize-diagonal\" width=\"42\" height=\"42\" \/>\n\t\t\t\t\t\t<h4>La bonne taille<\/h4>\t\t\t\t\t\n\t\t\t<p>La plupart des femmes choisissent un volume naturel, g\u00e9n\u00e9ralement compris entre 200 et 350 cc. Pour un d\u00e9collet\u00e9 plus profond, 350-500 cc ou plus peuvent \u00eatre appropri\u00e9s. \u00c0 l'int\u00e9rieur d'un m\u00eame volume, il existe diff\u00e9rents profils :<strong>Profil haut :<\/strong> plus \u00e9troit, plus saillant vers l'avant, convient \u00e0 une poitrine \u00e9troite, aspect plus arrondi.<br \/><strong>Profil bas :<\/strong> un aspect plus large, plus plat et plus naturel.<br \/><strong>Profil normal :<\/strong> compromis entre les deux.<\/p>\t\t\n\t\t\t\t\t\t\t<img loading=\"lazy\" decoding=\"async\" src=\"https:\/\/pdedoncker.be\/wp-content\/uploads\/2025\/01\/healthicons_breasts-outline.svg\" alt=\"healthicons_breasts-outline\" width=\"61\" height=\"61\" \/>\n\t\t\t\t\t\t<h4>La bonne forme<\/h4>\t\t\t\t\t\n\t\t\t<p><strong>Des implants ronds<\/strong> sont plus souples et donc plus faciles \u00e0 mettre en place par une incision plus petite. Elles sont moins ch\u00e8res et donnent au sein une belle forme ronde avec un rembourrage suppl\u00e9mentaire dans la partie sup\u00e9rieure, ce qui est id\u00e9al pour aplanir la partie sup\u00e9rieure du sein.<strong>Des implants anatomiques<\/strong> ont une forme de goutte qui garantit un r\u00e9sultat naturel. Ils sont l\u00e9g\u00e8rement plus chers et plus difficiles \u00e0 poser en raison du gel plus ferme, mais ils offrent un aspect subtil et \u00e9l\u00e9gant.<\/p>\t\t\n\t\t\t\t\t\t\t<img loading=\"lazy\" decoding=\"async\" src=\"https:\/\/pdedoncker.be\/wp-content\/uploads\/2025\/01\/f7_drop.svg\" alt=\"f7_drop\" width=\"50\" height=\"50\" \/>\n\t\t\t\t\t\t<h4>Le bon remplissage<\/h4>\t\t\t\t\t\n\t\t\t<p><strong>Des implants en silicone<\/strong> sont remplis d'un gel coh\u00e9sif qui donne une impression de naturel et qui ne pr\u00e9sente ni fuites ni fissures. Ils sont donc fiables et tr\u00e8s appr\u00e9ci\u00e9s.<strong>Des implants remplis d'eau (saline)<\/strong> sont remplis d'une solution saline pendant l'op\u00e9ration. Ils sont moins naturels et pr\u00e9sentent un risque de fuite, c'est pourquoi ils ne sont plus gu\u00e8re utilis\u00e9s aujourd'hui. Les nouvelles obturations exp\u00e9rimentales ne sont pas utilis\u00e9es en raison de leurs effets \u00e0 long terme inconnus.<\/p>\t\t\n\t\t\t\t\t\t\t<img loading=\"lazy\" decoding=\"async\" src=\"https:\/\/pdedoncker.be\/wp-content\/uploads\/2025\/01\/material-symbols_manufacturing.svg\" alt=\"mat\u00e9riaux-symboles_fabrication\" width=\"52\" height=\"52\" \/>\n\t\t\t\t\t\t<h4>Le bon fabricant<\/h4>\t\t\t\t\t\n\t\t\t<p>Pour votre s\u00e9curit\u00e9, nous utilisons <strong>implants de marque A uniquement<\/strong> die aan de hoogste kwaliteitsnormen voldoen. Deze implantaten bieden 10 jaar garantie.Het is essentieel om <strong>ne pas l\u00e9siner sur la qualit\u00e9<\/strong> d'un implant parce qu'il est pr\u00e9sent en permanence dans votre corps. C'est pourquoi nous ne s\u00e9lectionnons que des fabricants ayant fait leurs preuves et pr\u00e9sentant la plus grande fiabilit\u00e9.<\/p>\t\t\n\t\t\tavant et apr\u00e8s\n\t\t\t\t\t\t<h4>Voir les r\u00e9sultats avant et apr\u00e8s ce traitement<\/h4>\t\t\t\t\t\n\t\t\t\t\t\t\t\t\t\t\t\t<img decoding=\"async\" src=\"https:\/\/pdedoncker.be\/wp-content\/uploads\/2025\/02\/62587.jpg\" alt=\"\"\/>\n\t\t\t\t\t\t\t\t\t\t\t\t<img decoding=\"async\" src=\"https:\/\/pdedoncker.be\/wp-content\/uploads\/2025\/02\/625810.jpg\" alt=\"\"\/>\n\t\t\t\t\t\t\t\t\t\t\t\t<img decoding=\"async\" src=\"https:\/\/pdedoncker.be\/wp-content\/uploads\/2025\/02\/86241.jpg\" alt=\"\"\/>\n\t\t\t\t\t\t\t\t\t\t\t\t<img decoding=\"async\" src=\"https:\/\/pdedoncker.be\/wp-content\/uploads\/2025\/02\/86244.jpg\" alt=\"\"\/>\n\t\t\t\t\t\t\t\t\t\t\t\t<img decoding=\"async\" src=\"https:\/\/pdedoncker.be\/wp-content\/uploads\/2025\/02\/129751.jpg\" alt=\"\"\/>\n\t\t\t\t\t\t\t\t\t\t\t\t<img decoding=\"async\" src=\"https:\/\/pdedoncker.be\/wp-content\/uploads\/2025\/02\/129754.jpg\" alt=\"\"\/>\n\t\t\t\t\t\t\t\t\t\t\t\t<img decoding=\"async\" src=\"https:\/\/pdedoncker.be\/wp-content\/uploads\/2025\/02\/44677.jpg\" alt=\"\"\/>\n\t\t\t\t\t\t\t\t\t\t\t\t<img decoding=\"async\" src=\"https:\/\/pdedoncker.be\/wp-content\/uploads\/2025\/02\/446710.jpg\" alt=\"\"\/>\n\t\t\t<a href=\"\/fr\/contact\/\" target=\"_self\">\n\t\t\t\t\t\t\tContactez nous\n\t\t\t\t\t<\/a>\n\t\t\t\t<a href=\"https:\/\/realplasticsurgeon.eu\/search\/doctor\/ZGV4\" target=\"_blank\" rel=\"noopener\" itemprop=\"url\">\n\t\t\t\t<img decoding=\"async\" src=\"https:\/\/pdedoncker.be\/wp-content\/uploads\/2025\/12\/certifcation-rps-whitebg.png\" alt=\"certification-rps-whitebg\" itemprop=\"image\" height=\"219\" width=\"141\" title=\"certification-rps-whitebg\" onerror=\"this.style.display='none'\" loading=\"lazy\" \/>\n\t\t\t\t<\/a>\n            <img decoding=\"async\" src=\"https:\/\/pdedoncker.be\/wp-content\/uploads\/2025\/01\/maki_doctor.svg\" alt=\"Ic\u00f4ne du client satisfait\"\/>\n            Dr Patrick Dedoncker<br \/>Erkend plastisch chirurg\n\t\t\tProfessionele zorg door een erkend specialist\n\t\t\t\t\t\t<h2>Pourquoi choisir Dr. Patrick Dedoncker ?<\/h2>\t\t\t\t\t\n\t<ul>\n\t\t\t<li>\n\t\t\t\t<b>Certifi\u00e9<\/b> et <b>enregistr\u00e9<\/b> au minist\u00e8re belge de la sant\u00e9\n\t\t\t<\/li>\n\t\t\t<li>\n\t\t\t\tMembre de la<b> Soci\u00e9t\u00e9 royale belge de chirurgie plastique (RBSPS)<\/b>\n\t\t\t<\/li>\n\t\t\t<li>\n\t\t\t\t<b>Une solide r\u00e9putation<\/b> en chirurgie mammaire, faciale et corporelle\n\t\t\t<\/li>\n\t\t\t<li>\n\t\t\t\tInterventions uniquement en <b>environnements hospitaliers agr\u00e9\u00e9s <\/b>avec un soutien m\u00e9dical complet\n\t\t\t<\/li>\n\t\t\t<li>\n\t\t\t\tCollaboration multidisciplinaire en milieu hospitalier pour <b>une s\u00e9curit\u00e9 optimale pour les patients<\/b>\n\t\t\t<\/li>\n\t\t\t<li>\n\t\t\t\tSeulement <b>les techniques chirurgicales modernes<\/b> conform\u00e9ment \u00e0 la norme internationale\n\t\t\t<\/li>\n\t\t<\/ul>\n<h2>\n\t\t\tInformations importantes\t<\/h2>\n\t\t\t\t\t\t\t<img loading=\"lazy\" decoding=\"async\" src=\"https:\/\/pdedoncker.be\/wp-content\/uploads\/2025\/01\/litteken.svg\" alt=\"cicatrice\" width=\"61\" height=\"61\" \/>\n\t\t\t\t\t\t<h4>Cicatrice<\/h4>\t\t\t\t\t\n\t\t\tBij een borstlift met vergroting is een litteken onvermijdelijk. Dankzij de &#8216;verticaal litteken techniek&#8217; blijft het beperkt tot een verticale lijn vanaf de tepel naar beneden. Het vroegere ankervormige litteken is hiermee grotendeels ge\u00eblimineerd. Het litteken rond de tepel vervaagt na verloop van tijd en blijft discreet.\t\t\n\t\t\t\t\t\t\t<img loading=\"lazy\" decoding=\"async\" src=\"https:\/\/pdedoncker.be\/wp-content\/uploads\/2025\/01\/risicos.svg\" alt=\"risques\" width=\"61\" height=\"61\" \/>\n\t\t\t\t\t\t<h4>Risques \u00e9ventuels<\/h4>\t\t\t\t\t\n\t\t\tOver het algemeen is deze ingreep zeer veilig. Toch zijn er enkele risico&#8217;s, zoals:<ul data-spread=\"false\"><li><p>R\u00e9duction de la cicatrisation des plaies chez les fumeurs ou les personnes en surpoids.<\/p><\/li><li>Changement temporaire ou permanent de la sensibilit\u00e9 des mamelons.<\/li><li>Faible risque de formation d'une capsule autour de l'implant.<\/li><\/ul>\t\t\n\t\t\t\t\t\t\t<img loading=\"lazy\" decoding=\"async\" src=\"https:\/\/pdedoncker.be\/wp-content\/uploads\/2025\/01\/herstel.svg\" alt=\"r\u00e9cup\u00e9ration\" width=\"61\" height=\"61\" \/>\n\t\t\t\t\t\t<h4>R\u00e9cup\u00e9ration<\/h4>\t\t\t\t\t\n\t\t\t<ul data-spread=\"false\" data-pm-slice=\"3 3 []\"><li><p>Vous quitterez la clinique le jour m\u00eame de l'intervention.<\/p><\/li><li>Apr\u00e8s deux jours, le drain de la plaie est retir\u00e9 et un nouveau pansement vous est remis.<\/li><li>La douleur est minime et peut \u00eatre soulag\u00e9e par des analg\u00e9siques classiques tels que l'ibuprof\u00e8ne ou le parac\u00e9tamol.<\/li><li>Vous pouvez reprendre le travail apr\u00e8s une semaine, mais les efforts physiques doivent \u00eatre \u00e9vit\u00e9s pendant les six premi\u00e8res semaines.<\/li><li>Il est conseill\u00e9 de porter un soutien-gorge de sport \u00e9lastique pendant six semaines, apr\u00e8s quoi il est possible de porter de la lingerie normale.<\/li><li>Des averses sont possibles apr\u00e8s 2 semaines.<\/li><li>Toutes les sutures sont spontan\u00e9ment dig\u00e9rables sous la peau. La peau est coll\u00e9e.<\/li><\/ul>\t\t\n\t\t\t\t\t\t\t<img loading=\"lazy\" decoding=\"async\" src=\"https:\/\/pdedoncker.be\/wp-content\/uploads\/2025\/01\/voorzorgen.svg\" alt=\"pr\u00e9cautions\" width=\"61\" height=\"61\" \/>\n\t\t\t\t\t\t<h4>Pr\u00e9cautions<\/h4>\t\t\t\t\t\n\t\t\t<p>Al onze ingrepen worden uitgevoerd in de meest veilige omstandigheden door een ervaren plastisch chirurg.Een borstlift met vergroting gebeurt meestal onder algehele narcose of onder lokale verdoving met slaaproes, afhankelijk van de aanbeveling van uw chirurg en uw persoonlijke situatie. Tijdens de ingreep wordt u continu gemonitord door de chirurg, met automatische bloeddrukmetingen, constante zuurstofsaturatiecontrole en een elektrocardiogram.\u00a0De combinatie van een borstlift en een protheseplaatsing vraagt om extra precisie. Daarom zorgen we met lokale verdoving niet alleen voor een pijnvrije ingreep, maar ook voor minimaal bloedverlies en minder blauwe plekken.Belangrijk : gebruikt u bloedverdunnende medicijnen? Meld dit vooraf aan uw plastisch chirurg. Dit geldt voor medicatie zoals acetylsalicylzuur (aspirine, asaflow, cardioaspirine), dipyridamole, plavix, sintrom, marevan en andere bloedverdunners.Na de ingreep ontvangt u het persoonlijke mobiele nummer van uw plastisch chirurg. Zo heeft u altijd een direct aanspreekpunt en kunt u met een gerust gevoel herstellen.<\/p>\t\t\n\t\t\t\t\t\t\t<img loading=\"lazy\" decoding=\"async\" src=\"https:\/\/pdedoncker.be\/wp-content\/uploads\/2025\/01\/verdoving.svg\" alt=\"anesth\u00e9sie\" width=\"61\" height=\"61\" \/>\n\t\t\t\t\t\t<h4>Anesth\u00e9sie<\/h4>\t\t\t\t\t\n\t\t\tDe ingreep wordt uitgevoerd onder lichte algemen verdoving in combinatie met plaatselijke verdoving. Hierdoor voelt u zich na de operatie fit en is een overnachting in de kliniek niet nodig.\t\t\n\t\t\t\tKan ik nog borstvoeding geven?\n\t\t\t\t<p>Non, car le mamelon est plac\u00e9 plus haut et les canaux lactif\u00e8res sont coup\u00e9s \u00e0 cet effet.<\/p>\n\t\t\t\tQu'en est-il de la sensibilit\u00e9 des mamelons ?\n\t\t\t\t<p>Apr\u00e8s un lifting mammaire, la sensibilit\u00e9 du mamelon peut diminuer. Cela s'explique par le fait qu'un lifting mammaire implique g\u00e9n\u00e9ralement de d\u00e9placer le mamelon et de couper de fins nerfs au cours de l'op\u00e9ration.<\/p>\n\t\t\t\tDois-je venir pour des contr\u00f4les annuels ?\n\t\t\t\t<p>Non, ce n'est pas n\u00e9cessaire.<\/p>\n\t\t\t\tComment la recherche sur le cancer du sein doit-elle \u00eatre men\u00e9e ?\n\t\t\t\t<p>Comme auparavant. Pas de mammographie car elle \u00e9crase trop le sein, mais une \u00e9chographie. Mentionnez votre intervention au radiologue (\u00e0 cause du tissu cicatriciel interne).<\/p>\n\t\t\tCe que disent nos patients satisfaits\n\t\t\t\t\t\t<h4>Nos patients satisfaits nous font part de leur exp\u00e9rience.<\/h4>\t\t\t\t\t\n\t\t\t<p>Lisez leurs t\u00e9moignages et d\u00e9couvrez comment notre approche personnalis\u00e9e de la chirurgie plastique les a aid\u00e9s \u00e0 renforcer leur confiance en eux, \u00e0 atteindre leurs objectifs et \u00e0 se sentir mieux dans leur peau. Votre histoire pourrait \u00eatre la prochaine !<\/p>\t\t\n\t\t\t\t<img decoding=\"async\" src=\"https:\/\/pdedoncker.be\/wp-content\/uploads\/2025\/01\/reviews-blok-img.jpg\" alt=\"critiques-block-img\" itemprop=\"image\" height=\"419\" width=\"735\" title=\"critiques-block-img\" onerror=\"this.style.display='none'\" loading=\"lazy\" \/>\n\t\t<!-- Slides wrapper -->\n\t\t\t\t\t\t<cite>\n\t\t\t\t\t\t\tricia matha-amana\n\t<i>\u2605<\/i><i>\u2605<\/i><i>\u2605<\/i><i>\u2605<\/i><i>\u2605<\/i>\t\t\t\t\t\t\t\n\t\t\t\t\t\t<\/cite>\n\t\t\t\t\t\t\t<p>Le Dr Patrick Dedoncker est l'un des meilleurs Dr. C'est un docteur qui a du c\u0153ur quand vous parlez \u00e0 cet homme la premi\u00e8re chose que vous remarquez c'est qu'avec lui ce n'est pas une question d'argent mais de s\u00e9curit\u00e9 pour le patient. Je me suis sentie en s\u00e9curit\u00e9 avec lui le jour de l'op\u00e9ration. Le 26 novembre 2024, j'ai \u00e9t\u00e9 op\u00e9r\u00e9e par le Dr Patrick Dedoncker. Cela fait maintenant un mois exactement que j'ai \u00e9t\u00e9 op\u00e9r\u00e9e par le Dr Patrick Dedoncker. Je suis tr\u00e8s satisfaite de ma poitrine gr\u00e2ce \u00e0 l'op\u00e9ration, je me sens belle et heureuse.<\/p>\t\t\t\t\t\t\n\t\t\t\t\t\t<cite>\n\t\t\t\t\t\t\tmorgane van den eynden\n\t<i>\u2605<\/i><i>\u2605<\/i><i>\u2605<\/i><i>\u2605<\/i><i>\u2605<\/i>\t\t\t\t\t\t\t\n\t\t\t\t\t\t<\/cite>\n\t\t\t\t\t\t\t<p>Si vous \u00eates \u00e0 la recherche d'un chirurgien plasticien fiable et professionnel, vous \u00eates au bon endroit. Il vous met \u00e0 l'aise et tr\u00e8s \u00e0 l'aise ! Il vous \u00e9coute tr\u00e8s bien en tant que patient. Si quelque chose n'allait pas, vous pouviez le joindre tr\u00e8s rapidement et efficacement ! Absolument recommand\u00e9, merci beaucoup pour les soins fantastiques et le r\u00e9sultat extr\u00eamement beau !<\/p>\t\t\t\t\t\t\n\t\t\t\t\t\t<cite>\n\t\t\t\t\t\t\t Valery Perez Rodriguez\n\t<i>\u2605<\/i><i>\u2605<\/i><i>\u2605<\/i><i>\u2605<\/i><i>\u2605<\/i>\t\t\t\t\t\t\t\n\t\t\t\t\t\t<\/cite>\n\t\t\t\t\t\t\t<p>Chirurgien tr\u00e8s s\u00e9rieux et honn\u00eate. J'ai \u00e9t\u00e9 op\u00e9r\u00e9e des seins par le Dr Dedoncker et je suis tr\u00e8s satisfaite du r\u00e9sultat naturel. Le docteur a pris le temps de v\u00e9rifier le type d'implant et la taille qui conviendrait le mieux \u00e0 ma silhouette.Contrairement \u00e0 ce que dit l'un des avis, il y a bien un suivi post-op\u00e9ratoire avec une visite de contr\u00f4le pour v\u00e9rifier la cicatrisation et\/ou retirer les points de suture si n\u00e9cessaire. Je recommande !<\/p>\t\t\t\t\t\t\n\t\t\t\t\t\t<cite>\n\t\t\t\t\t\t\tsigrid bosmans\n\t<i>\u2605<\/i><i>\u2605<\/i><i>\u2605<\/i><i>\u2605<\/i><i>\u2605<\/i>\t\t\t\t\t\t\t\n\t\t\t\t\t\t<\/cite>\n\t\t\t\t\t\t\t<p>Tr\u00e8s satisfaite du Docteur Dedoncker ! J'ai subi une op\u00e9ration des paupi\u00e8res il y a quelques ann\u00e9es et j'en suis toujours tr\u00e8s satisfaite ! Il y a un mois, il m'a fait une liposuccion et cela avance \u00e9galement dans la bonne direction. Le docteur a pris son temps et m'a donn\u00e9 suffisamment d'informations. Ce qui est tr\u00e8s rassurant, c'est qu'il donne son num\u00e9ro de portable en cas de questions\/avis et ainsi de suite. Exp\u00e9rience tr\u00e8s positive.<\/p>\t\t\t\t\t\t\n\t\t\t\t\t\t<cite>\n\t\t\t\t\t\t\tV\u00e9ronique Baeten\n\t<i>\u2605<\/i><i>\u2605<\/i><i>\u2605<\/i><i>\u2605<\/i><i>\u2605<\/i>\t\t\t\t\t\t\t\n\t\t\t\t\t\t<\/cite>\n\t\t\t\t\t\t\t<p>Pour moi, le Docteur Dedoncker est un chirurgien tr\u00e8s comp\u00e9tent et direct. J'ai d\u00e9j\u00e0 fait appel \u00e0 lui deux fois et je suis extr\u00eamement satisfaite du r\u00e9sultat, de son approche et de sa flexibilit\u00e9. Ce qui me g\u00eanait dans le pass\u00e9, il l'a r\u00e9solu \u00e0 merveille... Merci beaucoup !<\/p>\t\t\t\t\t\t\n\t\t\t\t\t\t<cite>\n\t\t\t\t\t\t\tMaria Rahman\n\t<i>\u2605<\/i><i>\u2605<\/i><i>\u2605<\/i><i>\u2605<\/i><i>\u2605<\/i>\t\t\t\t\t\t\t\n\t\t\t\t\t\t<\/cite>\n\t\t\t\t\t\t\t<p>Meilleure exp\u00e9rience. Je suis all\u00e9e pour une augmentation mammaire, une correction de l'ar\u00e9ole et un lifting. Parfaitement r\u00e9alis\u00e9. Toujours disponible, bonne consultation, m\u00eame le week-end. Le r\u00e9sultat est excellent et je peux toujours le joindre pour toute r\u00e9clamation. Je ferai certainement d'autres op\u00e9rations ici. L'hygi\u00e8ne \u00e9tait \u00e9galement excellente. Les soins postop\u00e9ratoires \u00e9taient \u00e9galement bien organis\u00e9s. Hautement recommand\u00e9.\u00a0<\/p>\t\t\t\t\t\t\n\t\t\t\t\t\t<cite>\n\t\t\t\t\t\t\tMonique Lissens\n\t<i>\u2605<\/i><i>\u2605<\/i><i>\u2605<\/i><i>\u2605<\/i><i>\u2605<\/i>\t\t\t\t\t\t\t\n\t\t\t\t\t\t<\/cite>\n\t\t\t\t\t\t\t<p>Le 5 novembre 2024, j'ai contact\u00e9 le Dr Dedoncker pour un probl\u00e8me de rides du visage. Il a examin\u00e9 avec moi ce qu'il fallait faire. Il m'a propos\u00e9 de corriger \u00e9galement mes paupi\u00e8res. J'ai suivi son conseil. Il m'a donc fait un mini lift et une plastie v\u00e9sicale. Nous sommes 3 mois plus tard. Je suis ravie du r\u00e9sultat. C'est exactement ce que je voulais : des traits du visage qui restent naturels et une nette am\u00e9lioration du regard ! Merci docteur. Je vous recommande \u00e0 tous ceux qui me demandent o\u00f9 je suis all\u00e9e pour obtenir un si bon r\u00e9sultat.<\/p>\t\t\t\t\t\t\n\t\t\t\t<!-- Pagination, if required -->\n\t\t\t\t<img decoding=\"async\" src=\"https:\/\/pdedoncker.be\/wp-content\/uploads\/2025\/01\/consult-verloop-img.jpg\" alt=\"consultation-course-img\" itemprop=\"image\" height=\"584\" width=\"878\" title=\"consultation-course-img\" onerror=\"this.style.display='none'\" loading=\"lazy\" \/>\n\t\t\tVotre chemin vers l'assurance\n\t\t\t\t\t\t<h4>Comment se d\u00e9roule un rendez-vous dans notre clinique<\/h4>\t\t\t\t\t\n\t\t\t<p>Dans notre clinique, nous adoptons une approche personnelle et experte pour renforcer votre confiance en vous et obtenir les meilleurs r\u00e9sultats.<\/p>\t\t\n    <img decoding=\"async\" src=\"https:\/\/pdedoncker.be\/wp-content\/uploads\/2025\/01\/miniprofielfoto.png\" alt=\"Dr. Patrick Dedoncker\"\/>\n      <h1>Dr. Patrick Dedoncker<\/h1>\n      <p>Chirurgien plasticien certifi\u00e9<\/p>\n\t\t\t01. \n\t\t\t\t\t\t<h4>Prendre rendez-vous<\/h4>\t\t\t\t\t\n\t\t\t<p>Il vous suffit de prendre rendez-vous en ligne ou par t\u00e9l\u00e9phone. Choisissez l'heure qui vous convient et faites-nous part \u00e0 l'avance de vos souhaits ou questions sp\u00e9cifiques.<\/p>\t\t\n\t\t\t02. \n\t\t\t\t\t\t<h4>Consultation<\/h4>\t\t\t\t\t\n\t\t\t<p>Lors de la consultation, le Dr Patrick Dedoncker discute de vos souhaits et de vos attentes. Nous proc\u00e9dons \u00e0 une analyse compl\u00e8te afin d'\u00e9tablir un plan de traitement personnalis\u00e9.<\/p>\t\t\n\t\t\t03. \n\t\t\t\t\t\t<h4>Apprendre \u00e0 conna\u00eetre<\/h4>\t\t\t\t\t\n\t\t\t<p>Rencontrez notre chirurgien plasticien certifi\u00e9, qui examinera votre plan de traitement en d\u00e9tail avec vous. Ensemble, nous d\u00e9terminerons la meilleure approche pour obtenir le r\u00e9sultat souhait\u00e9.<\/p>\t\t\n\t\t\t04. \n\t\t\t\t\t\t<h4>Traitement et soins<\/h4>\t\t\t\t\t\n\t\t\t<p>Faites l'exp\u00e9rience de soins et de conseils professionnels, adapt\u00e9s \u00e0 vos besoins. Nous veillons \u00e0 ce que vous vous sentiez \u00e0 l'aise et bien soutenu pendant et apr\u00e8s le traitement.<\/p>\t\t\n\t\t\t<a href=\"\/fr\/rendez-vous-en-ligne\/\" target=\"_self\">\n\t\t\t\t\t\t\tPrendre un rendez-vous en ligne\n\t\t\t\t\t<\/a>\n\t\t\t<a href=\"\/fr\/contact\/\" target=\"_self\">\n\t\t\t\t\t\t\tContactez nous\n\t\t\t\t\t<\/a>\n<h2>\n\t\t\tContactez nous\t<\/h2>\n\t<p>Vous avez des questions ou souhaitez prendre rendez-vous ? Remplissez le formulaire de contact et nous vous contacterons dans les 24 heures pour vous aider davantage !<\/p>\n\t\t\t\t\t\t<h4>Se sentir plus confiant que jamais !<\/h4>\t\t\t\t\t\n\t\t\t<p>Pr\u00eat \u00e0 franchir le pas vers une plus grande confiance en soi ? Prenez d\u00e8s \u00e0 pr\u00e9sent rendez-vous avec nous pour une op\u00e9ration de chirurgie plastique et b\u00e9n\u00e9ficiez de soins personnalis\u00e9s adapt\u00e9s \u00e0 vos besoins.<\/p>","protected":false},"excerpt":{"rendered":"<p>Home \/ Behandelingen \/ Borstlift met borstvergroting De behandeling Zwangerschap, gewichtsverlies, borstvoeding en ouderdom kunnen de stevigheid van de borsten aantasten, waardoor ze verslappen en gaan hangen. Wanneer de borsten niet alleen verslapt zijn, maar ook volume hebben verloren, biedt een borstlift in combinatie met een borstvergroting de oplossing. Tijdens deze ingreep worden de borsten&hellip;<\/p>","protected":false},"author":1,"featured_media":0,"parent":155,"menu_order":0,"comment_status":"closed","ping_status":"closed","template":"","meta":{"_acf_changed":false,"inline_featured_image":false,"footnotes":""},"class_list":["post-491","page","type-page","status-publish","hentry"],"acf":[],"_links":{"self":[{"href":"https:\/\/pdedoncker.be\/fr\/wp-json\/wp\/v2\/pages\/491","targetHints":{"allow":["GET"]}}],"collection":[{"href":"https:\/\/pdedoncker.be\/fr\/wp-json\/wp\/v2\/pages"}],"about":[{"href":"https:\/\/pdedoncker.be\/fr\/wp-json\/wp\/v2\/types\/page"}],"author":[{"embeddable":true,"href":"https:\/\/pdedoncker.be\/fr\/wp-json\/wp\/v2\/users\/1"}],"replies":[{"embeddable":true,"href":"https:\/\/pdedoncker.be\/fr\/wp-json\/wp\/v2\/comments?post=491"}],"version-history":[{"count":11,"href":"https:\/\/pdedoncker.be\/fr\/wp-json\/wp\/v2\/pages\/491\/revisions"}],"predecessor-version":[{"id":1590,"href":"https:\/\/pdedoncker.be\/fr\/wp-json\/wp\/v2\/pages\/491\/revisions\/1590"}],"up":[{"embeddable":true,"href":"https:\/\/pdedoncker.be\/fr\/wp-json\/wp\/v2\/pages\/155"}],"wp:attachment":[{"href":"https:\/\/pdedoncker.be\/fr\/wp-json\/wp\/v2\/media?parent=491"}],"curies":[{"name":"wp","href":"https:\/\/api.w.org\/{rel}","templated":true}]}}