{"id":443,"date":"2025-01-25T05:38:41","date_gmt":"2025-01-25T05:38:41","guid":{"rendered":"https:\/\/pdedoncker.be\/?page_id=443"},"modified":"2025-12-06T05:34:57","modified_gmt":"2025-12-06T04:34:57","slug":"epluchage","status":"publish","type":"page","link":"https:\/\/pdedoncker.be\/fr\/behandelingen\/peeling\/","title":{"rendered":"Peeling"},"content":{"rendered":"<h4><\/h4>\t\t\t\t\t\n\t<nav aria-label=\"chapelure\"><p><a href=\"https:\/\/pdedoncker.be\/fr\/\">Accueil<\/a> \/ <a href=\"https:\/\/pdedoncker.be\/fr\/traitements\/\">Traitements<\/a> \/ Peeling<\/p><\/nav>\n\t\t\t\t<a href=\"https:\/\/g.page\/r\/CZbKKXUNDXtNEAE\/review\"  target=\"_blank\" rel=\"noopener\"  itemprop=\"url\">\n\t\t\t\t<img decoding=\"async\" src=\"https:\/\/pdedoncker.be\/wp-content\/uploads\/2025\/12\/google-emblem-patrick.svg\" alt=\"google-emblem-patrick\" itemprop=\"image\" height=\"56\" width=\"450\" title=\"google-emblem-patrick\" onerror=\"this.style.display='none'\" loading=\"lazy\" \/>\n\t\t\t\t<\/a>\n<h2>\n\t\t\tPeel &#8211; Peeling &#8211; Laserpeel\t<\/h2>\n\t<p>L'aspect structurel du vieillissement du visage a \u00e9t\u00e9 trait\u00e9 depuis longtemps avec le (mini) lifting. La texture de la peau a re\u00e7u moins d'attention dans ce processus. Or, la d\u00e9t\u00e9rioration de la qualit\u00e9 de la peau n'est pas corrig\u00e9e par un lifting. Pourtant, cette qualit\u00e9 m\u00e9diocre est une pr\u00e9occupation pour de nombreuses personnes. C'est pourquoi de nombreux traitements sont apparus r\u00e9cemment sur le march\u00e9 pour am\u00e9liorer la peau.<\/p>\n<p>Veel van die behandelingen pretenderen de huid te verjongen. Het merendeel wordt uitgevoerd door niet-medici zoals schoonheidsspecialistes. Deze behandelingen missen echter &#8216;evidence based medicine&#8217;. Dit betekent dat het resultaat niet vaststaat. Dat het nut niet bewezen is. Ondanks mooie voor en na marketingfoto&#8217;s, die het tegendeel zouden bewijzen. Marketing speelt handig in op het placebo-effect : de behandeling prikkelt wat en veroorzaakt enige roodheid, en de gebruiker denkt hierdoor dat ze werkt.<\/p>\n<p>Le peeling chimique et le peeling au laser, en revanche, rel\u00e8vent bien de la m\u00e9decine factuelle, c'est-\u00e0-dire de la m\u00e9decine fond\u00e9e sur des faits av\u00e9r\u00e9s. C'est indispensable pour obtenir des r\u00e9sultats.<\/p>\n\t\t\t\t<img decoding=\"async\" src=\"https:\/\/pdedoncker.be\/wp-content\/uploads\/2025\/01\/PEELING.jpg\" alt=\"PEELING\" itemprop=\"image\" height=\"619\" width=\"822\" title=\"PEELING\" onerror=\"this.style.display='none'\" loading=\"lazy\" \/>\n\t\t\t<a href=\"\/fr\/liste-de-prix\/\" target=\"_self\">\n\t\t\t\t\t\t\tVoir les tarifs\n\t\t\t\t\t<\/a>\n\t\t\t<a href=\"\/fr\/contact\/\" target=\"_self\">\n\t\t\t\t\t\t\tPrendre contact\n\t\t\t\t\t<\/a>\n<h2>\n\t\t\tQuand une pelure est-elle int\u00e9ressante ?\t<\/h2>\n\t<p>Le comblement des rides avec du filler (acide hyaluronique) ou de la graisse (lipofilling) n'est souvent pas possible, par exemple parce qu'elles sont trop nombreuses. Les rides fines s'entrecroisent, en forme de carte. Elles se situent g\u00e9n\u00e9ralement au niveau de la bouche et des yeux, mais aussi ailleurs. Le peeling chimique et le laser apportent alors la solution. Les deux donnent le m\u00eame r\u00e9sultat. Nous pr\u00e9f\u00e9rons le peeling chimique au laser en raison de son prix moins \u00e9lev\u00e9 et de sa gu\u00e9rison plus rapide. Il est important de pouvoir reprendre rapidement le travail et les activit\u00e9s sociales. En outre, outre l'am\u00e9lioration, le peeling permet \u00e9galement de resserrer la peau. Un effet lifting, en d'autres termes. Et la couleur de la peau s'am\u00e9liore. Id\u00e9al contre la pigmentation.<\/p>\n<h2>\n\t\t\tComment fonctionne un peeling ?\t<\/h2>\n\t<p>Le peeling, comme le laser, br\u00fble la couche sup\u00e9rieure de la peau qui contient les rides. Le laser fonctionne \u00e0 la chaleur, le peeling \u00e0 l'aide d'un acide hautement dilu\u00e9. Cette br\u00fblure, contr\u00f4l\u00e9e m\u00e9dicalement, ne provoque pas de cicatrice. Le peeling, ou plut\u00f4t sa gu\u00e9rison, d\u00e9clenche un processus biochimique complexe, dont la division cellulaire. C'est la naissance de nouvelles cellules cutan\u00e9es et la production de collag\u00e8ne et d'\u00e9lastine. Il s'agit d'\u00e9l\u00e9ments de construction importants. Les cellules de la peau sont les briques, le collag\u00e8ne et l'\u00e9lastine la ma\u00e7onnerie. Le vieillissement se caract\u00e9rise par l'effritement de cette ma\u00e7onnerie, ce qui entra\u00eene l'affaissement et la formation de rides. L'exfoliation y rem\u00e9die et rajeunit en r\u00e9duisant les rides et en am\u00e9liorant la texture de la peau.<\/p>\n\t\t\tavant et apr\u00e8s\n\t\t\t\t\t\t<h4>Voir les r\u00e9sultats avant et apr\u00e8s ce traitement<\/h4>\t\t\t\t\t\n\t\t\t\t\t\t\t\t\t\t\t\t<img decoding=\"async\" src=\"https:\/\/pdedoncker.be\/wp-content\/uploads\/2025\/02\/peeling-ba-5.jpg\" alt=\"\"\/>\n\t\t\t\t\t\t\t\t\t\t\t\t<img decoding=\"async\" src=\"https:\/\/pdedoncker.be\/wp-content\/uploads\/2025\/02\/peeling-ba-4.jpg\" alt=\"\"\/>\n\t\t\t\t\t\t\t\t\t\t\t\t<img decoding=\"async\" src=\"https:\/\/pdedoncker.be\/wp-content\/uploads\/2025\/02\/peeling-ba-7.jpg\" alt=\"\"\/>\n\t\t\t\t\t\t\t\t\t\t\t\t<img decoding=\"async\" src=\"https:\/\/pdedoncker.be\/wp-content\/uploads\/2025\/02\/peeling-ba-6.jpg\" alt=\"\"\/>\n\t\t\t\t\t\t\t\t\t\t\t\t<img decoding=\"async\" src=\"https:\/\/pdedoncker.be\/wp-content\/uploads\/2025\/02\/peeling-ba-1.jpg\" alt=\"\"\/>\n\t\t\t\t\t\t\t\t\t\t\t\t<img decoding=\"async\" src=\"https:\/\/pdedoncker.be\/wp-content\/uploads\/2025\/02\/peeling-ba-8.jpg\" alt=\"\"\/>\n\t\t\t\t\t\t\t\t\t\t\t\t<img decoding=\"async\" src=\"https:\/\/pdedoncker.be\/wp-content\/uploads\/2025\/02\/peeling-ba-2.jpg\" alt=\"\"\/>\n\t\t\t\t\t\t\t\t\t\t\t\t<img decoding=\"async\" src=\"https:\/\/pdedoncker.be\/wp-content\/uploads\/2025\/02\/peeling-ba-3.jpg\" alt=\"\"\/>\n\t\t\t<a href=\"\/fr\/contact\/\" target=\"_self\">\n\t\t\t\t\t\t\tContactez nous\n\t\t\t\t\t<\/a>\n<h2>\n\t\t\tTout sur les peelings\t<\/h2>\n\t\t\t\tQuels sont les types de peeling ?\n\t\t\t\t<p>Le peeling aux acides de fruits n'est pas vraiment un peeling m\u00e9dical. Les esth\u00e9ticiennes s'en chargent. Il provoque un fort picotement et quelques rougeurs, ce qui donne l'impression d'un certain effet. Mais le peeling est trop l\u00e9ger pour \u00eatre efficace. Il est cependant inoffensif.<\/p>\n<p>De trichloorazijnzuur peel of TCA peel is een klassieker, voorbehouden aan plastisch chirurgen en dermatologen. Hij is het equivalent van zo&#8217;n 10 tot 15 fruitzuurpeels tesamen. Verschillende concentraties zijn mogelijk naargelang de noodzaak, het gebied en het type rimpel. Pionier hiervan is de Amerikaan <a href=\"https:\/\/www.obagi.com\/patients\/why-obagi\/before-after\" target=\"_blank\" rel=\"noopener\">Dr. Zein Obagi<\/a>, un dermatologue.<\/p>\n<p>Le peeling \u00e0 l'huile de croton est nouveau en Europe. L'autorit\u00e9 dans ce domaine est le Dr. Richard Bensimon, chirurgien plasticien am\u00e9ricain. C'est peut-\u00eatre le peeling le plus performant. Diff\u00e9rentes concentrations sont possibles en fonction de la zone et du type de rides.<\/p>\n\t\t\t\tQuelles sont les zones qui p\u00e8lent ?\n\t\t\t\t<p>Les yeux et les pattes d'oie produisent les r\u00e9sultats les plus spectaculaires. Environ un tiers de nos corrections chirurgicales des yeux sont combin\u00e9es \u00e0 un peeling en raison de son rendement \u00e9lev\u00e9. Si un peeling est \u00e9galement n\u00e9cessaire ailleurs, par exemple autour de la bouche, il est pr\u00e9f\u00e9rable d'effectuer un peeling sur l'ensemble du visage. Pour un r\u00e9sultat uniforme.<\/p>\n\t\t\t\tPr\u00e9paration de la peau avant le peeling.\n\t\t\t\t<p>Environ huit semaines \u00e0 l'avance, une cure de vitamine A acide, de tr\u00e9tino\u00efne et d'hydroquinone est entam\u00e9e. Il s'agit de cr\u00e8mes d\u00e9livr\u00e9es sur ordonnance.  Une fois le peeling termin\u00e9, les pommades continuent d'\u00eatre utilis\u00e9es, mais \u00e0 une concentration r\u00e9duite. Cela ralentit consid\u00e9rablement le processus de vieillissement. La vitamine A devient alors une cr\u00e8me de jour pour le rajeunissement. Elle perp\u00e9tue l'am\u00e9lioration de la texture et de la couleur de la peau.<\/p>\n\t\t\t\tUn peeling est-il douloureux ?\n\t\t\t\t<p>Seul le peeling lui-m\u00eame est douloureux et s'accompagne d'une sensation de br\u00fblure. Une demi-heure plus tard, l'inconfort a disparu.<br \/>Le peeling se fait donc sous la prise de parac\u00e9tamol allant jusqu'\u00e0 une anesth\u00e9sie locale, \u00e9ventuellement avec s\u00e9dation.<\/p>\n\t\t\t\tQuand puis-je reprendre le travail apr\u00e8s un peeling ?\n\t\t\t\t<p>Un peeling entra\u00eene un gonflement et une desquamation. En cons\u00e9quence, comptez environ 10 jours d'incapacit\u00e9 de travail. Des rougeurs peuvent persister. Le maquillage est autoris\u00e9 pendant ce temps.<\/p>\n\t\t\t\tPourquoi ne puis-je pas me faire peler pendant l'\u00e9t\u00e9 ?\n\t\t\t\t<p>Pour \u00e9viter les taches brunes et l'hyperpigmentation. Les rayons UV du soleil excitent les cellules pigmentaires. Si l'exposition au soleil a lieu en m\u00eame temps qu'un peeling ou un traitement au laser, ces cellules sont d\u00e9r\u00e9gl\u00e9es, ce qui entra\u00eene l'apparition de taches brunes.<\/p>\n\t\t\t\tPourquoi ne devrais-je pas m'exposer au soleil apr\u00e8s un peeling ?\n\t\t\t\t<p>Les solariums vieillissent la peau. Il y a donc un effet inverse entre les lits de bronzage et le peeling. De plus, les lits de bronzage entra\u00eenent l'apparition de taches brunes et d'hyperpigmentation, car les cellules pigmentaires sont d\u00e9r\u00e9gl\u00e9es.<\/p>\n\t\t\t\tPourquoi le peeling est-il beaucoup moins co\u00fbteux que le laser ?\n\t\t\t\t<p>Les deux m\u00e9thodes sont aussi efficaces l'une que l'autre contre les rides. Toutefois, le peeling gu\u00e9rit un peu plus vite que le laser. N\u00e9anmoins, le peeling est moins cher que le laser. Cela s'explique par le prix d'achat \u00e9lev\u00e9 de l'appareil laser. En outre, la technologie de cet appareil est rapidement d\u00e9pass\u00e9e, de sorte qu'il se d\u00e9pr\u00e9cie en tr\u00e8s peu de temps.<\/p>\n\t\t\t\tUn peeling peut-il \u00e9galement \u00eatre utilis\u00e9 contre les cicatrices ?\n\t\t\t\t<p>Oui, le peeling TCA en particulier est utilis\u00e9 contre les cicatrices d'acn\u00e9. Cependant, les r\u00e9sultats sont moins spectaculaires que contre les rides.<\/p>\n\t\t\t\tCombien de temps les rougeurs durent-elles ?\n\t\t\t\t<p>Les rougeurs sont un ph\u00e9nom\u00e8ne positif. Elles indiquent une augmentation du flux sanguin vers la peau, la production de collag\u00e8ne et d'\u00e9lastine et le renouvellement des cellules. Les rougeurs persistent pendant plusieurs semaines, puis disparaissent progressivement. Le maquillage est autoris\u00e9 dans l'intervalle.<br \/>Avec le laser CO2, la rougeur dure encore plus longtemps qu'avec un peeling.<br \/>Avec un laser Erbium, la rougeur est alors un peu moins importante, mais ce laser est aussi beaucoup moins efficace.<br \/>Nous pr\u00e9f\u00e9rons le peeling au laser. Le peeling est tr\u00e8s efficace et les rougeurs disparaissent plus rapidement.<\/p>\n\t\t\t<a href=\"\/fr\/contact\/\" target=\"_self\">\n\t\t\t\t\t\t\tContactez nous\n\t\t\t\t\t<\/a>\n\t\t\t\t<a href=\"https:\/\/realplasticsurgeon.eu\/search\/doctor\/ZGV4\" target=\"_blank\" rel=\"noopener\" itemprop=\"url\">\n\t\t\t\t<img decoding=\"async\" src=\"https:\/\/pdedoncker.be\/wp-content\/uploads\/2025\/12\/certifcation-rps-whitebg.png\" alt=\"certification-rps-whitebg\" itemprop=\"image\" height=\"219\" width=\"141\" title=\"certification-rps-whitebg\" onerror=\"this.style.display='none'\" loading=\"lazy\" \/>\n\t\t\t\t<\/a>\n            <img decoding=\"async\" src=\"https:\/\/pdedoncker.be\/wp-content\/uploads\/2025\/01\/maki_doctor.svg\" alt=\"Ic\u00f4ne du client satisfait\"\/>\n            Dr Patrick Dedoncker<br \/>Erkend plastisch chirurg\n\t\t\tProfessionele zorg door een erkend specialist\n\t\t\t\t\t\t<h2>Pourquoi choisir Dr. Patrick Dedoncker ?<\/h2>\t\t\t\t\t\n\t<ul>\n\t\t\t<li>\n\t\t\t\t<b>Certifi\u00e9<\/b> et <b>enregistr\u00e9<\/b> au minist\u00e8re belge de la sant\u00e9\n\t\t\t<\/li>\n\t\t\t<li>\n\t\t\t\tMembre de la<b> Soci\u00e9t\u00e9 royale belge de chirurgie plastique (RBSPS)<\/b>\n\t\t\t<\/li>\n\t\t\t<li>\n\t\t\t\t<b>Une solide r\u00e9putation<\/b> en chirurgie mammaire, faciale et corporelle\n\t\t\t<\/li>\n\t\t\t<li>\n\t\t\t\tInterventions uniquement en <b>environnements hospitaliers agr\u00e9\u00e9s <\/b>avec un soutien m\u00e9dical complet\n\t\t\t<\/li>\n\t\t\t<li>\n\t\t\t\tCollaboration multidisciplinaire en milieu hospitalier pour <b>une s\u00e9curit\u00e9 optimale pour les patients<\/b>\n\t\t\t<\/li>\n\t\t\t<li>\n\t\t\t\tSeulement <b>les techniques chirurgicales modernes<\/b> conform\u00e9ment \u00e0 la norme internationale\n\t\t\t<\/li>\n\t\t<\/ul>\n\t\t\tCe que disent nos patients satisfaits\n\t\t\t\t\t\t<h4>Nos patients satisfaits nous font part de leur exp\u00e9rience.<\/h4>\t\t\t\t\t\n\t\t\t<p>Lisez leurs t\u00e9moignages et d\u00e9couvrez comment notre approche personnalis\u00e9e de la chirurgie plastique les a aid\u00e9s \u00e0 renforcer leur confiance en eux, \u00e0 atteindre leurs objectifs et \u00e0 se sentir mieux dans leur peau. Votre histoire pourrait \u00eatre la prochaine !<\/p>\t\t\n\t\t\t\t<img decoding=\"async\" src=\"https:\/\/pdedoncker.be\/wp-content\/uploads\/2025\/01\/reviews-blok-img.jpg\" alt=\"critiques-block-img\" itemprop=\"image\" height=\"419\" width=\"735\" title=\"critiques-block-img\" onerror=\"this.style.display='none'\" loading=\"lazy\" \/>\n\t\t<!-- Slides wrapper -->\n\t\t\t\t\t\t<cite>\n\t\t\t\t\t\t\tricia matha-amana\n\t<i>\u2605<\/i><i>\u2605<\/i><i>\u2605<\/i><i>\u2605<\/i><i>\u2605<\/i>\t\t\t\t\t\t\t\n\t\t\t\t\t\t<\/cite>\n\t\t\t\t\t\t\t<p>Le Dr Patrick Dedoncker est l'un des meilleurs Dr. C'est un docteur qui a du c\u0153ur quand vous parlez \u00e0 cet homme la premi\u00e8re chose que vous remarquez c'est qu'avec lui ce n'est pas une question d'argent mais de s\u00e9curit\u00e9 pour le patient. Je me suis sentie en s\u00e9curit\u00e9 avec lui le jour de l'op\u00e9ration. Le 26 novembre 2024, j'ai \u00e9t\u00e9 op\u00e9r\u00e9e par le Dr Patrick Dedoncker. Cela fait maintenant un mois exactement que j'ai \u00e9t\u00e9 op\u00e9r\u00e9e par le Dr Patrick Dedoncker. Je suis tr\u00e8s satisfaite de ma poitrine gr\u00e2ce \u00e0 l'op\u00e9ration, je me sens belle et heureuse.<\/p>\t\t\t\t\t\t\n\t\t\t\t\t\t<cite>\n\t\t\t\t\t\t\tmorgane van den eynden\n\t<i>\u2605<\/i><i>\u2605<\/i><i>\u2605<\/i><i>\u2605<\/i><i>\u2605<\/i>\t\t\t\t\t\t\t\n\t\t\t\t\t\t<\/cite>\n\t\t\t\t\t\t\t<p>Si vous \u00eates \u00e0 la recherche d'un chirurgien plasticien fiable et professionnel, vous \u00eates au bon endroit. Il vous met \u00e0 l'aise et tr\u00e8s \u00e0 l'aise ! Il vous \u00e9coute tr\u00e8s bien en tant que patient. Si quelque chose n'allait pas, vous pouviez le joindre tr\u00e8s rapidement et efficacement ! Absolument recommand\u00e9, merci beaucoup pour les soins fantastiques et le r\u00e9sultat extr\u00eamement beau !<\/p>\t\t\t\t\t\t\n\t\t\t\t\t\t<cite>\n\t\t\t\t\t\t\t Valery Perez Rodriguez\n\t<i>\u2605<\/i><i>\u2605<\/i><i>\u2605<\/i><i>\u2605<\/i><i>\u2605<\/i>\t\t\t\t\t\t\t\n\t\t\t\t\t\t<\/cite>\n\t\t\t\t\t\t\t<p>Chirurgien tr\u00e8s s\u00e9rieux et honn\u00eate. J'ai \u00e9t\u00e9 op\u00e9r\u00e9e des seins par le Dr Dedoncker et je suis tr\u00e8s satisfaite du r\u00e9sultat naturel. Le docteur a pris le temps de v\u00e9rifier le type d'implant et la taille qui conviendrait le mieux \u00e0 ma silhouette.Contrairement \u00e0 ce que dit l'un des avis, il y a bien un suivi post-op\u00e9ratoire avec une visite de contr\u00f4le pour v\u00e9rifier la cicatrisation et\/ou retirer les points de suture si n\u00e9cessaire. Je recommande !<\/p>\t\t\t\t\t\t\n\t\t\t\t\t\t<cite>\n\t\t\t\t\t\t\tsigrid bosmans\n\t<i>\u2605<\/i><i>\u2605<\/i><i>\u2605<\/i><i>\u2605<\/i><i>\u2605<\/i>\t\t\t\t\t\t\t\n\t\t\t\t\t\t<\/cite>\n\t\t\t\t\t\t\t<p>Tr\u00e8s satisfaite du Docteur Dedoncker ! J'ai subi une op\u00e9ration des paupi\u00e8res il y a quelques ann\u00e9es et j'en suis toujours tr\u00e8s satisfaite ! Il y a un mois, il m'a fait une liposuccion et cela avance \u00e9galement dans la bonne direction. Le docteur a pris son temps et m'a donn\u00e9 suffisamment d'informations. Ce qui est tr\u00e8s rassurant, c'est qu'il donne son num\u00e9ro de portable en cas de questions\/avis et ainsi de suite. Exp\u00e9rience tr\u00e8s positive.<\/p>\t\t\t\t\t\t\n\t\t\t\t\t\t<cite>\n\t\t\t\t\t\t\tV\u00e9ronique Baeten\n\t<i>\u2605<\/i><i>\u2605<\/i><i>\u2605<\/i><i>\u2605<\/i><i>\u2605<\/i>\t\t\t\t\t\t\t\n\t\t\t\t\t\t<\/cite>\n\t\t\t\t\t\t\t<p>Pour moi, le Docteur Dedoncker est un chirurgien tr\u00e8s comp\u00e9tent et direct. J'ai d\u00e9j\u00e0 fait appel \u00e0 lui deux fois et je suis extr\u00eamement satisfaite du r\u00e9sultat, de son approche et de sa flexibilit\u00e9. Ce qui me g\u00eanait dans le pass\u00e9, il l'a r\u00e9solu \u00e0 merveille... Merci beaucoup !<\/p>\t\t\t\t\t\t\n\t\t\t\t\t\t<cite>\n\t\t\t\t\t\t\tMaria Rahman\n\t<i>\u2605<\/i><i>\u2605<\/i><i>\u2605<\/i><i>\u2605<\/i><i>\u2605<\/i>\t\t\t\t\t\t\t\n\t\t\t\t\t\t<\/cite>\n\t\t\t\t\t\t\t<p>Meilleure exp\u00e9rience. Je suis all\u00e9e pour une augmentation mammaire, une correction de l'ar\u00e9ole et un lifting. Parfaitement r\u00e9alis\u00e9. Toujours disponible, bonne consultation, m\u00eame le week-end. Le r\u00e9sultat est excellent et je peux toujours le joindre pour toute r\u00e9clamation. Je ferai certainement d'autres op\u00e9rations ici. L'hygi\u00e8ne \u00e9tait \u00e9galement excellente. Les soins postop\u00e9ratoires \u00e9taient \u00e9galement bien organis\u00e9s. Hautement recommand\u00e9.\u00a0<\/p>\t\t\t\t\t\t\n\t\t\t\t\t\t<cite>\n\t\t\t\t\t\t\tMonique Lissens\n\t<i>\u2605<\/i><i>\u2605<\/i><i>\u2605<\/i><i>\u2605<\/i><i>\u2605<\/i>\t\t\t\t\t\t\t\n\t\t\t\t\t\t<\/cite>\n\t\t\t\t\t\t\t<p>Le 5 novembre 2024, j'ai contact\u00e9 le Dr Dedoncker pour un probl\u00e8me de rides du visage. Il a examin\u00e9 avec moi ce qu'il fallait faire. Il m'a propos\u00e9 de corriger \u00e9galement mes paupi\u00e8res. J'ai suivi son conseil. Il m'a donc fait un mini lift et une plastie v\u00e9sicale. Nous sommes 3 mois plus tard. Je suis ravie du r\u00e9sultat. C'est exactement ce que je voulais : des traits du visage qui restent naturels et une nette am\u00e9lioration du regard ! Merci docteur. Je vous recommande \u00e0 tous ceux qui me demandent o\u00f9 je suis all\u00e9e pour obtenir un si bon r\u00e9sultat.<\/p>\t\t\t\t\t\t\n\t\t\t\t<!-- Pagination, if required -->\n\t\t\t\t<img decoding=\"async\" src=\"https:\/\/pdedoncker.be\/wp-content\/uploads\/2025\/01\/consult-verloop-img.jpg\" alt=\"consultation-course-img\" itemprop=\"image\" height=\"584\" width=\"878\" title=\"consultation-course-img\" onerror=\"this.style.display='none'\" loading=\"lazy\" \/>\n\t\t\tVotre chemin vers l'assurance\n\t\t\t\t\t\t<h4>Comment se d\u00e9roule un rendez-vous dans notre clinique<\/h4>\t\t\t\t\t\n\t\t\t<p>Dans notre clinique, nous adoptons une approche personnelle et experte pour renforcer votre confiance en vous et obtenir les meilleurs r\u00e9sultats.<\/p>\t\t\n    <img decoding=\"async\" src=\"https:\/\/pdedoncker.be\/wp-content\/uploads\/2025\/01\/miniprofielfoto.png\" alt=\"Dr. Patrick Dedoncker\"\/>\n      <h1>Dr. Patrick Dedoncker<\/h1>\n      <p>Chirurgien plasticien certifi\u00e9<\/p>\n\t\t\t01. \n\t\t\t\t\t\t<h4>Prendre rendez-vous<\/h4>\t\t\t\t\t\n\t\t\t<p>Il vous suffit de prendre rendez-vous en ligne ou par t\u00e9l\u00e9phone. Choisissez l'heure qui vous convient et faites-nous part \u00e0 l'avance de vos souhaits ou questions sp\u00e9cifiques.<\/p>\t\t\n\t\t\t02. \n\t\t\t\t\t\t<h4>Consultation<\/h4>\t\t\t\t\t\n\t\t\t<p>Lors de la consultation, le Dr Patrick Dedoncker discute de vos souhaits et de vos attentes. Nous proc\u00e9dons \u00e0 une analyse compl\u00e8te afin d'\u00e9tablir un plan de traitement personnalis\u00e9.<\/p>\t\t\n\t\t\t03. \n\t\t\t\t\t\t<h4>Apprendre \u00e0 conna\u00eetre<\/h4>\t\t\t\t\t\n\t\t\t<p>Rencontrez notre chirurgien plasticien certifi\u00e9, qui examinera votre plan de traitement en d\u00e9tail avec vous. Ensemble, nous d\u00e9terminerons la meilleure approche pour obtenir le r\u00e9sultat souhait\u00e9.<\/p>\t\t\n\t\t\t04. \n\t\t\t\t\t\t<h4>Traitement et soins<\/h4>\t\t\t\t\t\n\t\t\t<p>Faites l'exp\u00e9rience de soins et de conseils professionnels, adapt\u00e9s \u00e0 vos besoins. Nous veillons \u00e0 ce que vous vous sentiez \u00e0 l'aise et bien soutenu pendant et apr\u00e8s le traitement.<\/p>\t\t\n\t\t\t<a href=\"\/fr\/rendez-vous-en-ligne\/\" target=\"_self\">\n\t\t\t\t\t\t\tPrendre un rendez-vous en ligne\n\t\t\t\t\t<\/a>\n\t\t\t<a href=\"\/fr\/contact\/\" target=\"_self\">\n\t\t\t\t\t\t\tContactez nous\n\t\t\t\t\t<\/a>\n<h2>\n\t\t\tContactez nous\t<\/h2>\n\t<p>Vous avez des questions ou souhaitez prendre rendez-vous ? Remplissez le formulaire de contact et nous vous contacterons dans les 24 heures pour vous aider davantage !<\/p>\n\t\t\t\t\t\t<h4>Se sentir plus confiant que jamais !<\/h4>\t\t\t\t\t\n\t\t\t<p>Pr\u00eat \u00e0 franchir le pas vers une plus grande confiance en soi ? Prenez d\u00e8s \u00e0 pr\u00e9sent rendez-vous avec nous pour une op\u00e9ration de chirurgie plastique et b\u00e9n\u00e9ficiez de soins personnalis\u00e9s adapt\u00e9s \u00e0 vos besoins.<\/p>","protected":false},"excerpt":{"rendered":"<p>Home \/ Behandelingen \/ Peeling Peel &#8211; Peeling &#8211; Laserpeel Het structurele aspect van de veroudering van het gelaat pakt men sinds jaar en dag aan met de (mini)facelift. De textuur van de huid kreeg hierbij minder de aandacht. De achteruitgang van de kwaliteit van de huid wordt echer niet verholpen met een lift. Toch&hellip;<\/p>","protected":false},"author":1,"featured_media":0,"parent":155,"menu_order":0,"comment_status":"closed","ping_status":"closed","template":"","meta":{"_acf_changed":false,"inline_featured_image":false,"footnotes":""},"class_list":["post-443","page","type-page","status-publish","hentry"],"acf":[],"_links":{"self":[{"href":"https:\/\/pdedoncker.be\/fr\/wp-json\/wp\/v2\/pages\/443","targetHints":{"allow":["GET"]}}],"collection":[{"href":"https:\/\/pdedoncker.be\/fr\/wp-json\/wp\/v2\/pages"}],"about":[{"href":"https:\/\/pdedoncker.be\/fr\/wp-json\/wp\/v2\/types\/page"}],"author":[{"embeddable":true,"href":"https:\/\/pdedoncker.be\/fr\/wp-json\/wp\/v2\/users\/1"}],"replies":[{"embeddable":true,"href":"https:\/\/pdedoncker.be\/fr\/wp-json\/wp\/v2\/comments?post=443"}],"version-history":[{"count":10,"href":"https:\/\/pdedoncker.be\/fr\/wp-json\/wp\/v2\/pages\/443\/revisions"}],"predecessor-version":[{"id":1585,"href":"https:\/\/pdedoncker.be\/fr\/wp-json\/wp\/v2\/pages\/443\/revisions\/1585"}],"up":[{"embeddable":true,"href":"https:\/\/pdedoncker.be\/fr\/wp-json\/wp\/v2\/pages\/155"}],"wp:attachment":[{"href":"https:\/\/pdedoncker.be\/fr\/wp-json\/wp\/v2\/media?parent=443"}],"curies":[{"name":"wp","href":"https:\/\/api.w.org\/{rel}","templated":true}]}}