{"id":402,"date":"2025-01-24T06:15:57","date_gmt":"2025-01-24T06:15:57","guid":{"rendered":"https:\/\/pdedoncker.be\/?page_id=402"},"modified":"2025-12-06T05:34:26","modified_gmt":"2025-12-06T04:34:26","slug":"lipofilling","status":"publish","type":"page","link":"https:\/\/pdedoncker.be\/fr\/behandelingen\/lipofilling\/","title":{"rendered":"Lipofilling"},"content":{"rendered":"<h4><\/h4>\t\t\t\t\t\n\t<nav aria-label=\"chapelure\"><p><a href=\"https:\/\/pdedoncker.be\/fr\/\">Accueil<\/a> \/ <a href=\"https:\/\/pdedoncker.be\/fr\/traitements\/\">Traitements<\/a> \/ Lipofilling<\/p><\/nav>\n\t\t\t\t<a href=\"https:\/\/g.page\/r\/CZbKKXUNDXtNEAE\/review\"  target=\"_blank\" rel=\"noopener\"  itemprop=\"url\">\n\t\t\t\t<img decoding=\"async\" src=\"https:\/\/pdedoncker.be\/wp-content\/uploads\/2025\/12\/google-emblem-patrick.svg\" alt=\"google-emblem-patrick\" itemprop=\"image\" height=\"56\" width=\"450\" title=\"google-emblem-patrick\" onerror=\"this.style.display='none'\" loading=\"lazy\" \/>\n\t\t\t\t<\/a>\n<h2>\n\t\t\tLipofilling (visage) \/ Nano Fat Grafting (greffe de graisse) \/ Augmentation mammaire\t<\/h2>\n\t<p>La disparition de la graisse sous-cutan\u00e9e du visage entra\u00eene le vieillissement. Il en va de m\u00eame pour la gravit\u00e9 et la diminution de l'\u00e9lasticit\u00e9 de la peau.  \u00c0 partir de 40 ans, les tissus graisseux du visage se ratatinent peu \u00e0 peu, et ce ph\u00e9nom\u00e8ne est particuli\u00e8rement visible autour des yeux et de la bouche. Notre compr\u00e9hension du vieillissement et des moyens d'y rem\u00e9dier a \u00e9volu\u00e9.<\/p>\n<p>De minifacelift spant slappe huid terug op. Denk maar aan hals, mondhoeken, en &#8216;hamsterwangen&#8217;.\u00a0 Een lift rijkt echter geen oplossing aan voor het verdwijnen van dit onderhuids vetweefsel en doet evenmin iets aan de kwaliteit van de huid.<\/p>\n<p>Le lipofilling replace le tissu adipeux perdu dans le visage. Le lipofilling fait la diff\u00e9rence entre un lifting r\u00e9ussi et un lifting particuli\u00e8rement r\u00e9ussi. Le tissu adipeux est retir\u00e9 aux endroits o\u00f9 l'on souhaite s'en d\u00e9barrasser, par exemple au niveau de l'abdomen, des hanches ou de l'int\u00e9rieur du genou. Cette op\u00e9ration est r\u00e9alis\u00e9e par liposculpture. La graisse aspir\u00e9e est filtr\u00e9e jusqu'\u00e0 ce qu'il ne reste plus que des cellules graisseuses. Ces cellules sont ensuite r\u00e9inject\u00e9es. Cette op\u00e9ration est r\u00e9alis\u00e9e \u00e0 l'aide d'une fine aiguille. Par exemple, autour des yeux et des joues.  Ou dans les rides. Pour rajeunir.  Ou dans les seins.  Pour augmenter la taille.  Une alternative aux proth\u00e8ses mammaires. La technique s'affine sans cesse pour qu'un plus grand nombre de cellules survivent au transfert de graisse.  C'est ainsi qu'est n\u00e9 un nouveau rem\u00e8de anti-\u00e2ge efficace, \u00e0 c\u00f4t\u00e9 du mini lifting et du peeling au laser.<\/p>\n\t\t\t\t<img decoding=\"async\" src=\"https:\/\/pdedoncker.be\/wp-content\/uploads\/2025\/02\/lipofilling.jpg\" alt=\"lipofilling\" itemprop=\"image\" height=\"597\" width=\"894\" title=\"lipofilling\" onerror=\"this.style.display='none'\" loading=\"lazy\" \/>\n\t\t\t<a href=\"\/fr\/liste-de-prix\/\" target=\"_self\">\n\t\t\t\t\t\t\tVoir les tarifs\n\t\t\t\t\t<\/a>\n\t\t\t<a href=\"\/fr\/contact\/\" target=\"_self\">\n\t\t\t\t\t\t\tPrendre contact\n\t\t\t\t\t<\/a>\n\t\t\tavant et apr\u00e8s\n\t\t\t\t\t\t<h4>Voir les r\u00e9sultats avant et apr\u00e8s ce traitement<\/h4>\t\t\t\t\t\n\t\t\t\t\t\t\t\t\t\t\t\t<img decoding=\"async\" src=\"https:\/\/pdedoncker.be\/wp-content\/uploads\/2025\/02\/1261410.jpg\" alt=\"\"\/>\n\t\t\t\t\t\t\t\t\t\t\t\t<img decoding=\"async\" src=\"https:\/\/pdedoncker.be\/wp-content\/uploads\/2025\/02\/1261422.jpg\" alt=\"\"\/>\n\t\t\t\t\t\t\t\t\t\t\t\t<img decoding=\"async\" src=\"https:\/\/pdedoncker.be\/wp-content\/uploads\/2025\/02\/1261412.jpg\" alt=\"\"\/>\n\t\t\t\t\t\t\t\t\t\t\t\t<img decoding=\"async\" src=\"https:\/\/pdedoncker.be\/wp-content\/uploads\/2025\/02\/1261423.jpg\" alt=\"\"\/>\n\t\t\t<a href=\"\/fr\/contact\/\" target=\"_self\">\n\t\t\t\t\t\t\tContactez nous\n\t\t\t\t\t<\/a>\n<h2>\n\t\t\tTout sur les traitements de Lipofilling\t<\/h2>\n\t\t\t\tQuelles sont les zones qui seront film\u00e9es ?\n\t\t\t\t<p>Les paupi\u00e8res sup\u00e9rieures et inf\u00e9rieures chez les personnes ayant les yeux enfonc\u00e9s. La ligne de la m\u00e2choire, la l\u00e8vre sup\u00e9rieure et inf\u00e9rieure, la bajoue de marionnette et le sillon nasog\u00e9nien sont \u00e9galement des zones gratifiantes. Mais les seins et les fesses sont \u00e9galement possibles, pour les agrandir comme alternative aux implants en silicone.<\/p>\n\t\t\t\tLe lipofilling se fait-il sous anesth\u00e9sie ?\n\t\t\t\t<p>Le lipofilling se fait sous anesth\u00e9sie locale avec ou sans s\u00e9dation, en clinique de jour, sous surveillance par \u00e9lectrocardiogramme. Ainsi, vous n'avez pas les inconv\u00e9nients d\u00e9sagr\u00e9ables de l'anesth\u00e9sie g\u00e9n\u00e9rale. On rentre chez soi le jour m\u00eame. Une nuit\u00e9e n'est pas n\u00e9cessaire. Les douleurs \u00e9ventuelles sont contr\u00f4l\u00e9es par du parac\u00e9tamol et de l'ibuprof\u00e8ne. Les premiers jours, le visage est gonfl\u00e9, avec quelques taches jaune-bleu. C'est normal. Nous pratiquons des lipofillings importants, notamment au niveau des seins et des fesses, sous anesth\u00e9sie g\u00e9n\u00e9rale.<\/p>\n\t\t\t\tDans quel d\u00e9lai puis-je \u00eatre trait\u00e9 ?\n\t\t\t\t<p>Les soins de sant\u00e9 belges ne comportent pas de listes d'attente. En fonction de la proc\u00e9dure, vous pouvez \u00eatre trait\u00e9 dans un d\u00e9lai d'un mois.<\/p>\n\t\t\t\tCombien de temps la graisse reste-t-elle dans le lipofilling ?\n\t\t\t\t<p>Het gebruikte vet is lichaamseigen. Het wordt dus niet afgestoten. Sommige vetcellen overleven de behandeling echter niet. Daarom wordt steeds een lichte overcorrectie uitgevoerd. Na 2 jaar kan een kleine &#8217;touch-up&#8217; of bijvulling aangewezen zijn.<\/p>\n\t\t\t\tLes soins apr\u00e8s mon intervention esth\u00e9tique, par qui sont-ils effectu\u00e9s ?\n\t\t\t\t<p>Le suivi apr\u00e8s votre intervention esth\u00e9tique est effectu\u00e9 uniquement par votre chirurgien plasticien. Il n'est pas n\u00e9cessaire de faire venir une infirmi\u00e8re \u00e0 votre domicile.  En effet, les soins apr\u00e8s une intervention esth\u00e9tique n\u00e9cessitent une approche sp\u00e9cialis\u00e9e et sp\u00e9cifique. Imm\u00e9diatement apr\u00e8s l'intervention, le Dr. Patrick Dedoncker vous donne rendez-vous pour un premier contr\u00f4le. Votre chirurgien plasticien peut ainsi \u00e9valuer lui-m\u00eame les premiers r\u00e9sultats de votre intervention. Le premier contr\u00f4le a g\u00e9n\u00e9ralement lieu dans un d\u00e9lai d'une semaine. Entre-temps, vous ne devez rien faire. Le pansement reste bien ferm\u00e9 jusqu'\u00e0 ce qu'il soit cicatris\u00e9.<\/p>\n\t\t\t\tAlors, \u00e0 quoi peut d\u00e9j\u00e0 servir la graisse nanom\u00e9trique ?\n\t\t\t\t<p>Nanofat est utilis\u00e9 pour les rides tr\u00e8s fines autour de la bouche. Rides trop fines pour \u00eatre combl\u00e9es par un produit de comblement.<br \/>Ou pour les paupi\u00e8res sombres. Un probl\u00e8me qui se pose parfois chez les jeunes. Les rides du d\u00e9collet\u00e9 et du cou sont \u00e9galement des applications possibles. La nanofat redonne de la vitalit\u00e9 \u00e0 la peau.  Les blessures de longue dur\u00e9e gu\u00e9rissent gr\u00e2ce \u00e0 la nanofat. Il existe donc d'autres applications que le rajeunissement.<\/p>\n\t\t\t\tQuelle quantit\u00e9 peut-on injecter avec le lipofilling ?\n\t\t\t\t<p>Dans le visage, il s'agit de 20 \u00e0 50 cc. C'est donc beaucoup plus que pour les produits de comblement pharmaceutiques, tels que l'acide hyaluronique et le collag\u00e8ne, o\u00f9 l'on compte 1 cc. Les cellules graisseuses sont endog\u00e8nes et inoffensives. La source est pratiquement in\u00e9puisable chez la plupart des gens. \u00c0 partir d'un litre de graisse, on obtient 100 cm3 de cellules utilisables.<\/p>\n\t\t\t\tLe lipofilling peut-il \u00eatre r\u00e9alis\u00e9 ailleurs que sur le visage ?\n\t\t\t\t<p>Jazeker. Lipofilling kan een alternatief zijn voor een borstvergroting met implantaten. Of voor bilvergroting. Het gaat hier om honderden cc&#8217;s die ge\u00efnjecteerd worden. Dit vergt een uitgebreide liposculptuur van het lichaam om al dat vet te oogsten. Voorwaarde is dat er voldoende vet aanwezig is. Magere mensen komen niet in aanmerking.<\/p>\n\t\t\t\tLe lipofilling peut-il \u00e9galement \u00eatre pratiqu\u00e9 en \u00e9t\u00e9 ?\n\t\t\t\t<p>Oui. L'exposition au soleil ne pose pas de probl\u00e8me, du moins une fois que les ecchymoses ont disparu.<\/p>\n\t\t\t\tRemplir les rides avec sa propre graisse\n\t\t\t\t<p>\u00c0 l'aide d'une fine aiguille, des cellules graisseuses sont inject\u00e9es dans les grandes rides profondes du front, des joues, de la bouche et du cou. Il s'agit du lipofilling des rides. La graisse est utilis\u00e9e comme produit de comblement et constitue une alternative peu co\u00fbteuse \u00e0 l'acide hyaluronique.<\/p>\n\t\t\t\tGreffe de nanograisse \/ cellules souches \/ greffe de nanograisse\n\t\t\t\t<p>Les cellules souches sont des cellules m\u00e8res dont sont issues toutes les autres cellules, y compris les cellules de la peau. Il y a quelques ann\u00e9es, on a d\u00e9couvert que les cellules souches rajeunissaient la peau : les rides fines se lissent, la qualit\u00e9 de la peau s'am\u00e9liore et les pigmentations sombres disparaissent.  La mani\u00e8re dont cela fonctionne exactement reste encore un myst\u00e8re pour l'instant. Il s'agit de facteurs de croissance. La graisse est riche en cellules souches et en facteurs de croissance. Elle est \u00e9galement facile \u00e0 obtenir car elle est abondante sous la peau sous forme de coussinet.  La graisse peut \u00eatre facilement pr\u00e9lev\u00e9e par aspiration ou par liposculture. Les cellules souches et les facteurs de croissance sont ensuite filtr\u00e9s pour \u00eatre r\u00e9inject\u00e9s au cours de la m\u00eame proc\u00e9dure. G\u00e9n\u00e9ralement dans le visage et le cou.  Pour am\u00e9liorer la qualit\u00e9 de la peau.<\/p>\n\t\t\t\tQuand verrai-je les r\u00e9sultats de nanofat ?\n\t\t\t\t<p>Alors qu'un minilift et un peeling au laser donnent un r\u00e9sultat quasi imm\u00e9diat, l'action des cellules souches et des facteurs de croissance est plus lente.  Le r\u00e9sultat n'est visible qu'au bout de 6 mois.  Entre-temps, les rougeurs, qui sont un effet secondaire du traitement, sont camoufl\u00e9es avec du maquillage.<\/p>\n\t\t\t\t<a href=\"https:\/\/realplasticsurgeon.eu\/search\/doctor\/ZGV4\" target=\"_blank\" rel=\"noopener\" itemprop=\"url\">\n\t\t\t\t<img decoding=\"async\" src=\"https:\/\/pdedoncker.be\/wp-content\/uploads\/2025\/12\/certifcation-rps-whitebg.png\" alt=\"certification-rps-whitebg\" itemprop=\"image\" height=\"219\" width=\"141\" title=\"certification-rps-whitebg\" onerror=\"this.style.display='none'\" loading=\"lazy\" \/>\n\t\t\t\t<\/a>\n            <img decoding=\"async\" src=\"https:\/\/pdedoncker.be\/wp-content\/uploads\/2025\/01\/maki_doctor.svg\" alt=\"Ic\u00f4ne du client satisfait\"\/>\n            Dr Patrick Dedoncker<br \/>Erkend plastisch chirurg\n\t\t\tProfessionele zorg door een erkend specialist\n\t\t\t\t\t\t<h2>Pourquoi choisir Dr. Patrick Dedoncker ?<\/h2>\t\t\t\t\t\n\t<ul>\n\t\t\t<li>\n\t\t\t\t<b>Certifi\u00e9<\/b> et <b>enregistr\u00e9<\/b> au minist\u00e8re belge de la sant\u00e9\n\t\t\t<\/li>\n\t\t\t<li>\n\t\t\t\tMembre de la<b> Soci\u00e9t\u00e9 royale belge de chirurgie plastique (RBSPS)<\/b>\n\t\t\t<\/li>\n\t\t\t<li>\n\t\t\t\t<b>Une solide r\u00e9putation<\/b> en chirurgie mammaire, faciale et corporelle\n\t\t\t<\/li>\n\t\t\t<li>\n\t\t\t\tInterventions uniquement en <b>environnements hospitaliers agr\u00e9\u00e9s <\/b>avec un soutien m\u00e9dical complet\n\t\t\t<\/li>\n\t\t\t<li>\n\t\t\t\tCollaboration multidisciplinaire en milieu hospitalier pour <b>une s\u00e9curit\u00e9 optimale pour les patients<\/b>\n\t\t\t<\/li>\n\t\t\t<li>\n\t\t\t\tSeulement <b>les techniques chirurgicales modernes<\/b> conform\u00e9ment \u00e0 la norme internationale\n\t\t\t<\/li>\n\t\t<\/ul>\n\t\t\tCe que disent nos patients satisfaits\n\t\t\t\t\t\t<h4>Nos patients satisfaits nous font part de leur exp\u00e9rience.<\/h4>\t\t\t\t\t\n\t\t\t<p>Lisez leurs t\u00e9moignages et d\u00e9couvrez comment notre approche personnalis\u00e9e de la chirurgie plastique les a aid\u00e9s \u00e0 renforcer leur confiance en eux, \u00e0 atteindre leurs objectifs et \u00e0 se sentir mieux dans leur peau. Votre histoire pourrait \u00eatre la prochaine !<\/p>\t\t\n\t\t\t\t<img decoding=\"async\" src=\"https:\/\/pdedoncker.be\/wp-content\/uploads\/2025\/01\/reviews-blok-img.jpg\" alt=\"critiques-block-img\" itemprop=\"image\" height=\"419\" width=\"735\" title=\"critiques-block-img\" onerror=\"this.style.display='none'\" loading=\"lazy\" \/>\n\t\t<!-- Slides wrapper -->\n\t\t\t\t\t\t<cite>\n\t\t\t\t\t\t\tricia matha-amana\n\t<i>\u2605<\/i><i>\u2605<\/i><i>\u2605<\/i><i>\u2605<\/i><i>\u2605<\/i>\t\t\t\t\t\t\t\n\t\t\t\t\t\t<\/cite>\n\t\t\t\t\t\t\t<p>Le Dr Patrick Dedoncker est l'un des meilleurs Dr. C'est un docteur qui a du c\u0153ur quand vous parlez \u00e0 cet homme la premi\u00e8re chose que vous remarquez c'est qu'avec lui ce n'est pas une question d'argent mais de s\u00e9curit\u00e9 pour le patient. Je me suis sentie en s\u00e9curit\u00e9 avec lui le jour de l'op\u00e9ration. Le 26 novembre 2024, j'ai \u00e9t\u00e9 op\u00e9r\u00e9e par le Dr Patrick Dedoncker. Cela fait maintenant un mois exactement que j'ai \u00e9t\u00e9 op\u00e9r\u00e9e par le Dr Patrick Dedoncker. Je suis tr\u00e8s satisfaite de ma poitrine gr\u00e2ce \u00e0 l'op\u00e9ration, je me sens belle et heureuse.<\/p>\t\t\t\t\t\t\n\t\t\t\t\t\t<cite>\n\t\t\t\t\t\t\tmorgane van den eynden\n\t<i>\u2605<\/i><i>\u2605<\/i><i>\u2605<\/i><i>\u2605<\/i><i>\u2605<\/i>\t\t\t\t\t\t\t\n\t\t\t\t\t\t<\/cite>\n\t\t\t\t\t\t\t<p>Si vous \u00eates \u00e0 la recherche d'un chirurgien plasticien fiable et professionnel, vous \u00eates au bon endroit. Il vous met \u00e0 l'aise et tr\u00e8s \u00e0 l'aise ! Il vous \u00e9coute tr\u00e8s bien en tant que patient. Si quelque chose n'allait pas, vous pouviez le joindre tr\u00e8s rapidement et efficacement ! Absolument recommand\u00e9, merci beaucoup pour les soins fantastiques et le r\u00e9sultat extr\u00eamement beau !<\/p>\t\t\t\t\t\t\n\t\t\t\t\t\t<cite>\n\t\t\t\t\t\t\t Valery Perez Rodriguez\n\t<i>\u2605<\/i><i>\u2605<\/i><i>\u2605<\/i><i>\u2605<\/i><i>\u2605<\/i>\t\t\t\t\t\t\t\n\t\t\t\t\t\t<\/cite>\n\t\t\t\t\t\t\t<p>Chirurgien tr\u00e8s s\u00e9rieux et honn\u00eate. J'ai \u00e9t\u00e9 op\u00e9r\u00e9e des seins par le Dr Dedoncker et je suis tr\u00e8s satisfaite du r\u00e9sultat naturel. Le docteur a pris le temps de v\u00e9rifier le type d'implant et la taille qui conviendrait le mieux \u00e0 ma silhouette.Contrairement \u00e0 ce que dit l'un des avis, il y a bien un suivi post-op\u00e9ratoire avec une visite de contr\u00f4le pour v\u00e9rifier la cicatrisation et\/ou retirer les points de suture si n\u00e9cessaire. Je recommande !<\/p>\t\t\t\t\t\t\n\t\t\t\t\t\t<cite>\n\t\t\t\t\t\t\tsigrid bosmans\n\t<i>\u2605<\/i><i>\u2605<\/i><i>\u2605<\/i><i>\u2605<\/i><i>\u2605<\/i>\t\t\t\t\t\t\t\n\t\t\t\t\t\t<\/cite>\n\t\t\t\t\t\t\t<p>Tr\u00e8s satisfaite du Docteur Dedoncker ! J'ai subi une op\u00e9ration des paupi\u00e8res il y a quelques ann\u00e9es et j'en suis toujours tr\u00e8s satisfaite ! Il y a un mois, il m'a fait une liposuccion et cela avance \u00e9galement dans la bonne direction. Le docteur a pris son temps et m'a donn\u00e9 suffisamment d'informations. Ce qui est tr\u00e8s rassurant, c'est qu'il donne son num\u00e9ro de portable en cas de questions\/avis et ainsi de suite. Exp\u00e9rience tr\u00e8s positive.<\/p>\t\t\t\t\t\t\n\t\t\t\t\t\t<cite>\n\t\t\t\t\t\t\tV\u00e9ronique Baeten\n\t<i>\u2605<\/i><i>\u2605<\/i><i>\u2605<\/i><i>\u2605<\/i><i>\u2605<\/i>\t\t\t\t\t\t\t\n\t\t\t\t\t\t<\/cite>\n\t\t\t\t\t\t\t<p>Pour moi, le Docteur Dedoncker est un chirurgien tr\u00e8s comp\u00e9tent et direct. J'ai d\u00e9j\u00e0 fait appel \u00e0 lui deux fois et je suis extr\u00eamement satisfaite du r\u00e9sultat, de son approche et de sa flexibilit\u00e9. Ce qui me g\u00eanait dans le pass\u00e9, il l'a r\u00e9solu \u00e0 merveille... Merci beaucoup !<\/p>\t\t\t\t\t\t\n\t\t\t\t\t\t<cite>\n\t\t\t\t\t\t\tMaria Rahman\n\t<i>\u2605<\/i><i>\u2605<\/i><i>\u2605<\/i><i>\u2605<\/i><i>\u2605<\/i>\t\t\t\t\t\t\t\n\t\t\t\t\t\t<\/cite>\n\t\t\t\t\t\t\t<p>Meilleure exp\u00e9rience. Je suis all\u00e9e pour une augmentation mammaire, une correction de l'ar\u00e9ole et un lifting. Parfaitement r\u00e9alis\u00e9. Toujours disponible, bonne consultation, m\u00eame le week-end. Le r\u00e9sultat est excellent et je peux toujours le joindre pour toute r\u00e9clamation. Je ferai certainement d'autres op\u00e9rations ici. L'hygi\u00e8ne \u00e9tait \u00e9galement excellente. Les soins postop\u00e9ratoires \u00e9taient \u00e9galement bien organis\u00e9s. Hautement recommand\u00e9.\u00a0<\/p>\t\t\t\t\t\t\n\t\t\t\t\t\t<cite>\n\t\t\t\t\t\t\tMonique Lissens\n\t<i>\u2605<\/i><i>\u2605<\/i><i>\u2605<\/i><i>\u2605<\/i><i>\u2605<\/i>\t\t\t\t\t\t\t\n\t\t\t\t\t\t<\/cite>\n\t\t\t\t\t\t\t<p>Le 5 novembre 2024, j'ai contact\u00e9 le Dr Dedoncker pour un probl\u00e8me de rides du visage. Il a examin\u00e9 avec moi ce qu'il fallait faire. Il m'a propos\u00e9 de corriger \u00e9galement mes paupi\u00e8res. J'ai suivi son conseil. Il m'a donc fait un mini lift et une plastie v\u00e9sicale. Nous sommes 3 mois plus tard. Je suis ravie du r\u00e9sultat. C'est exactement ce que je voulais : des traits du visage qui restent naturels et une nette am\u00e9lioration du regard ! Merci docteur. Je vous recommande \u00e0 tous ceux qui me demandent o\u00f9 je suis all\u00e9e pour obtenir un si bon r\u00e9sultat.<\/p>\t\t\t\t\t\t\n\t\t\t\t<!-- Pagination, if required -->\n\t\t\t\t<img decoding=\"async\" src=\"https:\/\/pdedoncker.be\/wp-content\/uploads\/2025\/01\/consult-verloop-img.jpg\" alt=\"consultation-course-img\" itemprop=\"image\" height=\"584\" width=\"878\" title=\"consultation-course-img\" onerror=\"this.style.display='none'\" loading=\"lazy\" \/>\n\t\t\tVotre chemin vers l'assurance\n\t\t\t\t\t\t<h4>Comment se d\u00e9roule un rendez-vous dans notre clinique<\/h4>\t\t\t\t\t\n\t\t\t<p>Dans notre clinique, nous adoptons une approche personnelle et experte pour renforcer votre confiance en vous et obtenir les meilleurs r\u00e9sultats.<\/p>\t\t\n    <img decoding=\"async\" src=\"https:\/\/pdedoncker.be\/wp-content\/uploads\/2025\/01\/miniprofielfoto.png\" alt=\"Dr. Patrick Dedoncker\"\/>\n      <h1>Dr. Patrick Dedoncker<\/h1>\n      <p>Chirurgien plasticien certifi\u00e9<\/p>\n\t\t\t01. \n\t\t\t\t\t\t<h4>Prendre rendez-vous<\/h4>\t\t\t\t\t\n\t\t\t<p>Il vous suffit de prendre rendez-vous en ligne ou par t\u00e9l\u00e9phone. Choisissez l'heure qui vous convient et faites-nous part \u00e0 l'avance de vos souhaits ou questions sp\u00e9cifiques.<\/p>\t\t\n\t\t\t02. \n\t\t\t\t\t\t<h4>Consultation<\/h4>\t\t\t\t\t\n\t\t\t<p>Lors de la consultation, le Dr Patrick Dedoncker discute de vos souhaits et de vos attentes. Nous proc\u00e9dons \u00e0 une analyse compl\u00e8te afin d'\u00e9tablir un plan de traitement personnalis\u00e9.<\/p>\t\t\n\t\t\t03. \n\t\t\t\t\t\t<h4>Apprendre \u00e0 conna\u00eetre<\/h4>\t\t\t\t\t\n\t\t\t<p>Rencontrez notre chirurgien plasticien certifi\u00e9, qui examinera votre plan de traitement en d\u00e9tail avec vous. Ensemble, nous d\u00e9terminerons la meilleure approche pour obtenir le r\u00e9sultat souhait\u00e9.<\/p>\t\t\n\t\t\t04. \n\t\t\t\t\t\t<h4>Traitement et soins<\/h4>\t\t\t\t\t\n\t\t\t<p>Faites l'exp\u00e9rience de soins et de conseils professionnels, adapt\u00e9s \u00e0 vos besoins. Nous veillons \u00e0 ce que vous vous sentiez \u00e0 l'aise et bien soutenu pendant et apr\u00e8s le traitement.<\/p>\t\t\n\t\t\t<a href=\"\/fr\/rendez-vous-en-ligne\/\" target=\"_self\">\n\t\t\t\t\t\t\tPrendre un rendez-vous en ligne\n\t\t\t\t\t<\/a>\n\t\t\t<a href=\"\/fr\/contact\/\" target=\"_self\">\n\t\t\t\t\t\t\tContactez nous\n\t\t\t\t\t<\/a>\n<h2>\n\t\t\tContactez nous\t<\/h2>\n\t<p>Vous avez des questions ou souhaitez prendre rendez-vous ? Remplissez le formulaire de contact et nous vous contacterons dans les 24 heures pour vous aider davantage !<\/p>\n\t\t\t\t\t\t<h4>Se sentir plus confiant que jamais !<\/h4>\t\t\t\t\t\n\t\t\t<p>Pr\u00eat \u00e0 franchir le pas vers une plus grande confiance en soi ? Prenez d\u00e8s \u00e0 pr\u00e9sent rendez-vous avec nous pour une op\u00e9ration de chirurgie plastique et b\u00e9n\u00e9ficiez de soins personnalis\u00e9s adapt\u00e9s \u00e0 vos besoins.<\/p>","protected":false},"excerpt":{"rendered":"<p>Home \/ Behandelingen \/ Lipofilling Lipofilling (gelaat) \/ Nano Fat Grafting \/ Bil-Borstvergroting Het verdwijnen van onderhuids vet in het gezicht leidt tot veroudering. Even als zwaartekracht en een verminderde elasticiteit van de huid.\u00a0 Vanaf 40- jarige leeftijd verschrompelt het vetweefsel in het gelaat beetje bij beetje en dit fenomeen is vooral zichtbaar rond ogen&hellip;<\/p>","protected":false},"author":1,"featured_media":0,"parent":155,"menu_order":0,"comment_status":"closed","ping_status":"closed","template":"","meta":{"_acf_changed":false,"inline_featured_image":false,"footnotes":""},"class_list":["post-402","page","type-page","status-publish","hentry"],"acf":[],"_links":{"self":[{"href":"https:\/\/pdedoncker.be\/fr\/wp-json\/wp\/v2\/pages\/402","targetHints":{"allow":["GET"]}}],"collection":[{"href":"https:\/\/pdedoncker.be\/fr\/wp-json\/wp\/v2\/pages"}],"about":[{"href":"https:\/\/pdedoncker.be\/fr\/wp-json\/wp\/v2\/types\/page"}],"author":[{"embeddable":true,"href":"https:\/\/pdedoncker.be\/fr\/wp-json\/wp\/v2\/users\/1"}],"replies":[{"embeddable":true,"href":"https:\/\/pdedoncker.be\/fr\/wp-json\/wp\/v2\/comments?post=402"}],"version-history":[{"count":11,"href":"https:\/\/pdedoncker.be\/fr\/wp-json\/wp\/v2\/pages\/402\/revisions"}],"predecessor-version":[{"id":1583,"href":"https:\/\/pdedoncker.be\/fr\/wp-json\/wp\/v2\/pages\/402\/revisions\/1583"}],"up":[{"embeddable":true,"href":"https:\/\/pdedoncker.be\/fr\/wp-json\/wp\/v2\/pages\/155"}],"wp:attachment":[{"href":"https:\/\/pdedoncker.be\/fr\/wp-json\/wp\/v2\/media?parent=402"}],"curies":[{"name":"wp","href":"https:\/\/api.w.org\/{rel}","templated":true}]}}