{"id":371,"date":"2025-01-24T05:43:33","date_gmt":"2025-01-24T05:43:33","guid":{"rendered":"https:\/\/pdedoncker.be\/?page_id=371"},"modified":"2025-12-06T05:33:47","modified_gmt":"2025-12-06T04:33:47","slug":"lifting-du-cou","status":"publish","type":"page","link":"https:\/\/pdedoncker.be\/fr\/behandelingen\/halslift\/","title":{"rendered":"Lifting du cou"},"content":{"rendered":"<h4><\/h4>\t\t\t\t\t\n\t<nav aria-label=\"chapelure\"><p><a href=\"https:\/\/pdedoncker.be\/fr\/\">Accueil<\/a> \/ <a href=\"https:\/\/pdedoncker.be\/fr\/traitements\/\">Traitements<\/a> \/ Halslift<\/p><\/nav>\n\t\t\t\t<a href=\"https:\/\/g.page\/r\/CZbKKXUNDXtNEAE\/review\"  target=\"_blank\" rel=\"noopener\"  itemprop=\"url\">\n\t\t\t\t<img decoding=\"async\" src=\"https:\/\/pdedoncker.be\/wp-content\/uploads\/2025\/12\/google-emblem-patrick.svg\" alt=\"google-emblem-patrick\" itemprop=\"image\" height=\"56\" width=\"450\" title=\"google-emblem-patrick\" onerror=\"this.style.display='none'\" loading=\"lazy\" \/>\n\t\t\t\t<\/a>\n<h2>\n\t\t\tTraitement\t<\/h2>\n\t<p>Avec l'\u00e2ge, la peau du cou ou du menton se rel\u00e2che \u00e9galement. Une correction du cou ou un lifting du double menton peut alors aider \u00e0 corriger l'exc\u00e8s de peau et les rides. Le lifting du cou consiste \u00e0 lisser la peau du cou et du double menton. G\u00e9n\u00e9ralement, le lifting du cou est associ\u00e9 \u00e0 un lifting du visage, car dans de nombreux cas, aussi la peau du visage s'affaisse et vieillit \u00e9galement. Dans certains cas, il s'agit \u00e9galement d'un double menton.<\/p>\n<h2>\n\t\t\tComment se d\u00e9roule un lifting du cou ?\t<\/h2>\n\t<p>Une liposculpture est d'abord effectu\u00e9e au niveau du cou et du double menton. Cette liposculpture permet d'\u00e9liminer toute la graisse sous-cutan\u00e9e et de resserrer encore davantage la peau restante. Non seulement la peau, mais aussi les muscles sous-jacents du cou sont resserr\u00e9s, avec des boucles de suspension, contre la gravit\u00e9.<\/p>\n\t\t\t\t<img decoding=\"async\" src=\"https:\/\/pdedoncker.be\/wp-content\/uploads\/2025\/01\/halslift-foto.jpg\" alt=\"photo du lifting du cou\" itemprop=\"image\" height=\"619\" width=\"928\" title=\"photo du lifting du cou\" onerror=\"this.style.display='none'\" loading=\"lazy\" \/>\n\t\t\t<a href=\"\/fr\/liste-de-prix\/\" target=\"_self\">\n\t\t\t\t\t\t\tVoir les tarifs\n\t\t\t\t\t<\/a>\n\t\t\t<a href=\"\/fr\/contact\/\" target=\"_self\">\n\t\t\t\t\t\t\tPrendre contact\n\t\t\t\t\t<\/a>\n\t\t\tavant et apr\u00e8s\n\t\t\t\t\t\t<h4>Voir les r\u00e9sultats avant et apr\u00e8s ce traitement<\/h4>\t\t\t\t\t\n\t\t\t\t\t\t\t\t\t\t\t\t<img decoding=\"async\" src=\"https:\/\/pdedoncker.be\/wp-content\/uploads\/2025\/03\/Group-447.png\" alt=\"\"\/>\n\t\t\t\t\t\t\t\t\t\t\t\t<img decoding=\"async\" src=\"https:\/\/pdedoncker.be\/wp-content\/uploads\/2025\/03\/Group-446.png\" alt=\"\"\/>\n\t\t\t\t\t\t\t\t\t\t\t\t<img decoding=\"async\" src=\"https:\/\/pdedoncker.be\/wp-content\/uploads\/2025\/03\/Group-449.png\" alt=\"\"\/>\n\t\t\t\t\t\t\t\t\t\t\t\t<img decoding=\"async\" src=\"https:\/\/pdedoncker.be\/wp-content\/uploads\/2025\/03\/Group-448.png\" alt=\"\"\/>\n\t\t\t\t\t\t\t\t\t\t\t\t<img decoding=\"async\" src=\"https:\/\/pdedoncker.be\/wp-content\/uploads\/2025\/03\/Group-445.png\" alt=\"\"\/>\n\t\t\t\t\t\t\t\t\t\t\t\t<img decoding=\"async\" src=\"https:\/\/pdedoncker.be\/wp-content\/uploads\/2025\/03\/Group-444.png\" alt=\"\"\/>\n\t\t\t\t\t\t\t\t\t\t\t\t<img decoding=\"async\" src=\"https:\/\/pdedoncker.be\/wp-content\/uploads\/2025\/03\/neckliftbefore.png\" alt=\"\"\/>\n\t\t\t\t\t\t\t\t\t\t\t\t<img decoding=\"async\" src=\"https:\/\/pdedoncker.be\/wp-content\/uploads\/2025\/03\/neckliftbefore.png\" alt=\"\"\/>\n\t\t\t<a href=\"\/fr\/contact\/\" target=\"_self\">\n\t\t\t\t\t\t\tContactez nous\n\t\t\t\t\t<\/a>\n\t\t\t\t<a href=\"https:\/\/realplasticsurgeon.eu\/search\/doctor\/ZGV4\" target=\"_blank\" rel=\"noopener\" itemprop=\"url\">\n\t\t\t\t<img decoding=\"async\" src=\"https:\/\/pdedoncker.be\/wp-content\/uploads\/2025\/12\/certifcation-rps-whitebg.png\" alt=\"certification-rps-whitebg\" itemprop=\"image\" height=\"219\" width=\"141\" title=\"certification-rps-whitebg\" onerror=\"this.style.display='none'\" loading=\"lazy\" \/>\n\t\t\t\t<\/a>\n            <img decoding=\"async\" src=\"https:\/\/pdedoncker.be\/wp-content\/uploads\/2025\/01\/maki_doctor.svg\" alt=\"Ic\u00f4ne du client satisfait\"\/>\n            Dr Patrick Dedoncker<br \/>Erkend plastisch chirurg\n\t\t\tProfessionele zorg door een erkend specialist\n\t\t\t\t\t\t<h2>Pourquoi choisir Dr. Patrick Dedoncker ?<\/h2>\t\t\t\t\t\n\t<ul>\n\t\t\t<li>\n\t\t\t\t<b>Certifi\u00e9<\/b> et <b>enregistr\u00e9<\/b> au minist\u00e8re belge de la sant\u00e9\n\t\t\t<\/li>\n\t\t\t<li>\n\t\t\t\tMembre de la<b> Soci\u00e9t\u00e9 royale belge de chirurgie plastique (RBSPS)<\/b>\n\t\t\t<\/li>\n\t\t\t<li>\n\t\t\t\t<b>Une solide r\u00e9putation<\/b> en chirurgie mammaire, faciale et corporelle\n\t\t\t<\/li>\n\t\t\t<li>\n\t\t\t\tInterventions uniquement en <b>environnements hospitaliers agr\u00e9\u00e9s <\/b>avec un soutien m\u00e9dical complet\n\t\t\t<\/li>\n\t\t\t<li>\n\t\t\t\tCollaboration multidisciplinaire en milieu hospitalier pour <b>une s\u00e9curit\u00e9 optimale pour les patients<\/b>\n\t\t\t<\/li>\n\t\t\t<li>\n\t\t\t\tSeulement <b>les techniques chirurgicales modernes<\/b> conform\u00e9ment \u00e0 la norme internationale\n\t\t\t<\/li>\n\t\t<\/ul>\n<h2>\n\t\t\tInformations importantes\t<\/h2>\n\t\t\t\t\t\t\t<img loading=\"lazy\" decoding=\"async\" src=\"https:\/\/pdedoncker.be\/wp-content\/uploads\/2025\/01\/voorzorgen.svg\" alt=\"pr\u00e9cautions\" width=\"61\" height=\"61\" \/>\n\t\t\t\t\t\t<h4>Pr\u00e9cautions<\/h4>\t\t\t\t\t\n\t\t\t<p><strong>Pendant l'op\u00e9ration :<\/strong><ul><li>Votre chirurgien plasticien effectue l'op\u00e9ration en collaboration avec des infirmi\u00e8res qualifi\u00e9es et exp\u00e9riment\u00e9es.<\/li><li>M\u00eame en cas d'anesth\u00e9sie locale, vous \u00eates surveill\u00e9 en permanence : la prise automatique de la tension art\u00e9rielle, la mesure de la saturation en oxyg\u00e8ne et l'\u00e9lectrocardiogramme garantissent une s\u00e9curit\u00e9 maximale.<\/li><li>L'anesth\u00e9sie locale limite la douleur et assure une perte de sang minimale et moins d'ecchymoses.<\/li><\/ul><strong>Avant l'op\u00e9ration :<\/strong><ul><li>Lavez soigneusement vos cheveux pour r\u00e9duire les bact\u00e9ries sur la peau.<\/li><li>N'utilisez pas de m\u00e9dicaments anticoagulants (tels que l'acide ac\u00e9tylsalicylique, l'asaflow ou le plavix) sans consulter votre m\u00e9decin. Si vous prenez ces m\u00e9dicaments, parlez-en au pr\u00e9alable avec votre chirurgien.<\/li><li>Signalez tout probl\u00e8me de sant\u00e9, comme le tabagisme ou le diab\u00e8te, afin qu'il en soit tenu compte lors de la pr\u00e9paration.<\/li><\/ul><strong>Apr\u00e8s l'op\u00e9ration :<\/strong><\/p><ul><li>Vous recevrez le num\u00e9ro de portable personnel de votre chirurgien plasticien. Ainsi, vous pourrez toujours le contacter en cas de questions ou d'incertitudes, ce qui vous procurera un sentiment de s\u00e9curit\u00e9 et d'assurance.<\/li><\/ul>\t\t\n\t\t\t\t\t\t\t<img loading=\"lazy\" decoding=\"async\" src=\"https:\/\/pdedoncker.be\/wp-content\/uploads\/2025\/01\/litteken.svg\" alt=\"cicatrice\" width=\"61\" height=\"61\" \/>\n\t\t\t\t\t\t<h4>Cicatrice<\/h4>\t\t\t\t\t\n\t\t\t<p>Le lifting du cou fait appel \u00e0 la technique moderne MACS (minimal access cranial suspension lift). Cette m\u00e9thode permet d'obtenir une cicatrice courte et presque invisible, situ\u00e9e devant l'oreille et se terminant dans les cheveux. Gr\u00e2ce \u00e0 des sutures sous-cutan\u00e9es qui se dissolvent d'elles-m\u00eames et \u00e0 l'utilisation de colle cutan\u00e9e, il n'y a pas de sutures visibles. L'effet de lifting est maximal et la cicatrice est ensuite pratiquement invisible.<\/p>\t\t\n\t\t\t\t\t\t\t<img loading=\"lazy\" decoding=\"async\" src=\"https:\/\/pdedoncker.be\/wp-content\/uploads\/2025\/01\/verdoving.svg\" alt=\"anesth\u00e9sie\" width=\"61\" height=\"61\" \/>\n\t\t\t\t\t\t<h4>Anesth\u00e9sie<\/h4>\t\t\t\t\t\n\t\t\t<p>Gr\u00e2ce \u00e0 l'affinement de la technique chirurgicale et aux progr\u00e8s consid\u00e9rables r\u00e9alis\u00e9s ces derni\u00e8res ann\u00e9es dans le domaine de l'anesth\u00e9sie, le lifting cervical est r\u00e9alis\u00e9 sous anesth\u00e9sie locale. Un s\u00e9datif de courte dur\u00e9e est administr\u00e9 aux patients nerveux. Cette s\u00e9dation peut se d\u00e9cliner en plusieurs degr\u00e9s, allant jusqu'\u00e0 un petit sommeil. Dans tous les cas, une anesth\u00e9sie classique avec intubation n'est pas n\u00e9cessaire.<\/p>\t\t\n\t\t\t\t\t\t\t<img loading=\"lazy\" decoding=\"async\" src=\"https:\/\/pdedoncker.be\/wp-content\/uploads\/2025\/01\/herstel.svg\" alt=\"r\u00e9cup\u00e9ration\" width=\"61\" height=\"61\" \/>\n\t\t\t\t\t\t<h4>R\u00e9cup\u00e9ration<\/h4>\t\t\t\t\t\n\t\t\t<p>Apr\u00e8s le lifting cervical, vous pouvez rentrer chez vous le jour m\u00eame. Une \u00e9ventuelle g\u00eane dans les premi\u00e8res 24 heures peut \u00eatre soulag\u00e9e par des analg\u00e9siques tels que le parac\u00e9tamol ou l'ibuprof\u00e8ne. La douleur dispara\u00eet ensuite rapidement.<strong>Le lendemain de l'op\u00e9ration :<\/strong><ul><li>Vous reviendrez \u00e0 la clinique pour un premier examen de la plaie.<\/li><li>Le pansement compressif est retir\u00e9, la suture de la plaie est d\u00e9sinfect\u00e9e et, le cas \u00e9ch\u00e9ant, le tube de drainage est retir\u00e9.<\/li><\/ul>D\u00e8s lors, un nouveau pansement n'est plus n\u00e9cessaire et vous pouvez vous laver les cheveux \u00e0 nouveau. Cela donne souvent une sensation de fra\u00eecheur imm\u00e9diate. Deux fois par jour, vous d\u00e9sinfectez vous-m\u00eame la couture de la plaie avec de l'isob\u00e9tadine. Comme seules des sutures sous-cutan\u00e9es ont \u00e9t\u00e9 utilis\u00e9es, il n'est pas n\u00e9cessaire d'enlever les fils.<strong>La premi\u00e8re semaine apr\u00e8s l'op\u00e9ration :<\/strong><ul><li>Le cou peut \u00eatre un peu gonfl\u00e9. Pour le camoufler, vous pouvez porter une \u00e9charpe.<\/li><li>\u00c9viter les efforts physiques importants et le port de charges lourdes.<\/li><\/ul><strong>Soins des cicatrices :<\/strong><ul><li>Massez quotidiennement la cicatrice avec une cr\u00e8me grasse, comme la cr\u00e8me pour les mains Nivea, la cr\u00e8me de jour, l'huile d'amande, la pommade pour cicatrices ou la pommade au silicone. Cela permet \u00e0 la peau de rester souple et favorise le processus de cicatrisation.<\/li><li>Gr\u00e2ce \u00e0 la technique sp\u00e9ciale de suture sous-cutan\u00e9e et \u00e0 l'emplacement strat\u00e9gique des incisions (pr\u00e8s de l'oreille et dans les cheveux), la cicatrice devient presque invisible. Le processus de gu\u00e9rison peut varier d'une personne \u00e0 l'autre.<\/li><\/ul><strong>Gonflement et ecchymoses :<\/strong><br \/>Bien que les gonflements et les ecchymoses soient normaux, ils disparaissent au cours des premi\u00e8res semaines suivant l'op\u00e9ration. L'utilisation de frictions glac\u00e9es et de cr\u00e8mes contre les ecchymoses n'a g\u00e9n\u00e9ralement que peu d'effet mais n'est pas nocive.<\/p>\t\t\n\t\t\t\t\t\t\t<img loading=\"lazy\" decoding=\"async\" src=\"https:\/\/pdedoncker.be\/wp-content\/uploads\/2025\/01\/risicos.svg\" alt=\"risques\" width=\"61\" height=\"61\" \/>\n\t\t\t\t\t\t<h4>Risques \u00e9ventuels<\/h4>\t\t\t\t\t\n\t\t\t<p>Apr\u00e8s un lifting du cou, la peau peut \u00eatre moins sensible, surtout devant l'oreille. Il s'agit toutefois d'un ph\u00e9nom\u00e8ne temporaire. Apr\u00e8s quelques semaines et, dans certains cas, apr\u00e8s quelques mois, la sensation de flou dispara\u00eet et la peau redevient normale.<br \/><br \/>Chez les fumeurs, la cicatrisation peut \u00eatre plus lente, avec beaucoup de cro\u00fbtes sur la plaie. Il est donc fortement recommand\u00e9 d'arr\u00eater de fumer, au moins temporairement.<\/p>\t\t\n\t\t\tCe que disent nos patients satisfaits\n\t\t\t\t\t\t<h4>Nos patients satisfaits nous font part de leur exp\u00e9rience.<\/h4>\t\t\t\t\t\n\t\t\t<p>Lisez leurs t\u00e9moignages et d\u00e9couvrez comment notre approche personnalis\u00e9e de la chirurgie plastique les a aid\u00e9s \u00e0 renforcer leur confiance en eux, \u00e0 atteindre leurs objectifs et \u00e0 se sentir mieux dans leur peau. Votre histoire pourrait \u00eatre la prochaine !<\/p>\t\t\n\t\t\t\t<img decoding=\"async\" src=\"https:\/\/pdedoncker.be\/wp-content\/uploads\/2025\/01\/reviews-blok-img.jpg\" alt=\"critiques-block-img\" itemprop=\"image\" height=\"419\" width=\"735\" title=\"critiques-block-img\" onerror=\"this.style.display='none'\" loading=\"lazy\" \/>\n\t\t<!-- Slides wrapper -->\n\t\t\t\t\t\t<cite>\n\t\t\t\t\t\t\tricia matha-amana\n\t<i>\u2605<\/i><i>\u2605<\/i><i>\u2605<\/i><i>\u2605<\/i><i>\u2605<\/i>\t\t\t\t\t\t\t\n\t\t\t\t\t\t<\/cite>\n\t\t\t\t\t\t\t<p>Le Dr Patrick Dedoncker est l'un des meilleurs Dr. C'est un docteur qui a du c\u0153ur quand vous parlez \u00e0 cet homme la premi\u00e8re chose que vous remarquez c'est qu'avec lui ce n'est pas une question d'argent mais de s\u00e9curit\u00e9 pour le patient. Je me suis sentie en s\u00e9curit\u00e9 avec lui le jour de l'op\u00e9ration. Le 26 novembre 2024, j'ai \u00e9t\u00e9 op\u00e9r\u00e9e par le Dr Patrick Dedoncker. Cela fait maintenant un mois exactement que j'ai \u00e9t\u00e9 op\u00e9r\u00e9e par le Dr Patrick Dedoncker. Je suis tr\u00e8s satisfaite de ma poitrine gr\u00e2ce \u00e0 l'op\u00e9ration, je me sens belle et heureuse.<\/p>\t\t\t\t\t\t\n\t\t\t\t\t\t<cite>\n\t\t\t\t\t\t\tmorgane van den eynden\n\t<i>\u2605<\/i><i>\u2605<\/i><i>\u2605<\/i><i>\u2605<\/i><i>\u2605<\/i>\t\t\t\t\t\t\t\n\t\t\t\t\t\t<\/cite>\n\t\t\t\t\t\t\t<p>Si vous \u00eates \u00e0 la recherche d'un chirurgien plasticien fiable et professionnel, vous \u00eates au bon endroit. Il vous met \u00e0 l'aise et tr\u00e8s \u00e0 l'aise ! Il vous \u00e9coute tr\u00e8s bien en tant que patient. Si quelque chose n'allait pas, vous pouviez le joindre tr\u00e8s rapidement et efficacement ! Absolument recommand\u00e9, merci beaucoup pour les soins fantastiques et le r\u00e9sultat extr\u00eamement beau !<\/p>\t\t\t\t\t\t\n\t\t\t\t\t\t<cite>\n\t\t\t\t\t\t\t Valery Perez Rodriguez\n\t<i>\u2605<\/i><i>\u2605<\/i><i>\u2605<\/i><i>\u2605<\/i><i>\u2605<\/i>\t\t\t\t\t\t\t\n\t\t\t\t\t\t<\/cite>\n\t\t\t\t\t\t\t<p>Chirurgien tr\u00e8s s\u00e9rieux et honn\u00eate. J'ai \u00e9t\u00e9 op\u00e9r\u00e9e des seins par le Dr Dedoncker et je suis tr\u00e8s satisfaite du r\u00e9sultat naturel. Le docteur a pris le temps de v\u00e9rifier le type d'implant et la taille qui conviendrait le mieux \u00e0 ma silhouette.Contrairement \u00e0 ce que dit l'un des avis, il y a bien un suivi post-op\u00e9ratoire avec une visite de contr\u00f4le pour v\u00e9rifier la cicatrisation et\/ou retirer les points de suture si n\u00e9cessaire. Je recommande !<\/p>\t\t\t\t\t\t\n\t\t\t\t\t\t<cite>\n\t\t\t\t\t\t\tsigrid bosmans\n\t<i>\u2605<\/i><i>\u2605<\/i><i>\u2605<\/i><i>\u2605<\/i><i>\u2605<\/i>\t\t\t\t\t\t\t\n\t\t\t\t\t\t<\/cite>\n\t\t\t\t\t\t\t<p>Tr\u00e8s satisfaite du Docteur Dedoncker ! J'ai subi une op\u00e9ration des paupi\u00e8res il y a quelques ann\u00e9es et j'en suis toujours tr\u00e8s satisfaite ! Il y a un mois, il m'a fait une liposuccion et cela avance \u00e9galement dans la bonne direction. Le docteur a pris son temps et m'a donn\u00e9 suffisamment d'informations. Ce qui est tr\u00e8s rassurant, c'est qu'il donne son num\u00e9ro de portable en cas de questions\/avis et ainsi de suite. Exp\u00e9rience tr\u00e8s positive.<\/p>\t\t\t\t\t\t\n\t\t\t\t\t\t<cite>\n\t\t\t\t\t\t\tV\u00e9ronique Baeten\n\t<i>\u2605<\/i><i>\u2605<\/i><i>\u2605<\/i><i>\u2605<\/i><i>\u2605<\/i>\t\t\t\t\t\t\t\n\t\t\t\t\t\t<\/cite>\n\t\t\t\t\t\t\t<p>Pour moi, le Docteur Dedoncker est un chirurgien tr\u00e8s comp\u00e9tent et direct. J'ai d\u00e9j\u00e0 fait appel \u00e0 lui deux fois et je suis extr\u00eamement satisfaite du r\u00e9sultat, de son approche et de sa flexibilit\u00e9. Ce qui me g\u00eanait dans le pass\u00e9, il l'a r\u00e9solu \u00e0 merveille... Merci beaucoup !<\/p>\t\t\t\t\t\t\n\t\t\t\t\t\t<cite>\n\t\t\t\t\t\t\tMaria Rahman\n\t<i>\u2605<\/i><i>\u2605<\/i><i>\u2605<\/i><i>\u2605<\/i><i>\u2605<\/i>\t\t\t\t\t\t\t\n\t\t\t\t\t\t<\/cite>\n\t\t\t\t\t\t\t<p>Meilleure exp\u00e9rience. Je suis all\u00e9e pour une augmentation mammaire, une correction de l'ar\u00e9ole et un lifting. Parfaitement r\u00e9alis\u00e9. Toujours disponible, bonne consultation, m\u00eame le week-end. Le r\u00e9sultat est excellent et je peux toujours le joindre pour toute r\u00e9clamation. Je ferai certainement d'autres op\u00e9rations ici. L'hygi\u00e8ne \u00e9tait \u00e9galement excellente. Les soins postop\u00e9ratoires \u00e9taient \u00e9galement bien organis\u00e9s. Hautement recommand\u00e9.\u00a0<\/p>\t\t\t\t\t\t\n\t\t\t\t\t\t<cite>\n\t\t\t\t\t\t\tMonique Lissens\n\t<i>\u2605<\/i><i>\u2605<\/i><i>\u2605<\/i><i>\u2605<\/i><i>\u2605<\/i>\t\t\t\t\t\t\t\n\t\t\t\t\t\t<\/cite>\n\t\t\t\t\t\t\t<p>Le 5 novembre 2024, j'ai contact\u00e9 le Dr Dedoncker pour un probl\u00e8me de rides du visage. Il a examin\u00e9 avec moi ce qu'il fallait faire. Il m'a propos\u00e9 de corriger \u00e9galement mes paupi\u00e8res. J'ai suivi son conseil. Il m'a donc fait un mini lift et une plastie v\u00e9sicale. Nous sommes 3 mois plus tard. Je suis ravie du r\u00e9sultat. C'est exactement ce que je voulais : des traits du visage qui restent naturels et une nette am\u00e9lioration du regard ! Merci docteur. Je vous recommande \u00e0 tous ceux qui me demandent o\u00f9 je suis all\u00e9e pour obtenir un si bon r\u00e9sultat.<\/p>\t\t\t\t\t\t\n\t\t\t\t<!-- Pagination, if required -->\n\t\t\t\t<img decoding=\"async\" src=\"https:\/\/pdedoncker.be\/wp-content\/uploads\/2025\/01\/consult-verloop-img.jpg\" alt=\"consultation-course-img\" itemprop=\"image\" height=\"584\" width=\"878\" title=\"consultation-course-img\" onerror=\"this.style.display='none'\" loading=\"lazy\" \/>\n\t\t\tVotre chemin vers l'assurance\n\t\t\t\t\t\t<h4>Comment se d\u00e9roule un rendez-vous dans notre clinique<\/h4>\t\t\t\t\t\n\t\t\t<p>Dans notre clinique, nous adoptons une approche personnelle et experte pour renforcer votre confiance en vous et obtenir les meilleurs r\u00e9sultats.<\/p>\t\t\n    <img decoding=\"async\" src=\"https:\/\/pdedoncker.be\/wp-content\/uploads\/2025\/01\/miniprofielfoto.png\" alt=\"Dr. Patrick Dedoncker\"\/>\n      <h1>Dr. Patrick Dedoncker<\/h1>\n      <p>Chirurgien plasticien certifi\u00e9<\/p>\n\t\t\t01. \n\t\t\t\t\t\t<h4>Prendre rendez-vous<\/h4>\t\t\t\t\t\n\t\t\t<p>Il vous suffit de prendre rendez-vous en ligne ou par t\u00e9l\u00e9phone. Choisissez l'heure qui vous convient et faites-nous part \u00e0 l'avance de vos souhaits ou questions sp\u00e9cifiques.<\/p>\t\t\n\t\t\t02. \n\t\t\t\t\t\t<h4>Consultation<\/h4>\t\t\t\t\t\n\t\t\t<p>Lors de la consultation, le Dr Patrick Dedoncker discute de vos souhaits et de vos attentes. Nous proc\u00e9dons \u00e0 une analyse compl\u00e8te afin d'\u00e9tablir un plan de traitement personnalis\u00e9.<\/p>\t\t\n\t\t\t03. \n\t\t\t\t\t\t<h4>Apprendre \u00e0 conna\u00eetre<\/h4>\t\t\t\t\t\n\t\t\t<p>Rencontrez notre chirurgien plasticien certifi\u00e9, qui examinera votre plan de traitement en d\u00e9tail avec vous. Ensemble, nous d\u00e9terminerons la meilleure approche pour obtenir le r\u00e9sultat souhait\u00e9.<\/p>\t\t\n\t\t\t04. \n\t\t\t\t\t\t<h4>Traitement et soins<\/h4>\t\t\t\t\t\n\t\t\t<p>Faites l'exp\u00e9rience de soins et de conseils professionnels, adapt\u00e9s \u00e0 vos besoins. Nous veillons \u00e0 ce que vous vous sentiez \u00e0 l'aise et bien soutenu pendant et apr\u00e8s le traitement.<\/p>\t\t\n\t\t\t<a href=\"\/fr\/rendez-vous-en-ligne\/\" target=\"_self\">\n\t\t\t\t\t\t\tPrendre un rendez-vous en ligne\n\t\t\t\t\t<\/a>\n\t\t\t<a href=\"\/fr\/contact\/\" target=\"_self\">\n\t\t\t\t\t\t\tContactez nous\n\t\t\t\t\t<\/a>\n<h2>\n\t\t\tContactez nous\t<\/h2>\n\t<p>Vous avez des questions ou souhaitez prendre rendez-vous ? Remplissez le formulaire de contact et nous vous contacterons dans les 24 heures pour vous aider davantage !<\/p>\n\t\t\t\t\t\t<h4>Se sentir plus confiant que jamais !<\/h4>\t\t\t\t\t\n\t\t\t<p>Pr\u00eat \u00e0 franchir le pas vers une plus grande confiance en soi ? Prenez d\u00e8s \u00e0 pr\u00e9sent rendez-vous avec nous pour une op\u00e9ration de chirurgie plastique et b\u00e9n\u00e9ficiez de soins personnalis\u00e9s adapt\u00e9s \u00e0 vos besoins.<\/p>","protected":false},"excerpt":{"rendered":"<p>Home \/ Behandelingen \/ Halslift De behandeling Bij het ouder worden verslapt ook de huid aan de hals of kin. Een halscorrectie of onderkinlift kan dan helpen om de overtollige huid met rimpels te corrigeren. Bij een halslift wordt de huid van de hals en de onderkin gladgestreken. Meestal gebeurt een halslift in combinatie met&hellip;<\/p>","protected":false},"author":1,"featured_media":0,"parent":155,"menu_order":0,"comment_status":"closed","ping_status":"closed","template":"","meta":{"_acf_changed":false,"inline_featured_image":false,"footnotes":""},"class_list":["post-371","page","type-page","status-publish","hentry"],"acf":[],"_links":{"self":[{"href":"https:\/\/pdedoncker.be\/fr\/wp-json\/wp\/v2\/pages\/371","targetHints":{"allow":["GET"]}}],"collection":[{"href":"https:\/\/pdedoncker.be\/fr\/wp-json\/wp\/v2\/pages"}],"about":[{"href":"https:\/\/pdedoncker.be\/fr\/wp-json\/wp\/v2\/types\/page"}],"author":[{"embeddable":true,"href":"https:\/\/pdedoncker.be\/fr\/wp-json\/wp\/v2\/users\/1"}],"replies":[{"embeddable":true,"href":"https:\/\/pdedoncker.be\/fr\/wp-json\/wp\/v2\/comments?post=371"}],"version-history":[{"count":11,"href":"https:\/\/pdedoncker.be\/fr\/wp-json\/wp\/v2\/pages\/371\/revisions"}],"predecessor-version":[{"id":1581,"href":"https:\/\/pdedoncker.be\/fr\/wp-json\/wp\/v2\/pages\/371\/revisions\/1581"}],"up":[{"embeddable":true,"href":"https:\/\/pdedoncker.be\/fr\/wp-json\/wp\/v2\/pages\/155"}],"wp:attachment":[{"href":"https:\/\/pdedoncker.be\/fr\/wp-json\/wp\/v2\/media?parent=371"}],"curies":[{"name":"wp","href":"https:\/\/api.w.org\/{rel}","templated":true}]}}