{"id":266,"date":"2025-01-22T08:31:10","date_gmt":"2025-01-22T08:31:10","guid":{"rendered":"https:\/\/pdedoncker.be\/?page_id=266"},"modified":"2025-12-06T05:37:55","modified_gmt":"2025-12-06T04:37:55","slug":"laugmentation-du-volume-des-seins","status":"publish","type":"page","link":"https:\/\/pdedoncker.be\/fr\/behandelingen\/borstvergroting\/","title":{"rendered":"Augmentation mammaire"},"content":{"rendered":"<h4><\/h4>\t\t\t\t\t\n\t<nav aria-label=\"chapelure\"><p><a href=\"https:\/\/pdedoncker.be\/fr\/\">Accueil<\/a> \/ <a href=\"https:\/\/pdedoncker.be\/fr\/traitements\/\">Traitements<\/a> \/ Borstvergroting<\/p><\/nav>\n\t\t\t\t<a href=\"https:\/\/g.page\/r\/CZbKKXUNDXtNEAE\/review\"  target=\"_blank\" rel=\"noopener\"  itemprop=\"url\">\n\t\t\t\t<img decoding=\"async\" src=\"https:\/\/pdedoncker.be\/wp-content\/uploads\/2025\/12\/google-emblem-patrick.svg\" alt=\"google-emblem-patrick\" itemprop=\"image\" height=\"56\" width=\"450\" title=\"google-emblem-patrick\" onerror=\"this.style.display='none'\" loading=\"lazy\" \/>\n\t\t\t\t<\/a>\n<h2  id=\"de-behandeling\">\n\t\t\tTraitement\t<\/h2>\n\t<p>De nombreuses femmes r\u00eavent d'une poitrine plus belle et plus g\u00e9n\u00e9reuse. Apr\u00e8s une grossesse, \u00e0 cause de l'amaigrissement ou du vieillissement, les seins peuvent devenir plus petits ou tout simplement moins fermes. Mais l'augmentation mammaire est aussi une solution pour les femmes dont les seins sont sous-d\u00e9velopp\u00e9s. La confiance en soi est renforc\u00e9e lorsque l'on peut afficher une poitrine jeune et ferme, avec une ou plusieurs tailles de bonnet en plus. L'augmentation mammaire est un succ\u00e8s lorsque la nouvelle poitrine semble naturelle et que la cicatrice de l'op\u00e9ration est invisible.<\/p>\n\t\t\t\t<img decoding=\"async\" src=\"https:\/\/pdedoncker.be\/wp-content\/uploads\/2025\/01\/doctor-drawing-marks-on-female-breast-before-cosme-2024-09-21-00-26-13-utc-2.jpg\" alt=\"doctor-drawing-marks-on-female-breast-before-cosme-2024-09-21-00-26-13-utc 2\" itemprop=\"image\" height=\"273\" width=\"474\" title=\"doctor-drawing-marks-on-female-breast-before-cosme-2024-09-21-00-26-13-utc 2\" onerror=\"this.style.display='none'\" loading=\"lazy\" \/>\n\t\t\t<a href=\"\/fr\/liste-de-prix\/\" target=\"_self\">\n\t\t\t\t\t\t\tVoir les tarifs\n\t\t\t\t\t<\/a>\n\t\t\t<a href=\"\/fr\/contact\/\" target=\"_self\">\n\t\t\t\t\t\t\tPrendre contact\n\t\t\t\t\t<\/a>\n\n\t\t\tExp\u00e9riences\n\t\t\t\t\t\t<h4>Nos patientes parlent de leur augmentation mammaire<\/h4>\t\t\t\t\t\n\t\t<!-- Slides wrapper -->\n\t\t\t\t\t\t<cite>\n\t\t\t\t\t\t\tCarmen\n\t<i>\u2605<\/i><i>\u2605<\/i><i>\u2605<\/i><i>\u2605<\/i><i>\u2605<\/i>\t\t\t\t\t\t\t\n\t\t\t\t\t\t<\/cite>\n\t\t\t\t\t\t\t<p>J'ai subi une augmentation mammaire en 2012, excellent m\u00e9decin, bonnes explications et conseils professionnels. Les suites ont \u00e9t\u00e9 excellentes. En 2018 j'ai d\u00fb faire une intervention m\u00e9dicale mon chirurgien trait\u00e9 m'a dit que c'\u00e9tait 1 des plus belles reconstructions qu'il avait vu !<\/p>\t\t\t\t\t\t\n\t\t\t\t\t\t<cite>\n\t\t\t\t\t\t\tricia matha-amana\n\t<i>\u2605<\/i><i>\u2605<\/i><i>\u2605<\/i><i>\u2605<\/i><i>\u2605<\/i>\t\t\t\t\t\t\t\n\t\t\t\t\t\t<\/cite>\n\t\t\t\t\t\t\t<p>Le Dr Patrick Dedoncker est l'un des meilleurs Dr. C'est un docteur qui a du c\u0153ur quand vous parlez \u00e0 cet homme la premi\u00e8re chose que vous remarquez c'est qu'avec lui ce n'est pas une question d'argent mais de s\u00e9curit\u00e9 pour le patient. Je me suis sentie en s\u00e9curit\u00e9 avec lui le jour de l'op\u00e9ration. Le 26 novembre 2024, j'ai \u00e9t\u00e9 op\u00e9r\u00e9e par le Dr Patrick Dedoncker. Cela fait maintenant un mois exactement que j'ai \u00e9t\u00e9 op\u00e9r\u00e9e par le Dr Patrick Dedoncker. Je suis tr\u00e8s satisfaite de ma poitrine gr\u00e2ce \u00e0 l'op\u00e9ration, je me sens belle et heureuse.<\/p>\t\t\t\t\t\t\n\t\t\t\t\t\t<cite>\n\t\t\t\t\t\t\tSophie speltens\n\t<i>\u2605<\/i><i>\u2605<\/i><i>\u2605<\/i><i>\u2605<\/i><i>\u2605<\/i>\t\t\t\t\t\t\t\n\t\t\t\t\t\t<\/cite>\n\t\t\t\t\t\t\t<p>Ik ben bij 5 dokters langs geweest voor een borstvergroting, en daaruit heb ik 100% voor dokter Dedoncker gekozen en ik ben zo blij met het resultaat!Hij geeft je nauwgezet en eerlijk advies op maat. Hij luistert naar je wensen en levert prachtig werk. Hij stelt je ook helemaal gerust, en is zeer oprecht zonder veel kapsones.De dokter is ook persoonlijk bereikbaar voor verdere vragen, waardoor je een nauw contact hebt en al je eventuele bezorgdheden weggenomen worden. Hij is een echte aanrader!<\/p>\t\t\t\t\t\t\n\t\t\t\t\t\t<cite>\n\t\t\t\t\t\t\t Petra Wuytack\n\t<i>\u2605<\/i><i>\u2605<\/i><i>\u2605<\/i><i>\u2605<\/i><i>\u2605<\/i>\t\t\t\t\t\t\t\n\t\t\t\t\t\t<\/cite>\n\t\t\t\t\t\t\tJ'ai consult\u00e9 le Dr Dedoncker au d\u00e9but de l'ann\u00e9e 2024. La discussion a \u00e9t\u00e9 tr\u00e8s professionnelle et je me suis sentie en confiance. L'intervention a eu lieu en mars et je tire mon chapeau \u00e0 toute l'\u00e9quipe. Si rassurante et attentive \u00e0 l'\u00e9gard des patients. J'ai \u00e9galement b\u00e9n\u00e9fici\u00e9 d'un bon suivi et d'une r\u00e9\u00e9ducation sans douleur. Toujours pr\u00eat et disponible par t\u00e9l\u00e9phone, il aide vraiment l\u00e0 o\u00f9 c'est n\u00e9cessaire. Il sait exactement ce qu'il fait. Il n'a aucune attitude, il se calme et \u00e9coute son patient. Pour moi, c'est le seul en qui j'ai confiance pour me rajeunir.\t\t\t\t\t\t\n\t\t\t\t<!-- Pagination, if required -->\n\t\t\t\t<a href=\"https:\/\/realplasticsurgeon.eu\/search\/doctor\/ZGV4\" target=\"_blank\" rel=\"noopener\" itemprop=\"url\">\n\t\t\t\t<img decoding=\"async\" src=\"https:\/\/pdedoncker.be\/wp-content\/uploads\/2025\/12\/certifcation-rps-whitebg.png\" alt=\"certification-rps-whitebg\" itemprop=\"image\" height=\"219\" width=\"141\" title=\"certification-rps-whitebg\" onerror=\"this.style.display='none'\" loading=\"lazy\" \/>\n\t\t\t\t<\/a>\n            <img decoding=\"async\" src=\"https:\/\/pdedoncker.be\/wp-content\/uploads\/2025\/01\/maki_doctor.svg\" alt=\"Ic\u00f4ne du client satisfait\"\/>\n            Dr Patrick Dedoncker<br \/>Erkend plastisch chirurg\n\t\t\tProfessionele zorg door een erkend specialist\n\t\t\t\t\t\t<h2>Pourquoi choisir Dr. Patrick Dedoncker ?<\/h2>\t\t\t\t\t\n\t<ul>\n\t\t\t<li>\n\t\t\t\t<b>Certifi\u00e9<\/b> et <b>enregistr\u00e9<\/b> au minist\u00e8re belge de la sant\u00e9\n\t\t\t<\/li>\n\t\t\t<li>\n\t\t\t\tMembre de la<b> Soci\u00e9t\u00e9 royale belge de chirurgie plastique (RBSPS)<\/b>\n\t\t\t<\/li>\n\t\t\t<li>\n\t\t\t\t<b>Une solide r\u00e9putation<\/b> en chirurgie mammaire, faciale et corporelle\n\t\t\t<\/li>\n\t\t\t<li>\n\t\t\t\tInterventions uniquement en <b>environnements hospitaliers agr\u00e9\u00e9s <\/b>avec un soutien m\u00e9dical complet\n\t\t\t<\/li>\n\t\t\t<li>\n\t\t\t\tCollaboration multidisciplinaire en milieu hospitalier pour <b>une s\u00e9curit\u00e9 optimale pour les patients<\/b>\n\t\t\t<\/li>\n\t\t\t<li>\n\t\t\t\tSeulement <b>les techniques chirurgicales modernes<\/b> conform\u00e9ment \u00e0 la norme internationale\n\t\t\t<\/li>\n\t\t<\/ul>\n<h2  id=\"implantaat-keuze\">\n\t\t\tLa bonne orientation pour le bon choix\t<\/h2>\n\t\t\t\t\t\t\t<img loading=\"lazy\" decoding=\"async\" src=\"https:\/\/pdedoncker.be\/wp-content\/uploads\/2025\/01\/uil_arrow-resize-diagonal-1.svg\" alt=\"owl_arrow-resize-diagonal\" width=\"42\" height=\"42\" \/>\n\t\t\t\t\t\t<h4>La bonne taille<\/h4>\t\t\t\t\t\n\t\t\t<p>De meeste vrouwen kiezen een natuurlijk volume tussen 200-350 cc. Voor een dieper decollet\u00e9 kan 350-500 cc of meer geschikt zijn. Binnen dezelfde cc-maat bestaan verschillende projecties die de vorm bepalen:<strong>Profil \u00e9lev\u00e9 :<\/strong> plus en avant, effet plus rond, convient aux coffres \u00e9troits.<br \/><strong>Profil bas :<\/strong> plus plat et plus large, plus subtil et plus naturel.<br \/><strong>Profil normal :<\/strong> l'\u00e9quilibre entre les deux.<\/p>\t\t\n\t\t\t\t\t\t\t<img loading=\"lazy\" decoding=\"async\" src=\"https:\/\/pdedoncker.be\/wp-content\/uploads\/2025\/01\/healthicons_breasts-outline.svg\" alt=\"healthicons_breasts-outline\" width=\"61\" height=\"61\" \/>\n\t\t\t\t\t\t<h4>La bonne forme<\/h4>\t\t\t\t\t\n\t\t\t<p><strong>Des implants ronds<\/strong> zijn soepel en makkelijk te plaatsen via een kleine incisie. Ze geven een mooie ronde borst met extra volume bovenaan &#8211; ideaal voor een zichtbaar decollet\u00e9.<strong>Anatomique (forme de la goutte)<\/strong> offrent une forme tr\u00e8s naturelle, mais sont l\u00e9g\u00e8rement plus difficiles \u00e0 placer en raison de la fermet\u00e9 du gel. Ils sont principalement choisis pour un r\u00e9sultat final subtil et \u00e9l\u00e9gant.<\/p>\t\t\n\t\t\t\t\t\t\t<img loading=\"lazy\" decoding=\"async\" src=\"https:\/\/pdedoncker.be\/wp-content\/uploads\/2025\/01\/f7_drop.svg\" alt=\"f7_drop\" width=\"50\" height=\"50\" \/>\n\t\t\t\t\t\t<h4>Le bon remplissage<\/h4>\t\t\t\t\t\n\t\t\t<strong data-start=\"986\" data-end=\"1010\">Des implants en silicone<\/strong> contiennent un gel coh\u00e9sif qui donne une impression de naturel et conservent leur forme, ce qui les rend tr\u00e8s fiables et populaires.<strong data-start=\"1128\" data-end=\"1162\">Implants \u00e0 l'eau sal\u00e9e (saline)<\/strong> sont remplies pendant l'op\u00e9ration, mais elles sont moins naturelles et pr\u00e9sentent un risque accru de formation de rides. Les obturations nouvelles ou exp\u00e9rimentales ne sont pas utilis\u00e9es en raison de l'absence de donn\u00e9es \u00e0 long terme.\t\t\n\t\t\t\t\t\t\t<img loading=\"lazy\" decoding=\"async\" src=\"https:\/\/pdedoncker.be\/wp-content\/uploads\/2025\/01\/material-symbols_manufacturing.svg\" alt=\"mat\u00e9riaux-symboles_fabrication\" width=\"52\" height=\"52\" \/>\n\t\t\t\t\t\t<h4>Le bon fabricant<\/h4>\t\t\t\t\t\n\t\t\t<p><strong>Des implants en silicone<\/strong> contiennent un gel coh\u00e9sif qui donne une impression de naturel et conservent leur forme, ce qui les rend tr\u00e8s fiables et populaires.<strong>Implants \u00e0 l'eau sal\u00e9e (saline)<\/strong> sont remplies pendant l'op\u00e9ration, mais elles sont moins naturelles et pr\u00e9sentent un risque accru de formation de rides. Les obturations nouvelles ou exp\u00e9rimentales ne sont pas utilis\u00e9es en raison de l'absence de donn\u00e9es \u00e0 long terme.<\/p>\t\t\n\t\t\tAvant et apr\u00e8s\n\t\t\t\t\t\t<h4>Voir les r\u00e9sultats avant et apr\u00e8s ce traitement<\/h4>\t\t\t\t\t\n<h2>\n\t\t\tFrom AA cup to C cup with round implants of 285 cc\t<\/h2>\n\t\t\t\t\t\t\t\t\t\t\t\t<img decoding=\"async\" src=\"https:\/\/pdedoncker.be\/wp-content\/uploads\/2025\/02\/borstvergroting-ba-5.jpg\" alt=\"\"\/>\n\t\t\t\t\t\t\t\t\t\t\t\t<img decoding=\"async\" src=\"https:\/\/pdedoncker.be\/wp-content\/uploads\/2025\/02\/borstvergroting-ba-6.jpg\" alt=\"\"\/>\n\t\t\t\t\t\t\t\t\t\t\t\t<img decoding=\"async\" src=\"https:\/\/pdedoncker.be\/wp-content\/uploads\/2025\/02\/borstvergroting-ba-3.jpg\" alt=\"\"\/>\n\t\t\t\t\t\t\t\t\t\t\t\t<img decoding=\"async\" src=\"https:\/\/pdedoncker.be\/wp-content\/uploads\/2025\/02\/borstvergroting-ba-4.jpg\" alt=\"\"\/>\n\t\t\t\t\t\t\t\t\t\t\t\t<img decoding=\"async\" src=\"https:\/\/pdedoncker.be\/wp-content\/uploads\/2025\/02\/borstvergroting-ba-2.jpg\" alt=\"\"\/>\n\t\t\t\t\t\t\t\t\t\t\t\t<img decoding=\"async\" src=\"https:\/\/pdedoncker.be\/wp-content\/uploads\/2025\/02\/borstvergroting-ba-1.jpg\" alt=\"\"\/>\n<h2>\n\t\t\tFrom B cup to D cup with teardrop implants of 290 cc\t<\/h2>\n\t\t\t\t\t\t\t\t\t\t\t\t<img decoding=\"async\" src=\"https:\/\/pdedoncker.be\/wp-content\/uploads\/2025\/02\/borstvergroting-ba2-2.jpg\" alt=\"\"\/>\n\t\t\t\t\t\t\t\t\t\t\t\t<img decoding=\"async\" src=\"https:\/\/pdedoncker.be\/wp-content\/uploads\/2025\/02\/borstvergroting-ba2-5.jpg\" alt=\"\"\/>\n\t\t\t\t\t\t\t\t\t\t\t\t<img decoding=\"async\" src=\"https:\/\/pdedoncker.be\/wp-content\/uploads\/2025\/02\/borstvergroting-ba2-1.jpg\" alt=\"\"\/>\n\t\t\t\t\t\t\t\t\t\t\t\t<img decoding=\"async\" src=\"https:\/\/pdedoncker.be\/wp-content\/uploads\/2025\/02\/borstvergroting-ba2-4.jpg\" alt=\"\"\/>\n\t\t\t\t\t\t\t\t\t\t\t\t<img decoding=\"async\" src=\"https:\/\/pdedoncker.be\/wp-content\/uploads\/2025\/02\/borstvergroting-ba2-3.jpg\" alt=\"\"\/>\n\t\t\t\t\t\t\t\t\t\t\t\t<img decoding=\"async\" src=\"https:\/\/pdedoncker.be\/wp-content\/uploads\/2025\/02\/borstvergroting-ba2-6.jpg\" alt=\"\"\/>\n<h2>\n\t\t\tFrom AA cup to CD cup with teardrop implants of 300 cc\t<\/h2>\n\t\t\t\t\t\t\t\t\t\t\t\t<img decoding=\"async\" src=\"https:\/\/pdedoncker.be\/wp-content\/uploads\/2025\/02\/borstvergroting-ba3-5.jpg\" alt=\"\"\/>\n\t\t\t\t\t\t\t\t\t\t\t\t<img decoding=\"async\" src=\"https:\/\/pdedoncker.be\/wp-content\/uploads\/2025\/02\/borstvergroting-ba3-6.jpg\" alt=\"\"\/>\n\t\t\t\t\t\t\t\t\t\t\t\t<img decoding=\"async\" src=\"https:\/\/pdedoncker.be\/wp-content\/uploads\/2025\/02\/borstvergroting-ba3-1.jpg\" alt=\"\"\/>\n\t\t\t\t\t\t\t\t\t\t\t\t<img decoding=\"async\" src=\"https:\/\/pdedoncker.be\/wp-content\/uploads\/2025\/02\/borstvergroting-ba3-4.jpg\" alt=\"\"\/>\n\t\t\t\t\t\t\t\t\t\t\t\t<img decoding=\"async\" src=\"https:\/\/pdedoncker.be\/wp-content\/uploads\/2025\/02\/borstvergroting-ba3-3.jpg\" alt=\"\"\/>\n\t\t\t\t\t\t\t\t\t\t\t\t<img decoding=\"async\" src=\"https:\/\/pdedoncker.be\/wp-content\/uploads\/2025\/02\/borstvergroting-ba3-2.jpg\" alt=\"\"\/>\n<h2>\n\t\t\tFrom A cup to C cup with teardrop implants of 320 cc\t<\/h2>\n\t\t\t\t\t\t\t\t\t\t\t\t<img decoding=\"async\" src=\"https:\/\/pdedoncker.be\/wp-content\/uploads\/2025\/02\/borstvergroting-ba4-3.jpg\" alt=\"\"\/>\n\t\t\t\t\t\t\t\t\t\t\t\t<img decoding=\"async\" src=\"https:\/\/pdedoncker.be\/wp-content\/uploads\/2025\/02\/borstvergroting-ba4-5.jpg\" alt=\"\"\/>\n\t\t\t\t\t\t\t\t\t\t\t\t<img decoding=\"async\" src=\"https:\/\/pdedoncker.be\/wp-content\/uploads\/2025\/02\/borstvergroting-ba4-4.jpg\" alt=\"\"\/>\n\t\t\t\t\t\t\t\t\t\t\t\t<img decoding=\"async\" src=\"https:\/\/pdedoncker.be\/wp-content\/uploads\/2025\/02\/borstvergroting-ba4-2.jpg\" alt=\"\"\/>\n\t\t\t\t\t\t\t\t\t\t\t\t<img decoding=\"async\" src=\"https:\/\/pdedoncker.be\/wp-content\/uploads\/2025\/02\/borstvergroting-ba4-1.jpg\" alt=\"\"\/>\n\t\t\t\t\t\t\t\t\t\t\t\t<img decoding=\"async\" src=\"https:\/\/pdedoncker.be\/wp-content\/uploads\/2025\/02\/borstvergroting-ba4-6.jpg\" alt=\"\"\/>\n<h2>\n\t\t\tInformations importantes\t<\/h2>\n\t\t\t\t\t\t\t<img loading=\"lazy\" decoding=\"async\" src=\"https:\/\/pdedoncker.be\/wp-content\/uploads\/2025\/01\/litteken.svg\" alt=\"cicatrice\" width=\"61\" height=\"61\" \/>\n\t\t\t\t\t\t<h4>Cicatrice<\/h4>\t\t\t\t\t\n\t\t\t<p>L'augmentation mammaire laisse g\u00e9n\u00e9ralement une cicatrice, mais les techniques modernes la rendent presque invisible. L'encapsulation et les infections sont <strong data-start=\"315\" data-end=\"345\">complications tr\u00e8s rares<\/strong> en risico&#8217;s worden verder verkleind door antibiotica en chirurgische precisie.\u00a0<\/p>\t\t\n\t\t\t\t\t\t\t<img loading=\"lazy\" decoding=\"async\" src=\"https:\/\/pdedoncker.be\/wp-content\/uploads\/2025\/01\/herstel.svg\" alt=\"r\u00e9cup\u00e9ration\" width=\"61\" height=\"61\" \/>\n\t\t\t\t\t\t<h4>R\u00e9cup\u00e9ration<\/h4>\t\t\t\t\t\n\t\t\t<p>Les premi\u00e8res 48 heures peuvent \u00eatre sensibles. Les efforts importants seront <strong data-start=\"863\" data-end=\"883\">4 semaines \u00e9vit\u00e9es<\/strong>, sports <strong data-start=\"891\" data-end=\"905\">apr\u00e8s 1 mois<\/strong>, La proth\u00e8se permet de r\u00e9aliser plus rapidement les activit\u00e9s quotidiennes. Le corps ancre la proth\u00e8se \u00e0 l'int\u00e9rieur <strong data-start=\"981\" data-end=\"994\">2 mois<\/strong>, Le fonctionnement normal et l'entra\u00eenement sont alors \u00e0 nouveau possibles.<\/p>\t\t\n\t\t\t\t\t\t\t<img loading=\"lazy\" decoding=\"async\" src=\"https:\/\/pdedoncker.be\/wp-content\/uploads\/2025\/01\/risicos.svg\" alt=\"risques\" width=\"61\" height=\"61\" \/>\n\t\t\t\t\t\t<h4>Risques \u00e9ventuels<\/h4>\t\t\t\t\t\n\t\t\t<p>Le rejet ou l'infection est <strong data-start=\"1808\" data-end=\"1828\">extr\u00eamement rare<\/strong>. Les antibiotiques et les proth\u00e8ses \u00e0 texture l\u00e9g\u00e8rement rugueuse r\u00e9duisent encore davantage les complications. La capsularisation se produit rarement et diminue consid\u00e9rablement avec notre proc\u00e9dure. Si n\u00e9cessaire, les vaisseaux sanguins sont arr\u00eat\u00e9s au laser pour contr\u00f4ler les saignements ult\u00e9rieurs.<\/p>\t\t\n\t\t\t\t\t\t\t<img loading=\"lazy\" decoding=\"async\" src=\"https:\/\/pdedoncker.be\/wp-content\/uploads\/2025\/01\/verdoving.svg\" alt=\"anesth\u00e9sie\" width=\"61\" height=\"61\" \/>\n\t\t\t\t\t\t<h4>Anesth\u00e9sie<\/h4>\t\t\t\t\t\n\t\t\tL'op\u00e9ration se d\u00e9roule sous <strong data-start=\"592\" data-end=\"614\">anesth\u00e9sie g\u00e9n\u00e9rale<\/strong> avec une surveillance continue par un anesth\u00e9siste. Par cons\u00e9quent, vous ne ressentez rien pendant l'intervention et il n'est g\u00e9n\u00e9ralement pas n\u00e9cessaire de passer la nuit \u00e0 la clinique apr\u00e8s l'intervention.\t\t\n\t\t\t\t\t\t\t<img loading=\"lazy\" decoding=\"async\" src=\"https:\/\/pdedoncker.be\/wp-content\/uploads\/2025\/01\/voorzorgen.svg\" alt=\"pr\u00e9cautions\" width=\"61\" height=\"61\" \/>\n\t\t\t\t\t\t<h4>Pr\u00e9cautions<\/h4>\t\t\t\t\t\n\t\t\t<p>L'op\u00e9ration se d\u00e9roule sous <strong data-start=\"1104\" data-end=\"1141\">une s\u00e9curit\u00e9 et une surveillance maximales<\/strong>. L'anesth\u00e9sie est adapt\u00e9e \u00e0 votre confort : aussi peu invasive que possible, aussi efficace que n\u00e9cessaire. Si vous prenez des anticoagulants ou des m\u00e9dicaments, vous recevrez des instructions claires au pr\u00e9alable. Vous recevrez \u00e9galement un num\u00e9ro de contact direct de votre chirurgien pour une plus grande tranquillit\u00e9 d'esprit pendant votre convalescence.<\/p>\t\t\n\t\t\t\t<img decoding=\"async\" src=\"https:\/\/pdedoncker.be\/wp-content\/uploads\/2025\/01\/consult-verloop-img.jpg\" alt=\"consultation-course-img\" itemprop=\"image\" height=\"584\" width=\"878\" title=\"consultation-course-img\" onerror=\"this.style.display='none'\" loading=\"lazy\" \/>\n\t\t\tVotre chemin vers l'assurance\n\t\t\t\t\t\t<h4>Comment se d\u00e9roule un rendez-vous dans notre clinique<\/h4>\t\t\t\t\t\n\t\t\t<p>Dans notre clinique, nous adoptons une approche personnelle et experte pour renforcer votre confiance en vous et obtenir les meilleurs r\u00e9sultats.<\/p>\t\t\n    <img decoding=\"async\" src=\"https:\/\/pdedoncker.be\/wp-content\/uploads\/2025\/01\/miniprofielfoto.png\" alt=\"Dr. Patrick Dedoncker\"\/>\n      <h1>Dr. Patrick Dedoncker<\/h1>\n      <p>Chirurgien plasticien certifi\u00e9<\/p>\n\t\t\t01. \n\t\t\t\t\t\t<h4>Prendre rendez-vous<\/h4>\t\t\t\t\t\n\t\t\t<p>Il vous suffit de prendre rendez-vous en ligne ou par t\u00e9l\u00e9phone. Choisissez l'heure qui vous convient et faites-nous part \u00e0 l'avance de vos souhaits ou questions sp\u00e9cifiques.<\/p>\t\t\n\t\t\t02. \n\t\t\t\t\t\t<h4>Consultation<\/h4>\t\t\t\t\t\n\t\t\t<p>Lors de la consultation, le Dr Patrick Dedoncker discute de vos souhaits et de vos attentes. Nous proc\u00e9dons \u00e0 une analyse compl\u00e8te afin d'\u00e9tablir un plan de traitement personnalis\u00e9.<\/p>\t\t\n\t\t\t03. \n\t\t\t\t\t\t<h4>Apprendre \u00e0 conna\u00eetre<\/h4>\t\t\t\t\t\n\t\t\t<p>Rencontrez notre chirurgien plasticien certifi\u00e9, qui examinera votre plan de traitement en d\u00e9tail avec vous. Ensemble, nous d\u00e9terminerons la meilleure approche pour obtenir le r\u00e9sultat souhait\u00e9.<\/p>\t\t\n\t\t\t04. \n\t\t\t\t\t\t<h4>Traitement et soins<\/h4>\t\t\t\t\t\n\t\t\t<p>Faites l'exp\u00e9rience de soins et de conseils professionnels, adapt\u00e9s \u00e0 vos besoins. Nous veillons \u00e0 ce que vous vous sentiez \u00e0 l'aise et bien soutenu pendant et apr\u00e8s le traitement.<\/p>\t\t\n\t\t\t<a href=\"\/fr\/rendez-vous-en-ligne\/\" target=\"_self\">\n\t\t\t\t\t\t\tPrendre un rendez-vous en ligne\n\t\t\t\t\t<\/a>\n\t\t\t<a href=\"\/fr\/contact\/\" target=\"_self\">\n\t\t\t\t\t\t\tContactez nous\n\t\t\t\t\t<\/a>\n<h2>\n\t\t\tContactez nous\t<\/h2>\n\t<p>Vous avez des questions ou souhaitez prendre rendez-vous ? Remplissez le formulaire de contact et nous vous contacterons dans les 24 heures pour vous aider davantage !<\/p>\n\t\t\t\t\t\t<h4>Se sentir plus confiant que jamais !<\/h4>\t\t\t\t\t\n\t\t\t<p>Pr\u00eat \u00e0 franchir le pas vers une plus grande confiance en soi ? Prenez d\u00e8s \u00e0 pr\u00e9sent rendez-vous avec nous pour une op\u00e9ration de chirurgie plastique et b\u00e9n\u00e9ficiez de soins personnalis\u00e9s adapt\u00e9s \u00e0 vos besoins.<\/p>","protected":false},"excerpt":{"rendered":"<p>Home \/ Behandelingen \/ Borstvergroting De behandeling Veel vrouwen dromen van een vollere en mooiere boezem. Na een zwangerschap, door vermagering of door veroudering kunnen borsten kleiner of gewoon minder stevig worden. Maar ook voor vrouwen bij wie de boezem te weinig ontwikkeld is, biedt een borstvergroting een oplossing. Uw zelfvertrouwen krijgt een boost als&hellip;<\/p>","protected":false},"author":1,"featured_media":0,"parent":155,"menu_order":0,"comment_status":"closed","ping_status":"closed","template":"","meta":{"_acf_changed":false,"inline_featured_image":false,"footnotes":""},"class_list":["post-266","page","type-page","status-publish","hentry"],"acf":[],"_links":{"self":[{"href":"https:\/\/pdedoncker.be\/fr\/wp-json\/wp\/v2\/pages\/266","targetHints":{"allow":["GET"]}}],"collection":[{"href":"https:\/\/pdedoncker.be\/fr\/wp-json\/wp\/v2\/pages"}],"about":[{"href":"https:\/\/pdedoncker.be\/fr\/wp-json\/wp\/v2\/types\/page"}],"author":[{"embeddable":true,"href":"https:\/\/pdedoncker.be\/fr\/wp-json\/wp\/v2\/users\/1"}],"replies":[{"embeddable":true,"href":"https:\/\/pdedoncker.be\/fr\/wp-json\/wp\/v2\/comments?post=266"}],"version-history":[{"count":11,"href":"https:\/\/pdedoncker.be\/fr\/wp-json\/wp\/v2\/pages\/266\/revisions"}],"predecessor-version":[{"id":1589,"href":"https:\/\/pdedoncker.be\/fr\/wp-json\/wp\/v2\/pages\/266\/revisions\/1589"}],"up":[{"embeddable":true,"href":"https:\/\/pdedoncker.be\/fr\/wp-json\/wp\/v2\/pages\/155"}],"wp:attachment":[{"href":"https:\/\/pdedoncker.be\/fr\/wp-json\/wp\/v2\/media?parent=266"}],"curies":[{"name":"wp","href":"https:\/\/api.w.org\/{rel}","templated":true}]}}