{"id":189,"date":"2025-01-22T06:01:03","date_gmt":"2025-01-22T06:01:03","guid":{"rendered":"https:\/\/pdedoncker.be\/?page_id=189"},"modified":"2025-03-06T10:05:55","modified_gmt":"2025-03-06T10:05:55","slug":"faq","status":"publish","type":"page","link":"https:\/\/pdedoncker.be\/fr\/faq\/","title":{"rendered":"FAQ"},"content":{"rendered":"Tout ce que vous voulez savoir\n\t\t<h4>Questions fr\u00e9quemment pos\u00e9es<\/h4>\n\t<nav aria-label=\"chapelure\"><p><a href=\"https:\/\/pdedoncker.be\/fr\/\">Accueil<\/a> \/ FAQ<\/p><\/nav>\n\t\t\tVos questions, d\u00e9j\u00e0 r\u00e9pondues\n\t\t<h4>Questions fr\u00e9quemment pos\u00e9es<\/h4>\n\t\t\t<p>Nous avons dress\u00e9 une liste des questions les plus fr\u00e9quemment pos\u00e9es afin de vous fournir les informations dont vous avez besoin. Si vous ne trouvez pas la r\u00e9ponse que vous cherchez, n'h\u00e9sitez pas \u00e0 nous contacter.<\/p>\t\t\n\t\t\t\tPourquoi choisir le Dr. Patrick Dedoncker ?\n\t\t\t\t<p>Parce qu'il est important que vous soyez entre des mains professionnelles pour votre intervention esth\u00e9tique.<\/p>\n<p>Le Dr. Patrick Dedoncker est un\u00a0<strong>chirurgien plasticien certifi\u00e9<\/strong>Il est membre de la Soci\u00e9t\u00e9 royale belge de chirurgie plastique et reconstructive, qui pratique plus de 500 interventions esth\u00e9tiques majeures et mineures par an contre la maladie d'Alzheimer. <strong>des prix comp\u00e9titifs<\/strong>.\u00a0<\/p>\n<p>Lors de la premi\u00e8re consultation, votre m\u00e9decin prendra le temps d'\u00e9couter vos besoins et sera heureux de r\u00e9pondre \u00e0 toutes vos questions.<\/p>\n<p>Le Dr. Patrick Dedoncker pratique ses interventions dans un h\u00f4pital g\u00e9n\u00e9ral qui r\u00e9pond aux crit\u00e8res suivants\u00a0<strong>des normes de s\u00e9curit\u00e9 \u00e9lev\u00e9es<\/strong>\u00a0&#8211; die continu worden aangepast aan nieuwe ontwikkelingen &#8211; opgelegd door het Ministerie van Volksgezondheid. Dit is in contrast met de priv\u00e9-klinieken waarvoor deze normering en overheidscontrole niet van toepassing is.<\/p>\n<p>D'autres services sp\u00e9cialis\u00e9s tels que la cardiologie, la pneumologie, la m\u00e9decine d'urgence et les soins intensifs sont disponibles en cas de besoin.<\/p>\n<p>Vos soins \u00e0 l'h\u00f4pital sont confi\u00e9s \u00e0 une \u00e9quipe professionnelle d'infirmi\u00e8res et d'anesth\u00e9sistes hautement qualifi\u00e9s, qui b\u00e9n\u00e9ficient d'une formation continue.<\/p>\n<p>Nos interventions chirurgicales sont r\u00e9alis\u00e9es dans une infrastructure de pointe. Ainsi, toutes nos salles d'op\u00e9ration sont flambant neuves et dot\u00e9es d'un \u00e9quipement de pointe en mati\u00e8re d'anesth\u00e9sie, de techniques chirurgicales et de circulation d'air sans bact\u00e9ries.<\/p>\n<p>Apr\u00e8s l'intervention, vous pouvez joindre votre chirurgien par t\u00e9l\u00e9phone portable pour toute question.<\/p>\n\t\t\t\tQuels sont les avantages d'une intervention chirurgicale dans un h\u00f4pital g\u00e9n\u00e9ral ?\n\t\t\t\t<p>Le\u00a0<strong>normes de s\u00e9curit\u00e9<\/strong>\u00a0utilis\u00e9s dans un h\u00f4pital g\u00e9n\u00e9ral sont tr\u00e8s<strong>\u00a0\u00e9lev\u00e9<\/strong>.<\/p>\n<p>En outre, les normes de s\u00e9curit\u00e9 sont constamment mises \u00e0 jour pour refl\u00e9ter les nouveaux d\u00e9veloppements impos\u00e9s par le minist\u00e8re de la sant\u00e9. Contrairement aux cliniques priv\u00e9es pour lesquelles ces normes et le contr\u00f4le du gouvernement ne s'appliquent pas.<\/p>\n<p>Si n\u00e9cessaire, il est possible de recourir imm\u00e9diatement \u00e0\u00a0<strong>d'autres services sp\u00e9cialis\u00e9s tels que la cardiologie, la pneumologie, la m\u00e9decine d'urgence et les soins intensifs<\/strong>.<\/p>\n<p>Vos soins \u00e0 l'h\u00f4pital sont entre les mains d'un\u00a0<strong>\u00e9quipe professionnelle<\/strong>\u00a0d'infirmi\u00e8res et d'anesth\u00e9sistes hautement qualifi\u00e9s, qui b\u00e9n\u00e9ficient d'une formation continue.<\/p>\n<p>Nos interventions sont r\u00e9alis\u00e9es dans un\u00a0<strong>une infrastructure de pointe<\/strong>. Par exemple, toutes nos salles d'op\u00e9ration sont flambant neuves et dot\u00e9es des tout derniers \u00e9quipements de haute technologie en mati\u00e8re d'anesth\u00e9sie, de techniques chirurgicales et de circulation d'air sans bact\u00e9ries.<\/p>\n\t\t\t\tDans quel d\u00e9lai puis-je \u00eatre trait\u00e9 ?\n\t\t\t\t<p>Les soins de sant\u00e9 belges ne comportent pas de listes d'attente. En fonction de la proc\u00e9dure, vous pouvez \u00eatre trait\u00e9 dans un d\u00e9lai d'un mois.<\/p>\n\t\t\t\tPuis-je \u00eatre trait\u00e9 imm\u00e9diatement apr\u00e8s un rendez-vous ?\n\t\t\t\t<p>Cela n'est possible que pour les traitements non chirurgicaux. La l\u00e9gislation interdit les interventions chirurgicales imm\u00e9diates. Un d\u00e9lai de r\u00e9flexion doit \u00eatre respect\u00e9.<\/p>\n\t\t\t\tTout le monde peut-il b\u00e9n\u00e9ficier d'un traitement ?\n\t\t\t\t<p>Normalement, oui, mais il y a des exceptions. Pour une augmentation mammaire, il faut \u00eatre majeur. En revanche, une r\u00e9duction mammaire est possible d\u00e8s l'\u00e2ge de l'adolescence si l'on peut d\u00e9montrer qu'il y a un \u00e9norme fardeau.<\/p>\n\t\t\t\tComment choisir mon chirurgien plasticien ?\n\t\t\t\t<p>V\u00e9rifiez si votre chirurgien est enregistr\u00e9 en tant que chirurgien plasticien reconnu. Dressez une liste de toutes les questions que vous vous posez au sujet de votre op\u00e9ration. Passez cette liste en revue avec votre chirurgien. Prenez votre temps pour prendre une d\u00e9cision et soyez critique \u00e0 l'\u00e9gard du co\u00fbt.\u00a0<\/p>\n\t\t\t\tLes frais de chirurgie esth\u00e9tique sont-ils rembours\u00e9s ?\n\t\t\t\t<p>Certaines op\u00e9rations peuvent \u00eatre rembours\u00e9es, en partie ou en totalit\u00e9, par la caisse d'assurance maladie ou par l'assurance hospitalisation sous certaines conditions. La premi\u00e8re condition est que l'op\u00e9ration ait lieu dans un h\u00f4pital g\u00e9n\u00e9ral reconnu par le gouvernement.<\/p>\n\t\t\t\tQue dois-je faire en cas de probl\u00e8me \u00e0 la maison apr\u00e8s l'op\u00e9ration ?\n\t\t\t\t<p>Contactez ensuite le Dr Patrick Dedoncker sur son num\u00e9ro de GSM personnel. Ce num\u00e9ro vous sera communiqu\u00e9 apr\u00e8s l'op\u00e9ration. Il est joignable jour et nuit, y compris le week-end, pour les cas urgents.<\/p>\n\t\t\t\tLa chirurgie plastique est-elle dangereuse ?\n\t\t\t\t<p>En g\u00e9n\u00e9ral, non, car la plupart des interventions chirurgicales sont effectu\u00e9es \u00e0 la surface du corps. Il n'y a jamais de contact avec les intestins. Bien entendu, des complications mineures telles qu'une h\u00e9morragie ou une infection postop\u00e9ratoire sont toujours possibles.\u00a0<\/p>\n\t\t\t\tQue dois-je apporter avec moi \u00e0 l'h\u00f4pital ?\n\t\t\t\t<p>Apportez votre carte d'identit\u00e9. Retirez vos bijoux et piercings \u00e9ventuels et laissez-les \u00e0 la maison. Il n'est pas n\u00e9cessaire d'apporter des v\u00eatements sp\u00e9ciaux. A l'h\u00f4pital, nous vous fournirons une blouse d'op\u00e9ration.<\/p>\n\t\t\t\tDois-je me faire accompagner lors de l'op\u00e9ration ?\n\t\t\t\t<p>Pour la plupart des traitements, cela est recommand\u00e9. Vous pouvez g\u00e9n\u00e9ralement rentrer chez vous assez rapidement apr\u00e8s l'intervention. Mais il peut arriver que vous ressentiez encore des douleurs ou que vous soyez somnolent. Dans ce cas, il est utile qu'un accompagnateur vous ram\u00e8ne chez vous.<\/p>\n<p>Pendant l'intervention, votre accompagnateur peut attendre dans la salle d'attente. Mais par beau temps, votre compagnon peut explorer le centre-ville pendant un certain temps. Tant Vilvorde que Lokeren disposent d'un centre agr\u00e9able accessible \u00e0 pied depuis l'h\u00f4pital.  Lorsque l'op\u00e9ration sera termin\u00e9e, nous en informerons votre compagnon.\u00a0<\/p>\n\t\t\t\tAurai-je mal apr\u00e8s l'intervention ?\n\t\t\t\t<p>Non, vous ne devez pas avoir peur de la douleur.  En prenant des analg\u00e9siques classiques tels que le parac\u00e9tamol et l'ibuprof\u00e8ne, vous ne ressentirez aucune douleur. En g\u00e9n\u00e9ral, ces analg\u00e9siques ne sont n\u00e9cessaires que pendant trois jours environ. Chez les patients sensibles \u00e0 la douleur, un analg\u00e9sique plus puissant est parfois prescrit. Si vous avez toujours mal malgr\u00e9 les analg\u00e9siques, cela peut \u00eatre le signe d'une complication, comme une h\u00e9morragie postop\u00e9ratoire ou une infection. Dans ce cas, il suffit d'appeler votre chirurgien plasticien pour un contr\u00f4le pr\u00e9coce.<\/p>\n\t\t\t\tLes soins apr\u00e8s mon intervention esth\u00e9tique, par qui sont-ils effectu\u00e9s ?\n\t\t\t\t<p>Le suivi apr\u00e8s votre intervention esth\u00e9tique est effectu\u00e9 uniquement par votre chirurgien plasticien. Il n'est pas n\u00e9cessaire de faire venir une infirmi\u00e8re \u00e0 votre domicile.  En effet, les soins apr\u00e8s une intervention esth\u00e9tique n\u00e9cessitent une approche sp\u00e9cialis\u00e9e et sp\u00e9cifique. Imm\u00e9diatement apr\u00e8s l'intervention, le Dr. Patrick Dedoncker vous donne rendez-vous pour un premier contr\u00f4le. Votre chirurgien plasticien peut ainsi \u00e9valuer lui-m\u00eame les premiers r\u00e9sultats de votre intervention. Le premier contr\u00f4le a g\u00e9n\u00e9ralement lieu dans un d\u00e9lai d'une semaine. Entre-temps, vous ne devez rien faire. Le pansement reste bien ferm\u00e9 jusqu'\u00e0 ce qu'il soit cicatris\u00e9.<\/p>\n\t\t\t\t<img loading=\"lazy\" decoding=\"async\" src=\"https:\/\/pdedoncker.be\/wp-content\/uploads\/2025\/01\/garantie-foto.jpg\" alt=\"photo de la garantie\" itemprop=\"image\" height=\"519\" width=\"470\" title=\"photo de la garantie\" onerror=\"this.style.display='none'\"  \/>\n\t\t\tNous offrons une garantie\n\t\t<h4>La s\u00e9curit\u00e9 que nous offrons<\/h4>\n\t\t\t<p>Votre satisfaction et votre s\u00e9curit\u00e9 sont toujours prioritaires. C'est pourquoi nous offrons des garanties pour certains traitements.<\/p>\t\t\n\t<style>\n.new-container-widget {\n    display: block;\n    width: 100%;\n    max-width: 500px;\n    margin: 0;\n}\n.new-widget-left,\n.new-widget-right {\n    display: flex;\n    align-items: center; \/* Zorg ervoor dat het icoon altijd naast de tekst staat *\/\n    gap: 10px; \/* Ruimte tussen het icoon en de tekst *\/\n    padding: 10px 15px;\n    border-radius: 8px;\n    background-color: rgba(8, 27, 49, 0.5) !important;\n    transition: ease-in-out 0.3s;\n    box-shadow: 0 4px 10px rgba(0, 0, 0, 0.2);\n    backdrop-filter: blur(5px);\n    -webkit-backdrop-filter: blur(5px);\n    color: #fff;\n}\n.new-widget-left {\n    float: left; \/* Laat deze widget naar links floaten *\/\n    max-width: 260px; \/* Beperk de breedte van de widget *\/\n    margin-right: 10px; \/* Voeg ruimte toe tussen de widgets *\/\n}\n.new-widget-right {\n    max-width: 280px; \/* Beperk de breedte van de widget *\/\n}\n.new-widget img {\n    width: 35px;\n    height: 35px;\n}\n.new-widget-text {\n    font-size: 18px;\n    font-weight: normal;\n}\n.clearfix {\n    clear: both; \/* Zorgt ervoor dat de container de floats 'opruimt' *\/\n}\n\/* Media query voor mobiele apparaten *\/\n@media (max-width: 768px) {\n    .new-widget-left, .new-widget-right {\n        float: none; \/* Zorgt ervoor dat ze niet meer floaten *\/\n        display: block; \/* Zet ze onder elkaar *\/\n        width: 100%; \/* Zorg ervoor dat ze de volledige breedte innemen *\/\n        margin-right: 0; \/* Verwijdert de ruimte tussen de widgets *\/\n        margin-bottom: 20px; \/* Voeg wat ruimte toe onder de widgets *\/\n    }\n}\n<\/style>\n        <img decoding=\"async\" src=\"https:\/\/pdedoncker.be\/wp-content\/uploads\/2025\/01\/heroicons-solid_thumb-up.svg\" alt=\"Traitement abordable Ic\u00f4ne\"\/>\n        4000+ <br \/> des patients satisfaits\n        <img decoding=\"async\" src=\"https:\/\/pdedoncker.be\/wp-content\/uploads\/2025\/01\/ion_ribbon.svg\" alt=\"Ic\u00f4ne du client satisfait\"\/>\n        Certifi\u00e9<br \/>chirurgien plasticien\n     <!-- Zorg ervoor dat de floats goed worden afgehandeld -->\n\t\t\tCe que disent nos patients satisfaits\n\t\t<h4>Nos patients satisfaits nous font part de leur exp\u00e9rience.<\/h4>\n\t\t\t<p>Lisez leurs t\u00e9moignages et d\u00e9couvrez comment notre approche personnalis\u00e9e de la chirurgie plastique les a aid\u00e9s \u00e0 renforcer leur confiance en eux, \u00e0 atteindre leurs objectifs et \u00e0 se sentir mieux dans leur peau. Votre histoire pourrait \u00eatre la prochaine !<\/p>\t\t\n\t\t\t\t<img loading=\"lazy\" decoding=\"async\" src=\"https:\/\/pdedoncker.be\/wp-content\/uploads\/2025\/01\/reviews-blok-img.jpg\" alt=\"critiques-block-img\" itemprop=\"image\" height=\"419\" width=\"735\" title=\"critiques-block-img\" onerror=\"this.style.display='none'\"  \/>\n\t\t<!-- Slides wrapper -->\n\t\t\t\t\t\t<cite>\n\t\t\t\t\t\t\tricia matha-amana\n\t<i>\u2605<\/i><i>\u2605<\/i><i>\u2605<\/i><i>\u2605<\/i><i>\u2605<\/i>\t\t\t\t\t\t\t\n\t\t\t\t\t\t<\/cite>\n\t\t\t\t\t\t\t<p>Le Dr Patrick Dedoncker est l'un des meilleurs Dr. C'est un docteur qui a du c\u0153ur quand vous parlez \u00e0 cet homme la premi\u00e8re chose que vous remarquez c'est qu'avec lui ce n'est pas une question d'argent mais de s\u00e9curit\u00e9 pour le patient. Je me suis sentie en s\u00e9curit\u00e9 avec lui le jour de l'op\u00e9ration. Le 26 novembre 2024, j'ai \u00e9t\u00e9 op\u00e9r\u00e9e par le Dr Patrick Dedoncker. Cela fait maintenant un mois exactement que j'ai \u00e9t\u00e9 op\u00e9r\u00e9e par le Dr Patrick Dedoncker. Je suis tr\u00e8s satisfaite de ma poitrine gr\u00e2ce \u00e0 l'op\u00e9ration, je me sens belle et heureuse.<\/p>\t\t\t\t\t\t\n\t\t\t\t\t\t<cite>\n\t\t\t\t\t\t\tmorgane van den eynden\n\t<i>\u2605<\/i><i>\u2605<\/i><i>\u2605<\/i><i>\u2605<\/i><i>\u2605<\/i>\t\t\t\t\t\t\t\n\t\t\t\t\t\t<\/cite>\n\t\t\t\t\t\t\t<p>Si vous \u00eates \u00e0 la recherche d'un chirurgien plasticien fiable et professionnel, vous \u00eates au bon endroit. Il vous met \u00e0 l'aise et tr\u00e8s \u00e0 l'aise ! Il vous \u00e9coute tr\u00e8s bien en tant que patient. Si quelque chose n'allait pas, vous pouviez le joindre tr\u00e8s rapidement et efficacement ! Absolument recommand\u00e9, merci beaucoup pour les soins fantastiques et le r\u00e9sultat extr\u00eamement beau !<\/p>\t\t\t\t\t\t\n\t\t\t\t\t\t<cite>\n\t\t\t\t\t\t\t Valery Perez Rodriguez\n\t<i>\u2605<\/i><i>\u2605<\/i><i>\u2605<\/i><i>\u2605<\/i><i>\u2605<\/i>\t\t\t\t\t\t\t\n\t\t\t\t\t\t<\/cite>\n\t\t\t\t\t\t\t<p>Chirurgien tr\u00e8s s\u00e9rieux et honn\u00eate. J'ai \u00e9t\u00e9 op\u00e9r\u00e9e des seins par le Dr Dedoncker et je suis tr\u00e8s satisfaite du r\u00e9sultat naturel. Le docteur a pris le temps de v\u00e9rifier le type d'implant et la taille qui conviendrait le mieux \u00e0 ma silhouette.Contrairement \u00e0 ce que dit l'un des avis, il y a bien un suivi post-op\u00e9ratoire avec une visite de contr\u00f4le pour v\u00e9rifier la cicatrisation et\/ou retirer les points de suture si n\u00e9cessaire. Je recommande !<\/p>\t\t\t\t\t\t\n\t\t\t\t\t\t<cite>\n\t\t\t\t\t\t\tsigrid bosmans\n\t<i>\u2605<\/i><i>\u2605<\/i><i>\u2605<\/i><i>\u2605<\/i><i>\u2605<\/i>\t\t\t\t\t\t\t\n\t\t\t\t\t\t<\/cite>\n\t\t\t\t\t\t\t<p>Tr\u00e8s satisfaite du Docteur Dedoncker ! J'ai subi une op\u00e9ration des paupi\u00e8res il y a quelques ann\u00e9es et j'en suis toujours tr\u00e8s satisfaite ! Il y a un mois, il m'a fait une liposuccion et cela avance \u00e9galement dans la bonne direction. Le docteur a pris son temps et m'a donn\u00e9 suffisamment d'informations. Ce qui est tr\u00e8s rassurant, c'est qu'il donne son num\u00e9ro de portable en cas de questions\/avis et ainsi de suite. Exp\u00e9rience tr\u00e8s positive.<\/p>\t\t\t\t\t\t\n\t\t\t\t\t\t<cite>\n\t\t\t\t\t\t\tV\u00e9ronique Baeten\n\t<i>\u2605<\/i><i>\u2605<\/i><i>\u2605<\/i><i>\u2605<\/i><i>\u2605<\/i>\t\t\t\t\t\t\t\n\t\t\t\t\t\t<\/cite>\n\t\t\t\t\t\t\t<p>Pour moi, le Docteur Dedoncker est un chirurgien tr\u00e8s comp\u00e9tent et direct. J'ai d\u00e9j\u00e0 fait appel \u00e0 lui deux fois et je suis extr\u00eamement satisfaite du r\u00e9sultat, de son approche et de sa flexibilit\u00e9. Ce qui me g\u00eanait dans le pass\u00e9, il l'a r\u00e9solu \u00e0 merveille... Merci beaucoup !<\/p>\t\t\t\t\t\t\n\t\t\t\t\t\t<cite>\n\t\t\t\t\t\t\tMaria Rahman\n\t<i>\u2605<\/i><i>\u2605<\/i><i>\u2605<\/i><i>\u2605<\/i><i>\u2605<\/i>\t\t\t\t\t\t\t\n\t\t\t\t\t\t<\/cite>\n\t\t\t\t\t\t\t<p>Meilleure exp\u00e9rience. Je suis all\u00e9e pour une augmentation mammaire, une correction de l'ar\u00e9ole et un lifting. Parfaitement r\u00e9alis\u00e9. Toujours disponible, bonne consultation, m\u00eame le week-end. Le r\u00e9sultat est excellent et je peux toujours le joindre pour toute r\u00e9clamation. Je ferai certainement d'autres op\u00e9rations ici. L'hygi\u00e8ne \u00e9tait \u00e9galement excellente. Les soins postop\u00e9ratoires \u00e9taient \u00e9galement bien organis\u00e9s. Hautement recommand\u00e9.\u00a0<\/p>\t\t\t\t\t\t\n\t\t\t\t<!-- Pagination, if required -->\n\t\t\t\t<img loading=\"lazy\" decoding=\"async\" src=\"https:\/\/pdedoncker.be\/wp-content\/uploads\/2025\/01\/consult-verloop-img.jpg\" alt=\"consultation-course-img\" itemprop=\"image\" height=\"584\" width=\"878\" title=\"consultation-course-img\" onerror=\"this.style.display='none'\"  \/>\n\t\t\tVotre chemin vers l'assurance\n\t\t<h4>Comment se d\u00e9roule un rendez-vous dans notre clinique<\/h4>\n\t\t\t<p>Dans notre clinique, nous adoptons une approche personnelle et experte pour renforcer votre confiance en vous et obtenir les meilleurs r\u00e9sultats.<\/p>\t\t\n    <img decoding=\"async\" src=\"https:\/\/pdedoncker.be\/wp-content\/uploads\/2025\/01\/miniprofielfoto.png\" alt=\"Dr. Patrick Dedoncker\"\/>\n      <h1>Dr. Patrick Dedoncker<\/h1>\n      <p>Chirurgien plasticien certifi\u00e9<\/p>\n\t\t\t01. \n\t\t<h4>Prendre rendez-vous<\/h4>\n\t\t\t<p>Il vous suffit de prendre rendez-vous en ligne ou par t\u00e9l\u00e9phone. Choisissez l'heure qui vous convient et faites-nous part \u00e0 l'avance de vos souhaits ou questions sp\u00e9cifiques.<\/p>\t\t\n\t\t\t02. \n\t\t<h4>Consultation<\/h4>\n\t\t\t<p>Lors de la consultation, le Dr Patrick Dedoncker discute de vos souhaits et de vos attentes. Nous proc\u00e9dons \u00e0 une analyse compl\u00e8te afin d'\u00e9tablir un plan de traitement personnalis\u00e9.<\/p>\t\t\n\t\t\t03. \n\t\t<h4>Apprendre \u00e0 conna\u00eetre<\/h4>\n\t\t\t<p>Rencontrez notre chirurgien plasticien certifi\u00e9, qui examinera votre plan de traitement en d\u00e9tail avec vous. Ensemble, nous d\u00e9terminerons la meilleure approche pour obtenir le r\u00e9sultat souhait\u00e9.<\/p>\t\t\n\t\t\t04. \n\t\t<h4>Traitement et soins<\/h4>\n\t\t\t<p>Faites l'exp\u00e9rience de soins et de conseils professionnels, adapt\u00e9s \u00e0 vos besoins. Nous veillons \u00e0 ce que vous vous sentiez \u00e0 l'aise et bien soutenu pendant et apr\u00e8s le traitement.<\/p>\t\t\n\t\t\t<a href=\"\/fr\/contact\/\" target=\"_self\">\n\t\t\t\t\t\t\tContactez nous\n\t\t\t\t\t<\/a>\n<h2>\n\t\tContactez nous\n\t<\/h2>\n\t<p>Vous avez des questions ou souhaitez prendre rendez-vous ? Remplissez le formulaire de contact et nous vous contacterons dans les 24 heures pour vous aider davantage !<\/p>\n\t\t<h4>Se sentir plus confiant que jamais !<\/h4>\n\t\t\t<p>Pr\u00eat \u00e0 franchir le pas vers une plus grande confiance en soi ? Prenez d\u00e8s \u00e0 pr\u00e9sent rendez-vous avec nous pour une op\u00e9ration de chirurgie plastique et b\u00e9n\u00e9ficiez de soins personnalis\u00e9s adapt\u00e9s \u00e0 vos besoins.<\/p>","protected":false},"excerpt":{"rendered":"<p>Alles wat je wilt weten Veelgestelde vragen Home \/ FAQ Jouw vragen, alvast beantwoord Veelgestelde vragen We hebben een lijst samengesteld met veelgestelde vragen om je van de informatie te voorzien die je nodig hebt. Als je het antwoord dat je zoekt niet kunt vinden, neem dan contact op. Waarom voor Dr. Patrick Dedoncker kiezen?&hellip;<\/p>","protected":false},"author":1,"featured_media":0,"parent":0,"menu_order":0,"comment_status":"closed","ping_status":"closed","template":"","meta":{"_acf_changed":false,"inline_featured_image":false,"footnotes":""},"class_list":["post-189","page","type-page","status-publish","hentry"],"acf":[],"_links":{"self":[{"href":"https:\/\/pdedoncker.be\/fr\/wp-json\/wp\/v2\/pages\/189","targetHints":{"allow":["GET"]}}],"collection":[{"href":"https:\/\/pdedoncker.be\/fr\/wp-json\/wp\/v2\/pages"}],"about":[{"href":"https:\/\/pdedoncker.be\/fr\/wp-json\/wp\/v2\/types\/page"}],"author":[{"embeddable":true,"href":"https:\/\/pdedoncker.be\/fr\/wp-json\/wp\/v2\/users\/1"}],"replies":[{"embeddable":true,"href":"https:\/\/pdedoncker.be\/fr\/wp-json\/wp\/v2\/comments?post=189"}],"version-history":[{"count":11,"href":"https:\/\/pdedoncker.be\/fr\/wp-json\/wp\/v2\/pages\/189\/revisions"}],"predecessor-version":[{"id":1122,"href":"https:\/\/pdedoncker.be\/fr\/wp-json\/wp\/v2\/pages\/189\/revisions\/1122"}],"wp:attachment":[{"href":"https:\/\/pdedoncker.be\/fr\/wp-json\/wp\/v2\/media?parent=189"}],"curies":[{"name":"wp","href":"https:\/\/api.w.org\/{rel}","templated":true}]}}