{"id":155,"date":"2025-01-21T09:40:31","date_gmt":"2025-01-21T09:40:31","guid":{"rendered":"https:\/\/pdedoncker.be\/?page_id=155"},"modified":"2025-01-25T08:08:35","modified_gmt":"2025-01-25T08:08:35","slug":"traitements","status":"publish","type":"page","link":"https:\/\/pdedoncker.be\/fr\/behandelingen\/","title":{"rendered":"Traitements"},"content":{"rendered":"Traitements\n\t\t<h4>Des traitements adapt\u00e9s \u00e0 votre apparence naturelle<\/h4>\n\t<nav aria-label=\"chapelure\"><p><a href=\"https:\/\/pdedoncker.be\/fr\/\">Accueil<\/a> \/ Behandelingen<\/p><\/nav>\n\t\t\tNotre expertise en mati\u00e8re de plastique \n\t\t<h4>Des traitements plastiques adapt\u00e9s \u00e0 vos besoins<\/h4>\n\t\t\t\t<img loading=\"lazy\" decoding=\"async\" src=\"https:\/\/pdedoncker.be\/wp-content\/uploads\/2025\/01\/behandelingen-gezicht.jpg\" alt=\"behandelingen-gezicht\" itemprop=\"image\" height=\"338\" width=\"531\" title=\"behandelingen-gezicht\" onerror=\"this.style.display='none'\"  \/>\n\t\t<ul>\n\t\t\t\t\t<li>\n\t\t\t\t\t<a href=\"https:\/\/pdedoncker.be\/fr\/traitements\/chirurgie-des-paupieres\/\" target=\"_self\">\n\t\t\t\t<h3>Correction des paupi\u00e8res (bl\u00e9pharoplastie)<\/h3>\n\t\t\t\t\t<\/a>\n\t\t\t<\/li>\n\t\t\t\t\t<li>\n\t\t\t\t\t<a href=\"https:\/\/pdedoncker.be\/fr\/traitements\/lifting\/\" target=\"_self\">\n\t\t\t\t<h3>Lifting du visage<\/h3>\n\t\t\t\t\t<\/a>\n\t\t\t<\/li>\n\t\t\t\t\t<li>\n\t\t\t\t\t<a href=\"https:\/\/pdedoncker.be\/fr\/traitements\/lifting-du-cou\/\" target=\"_self\">\n\t\t\t\t<h3>Lifting du cou<\/h3>\n\t\t\t\t\t<\/a>\n\t\t\t<\/li>\n\t\t\t\t\t<li>\n\t\t\t\t\t<a href=\"https:\/\/pdedoncker.be\/fr\/traitements\/correction-de-loreille\/\" target=\"_self\">\n\t\t\t\t<h3>Correction de l'oreille<\/h3>\n\t\t\t\t\t<\/a>\n\t\t\t<\/li>\n\t\t\t\t\t<li>\n\t\t\t\t\t<a href=\"https:\/\/pdedoncker.be\/fr\/traitements\/lipofilling\/\" target=\"_self\">\n\t\t\t\t<h3>Lipofilling<\/h3>\n\t\t\t\t\t<\/a>\n\t\t\t<\/li>\n\t\t\t\t\t<li>\n\t\t\t\t\t<a href=\"https:\/\/pdedoncker.be\/fr\/traitements\/lobe-doreille-sectionne\/\" target=\"_self\">\n\t\t\t\t<h3>Lobe d'oreille d\u00e9chir\u00e9<\/h3>\n\t\t\t\t\t<\/a>\n\t\t\t<\/li>\n\t\t\t\t\t<li>\n\t\t\t\t\t<a href=\"https:\/\/pdedoncker.be\/fr\/traitements\/epluchage\/\" target=\"_self\">\n\t\t\t\t<h3>Peelings<\/h3>\n\t\t\t\t\t<\/a>\n\t\t\t<\/li>\n\t\t\t\t\t<li>\n\t\t\t\t\t<a href=\"https:\/\/pdedoncker.be\/fr\/traitements\/lifting-des-sourcils\/\" target=\"_self\">\n\t\t\t\t<h3>Lifting des sourcils<\/h3>\n\t\t\t\t\t<\/a>\n\t\t\t<\/li>\n\t\t\t\t\t<li>\n\t\t\t\t\t<a href=\"https:\/\/pdedoncker.be\/fr\/traitements\/correction-du-menton\/\" target=\"_self\">\n\t\t\t\t<h3>Correction du menton<\/h3>\n\t\t\t\t\t<\/a>\n\t\t\t<\/li>\n\t\t\t\t<\/ul>\n\t\t\t\t<img loading=\"lazy\" decoding=\"async\" src=\"https:\/\/pdedoncker.be\/wp-content\/uploads\/2025\/01\/behandelingen-borsten.jpg\" alt=\"behandelingen-borsten\" itemprop=\"image\" height=\"328\" width=\"519\" title=\"behandelingen-borsten\" onerror=\"this.style.display='none'\"  \/>\n\t\t<ul>\n\t\t\t\t\t<li>\n\t\t\t\t\t<a href=\"https:\/\/pdedoncker.be\/fr\/traitements\/laugmentation-du-volume-des-seins\/\" target=\"_self\">\n\t\t\t\t<h3>Augmentation mammaire<\/h3>\n\t\t\t\t\t<\/a>\n\t\t\t<\/li>\n\t\t\t\t\t<li>\n\t\t\t\t\t<a href=\"https:\/\/pdedoncker.be\/fr\/traitements\/lifting-des-seins-avec-augmentation-mammaire\/\" target=\"_self\">\n\t\t\t\t<h3>Lifting des seins avec augmentation mammaire<\/h3>\n\t\t\t\t\t<\/a>\n\t\t\t<\/li>\n\t\t\t\t\t<li>\n\t\t\t\t\t<a href=\"https:\/\/pdedoncker.be\/fr\/traitements\/lifting-des-seins\/\" target=\"_self\">\n\t\t\t\t<h3>Lifting des seins<\/h3>\n\t\t\t\t\t<\/a>\n\t\t\t<\/li>\n\t\t\t\t\t<li>\n\t\t\t\t\t<a href=\"https:\/\/pdedoncker.be\/fr\/traitements\/reduction-mammaire\/\" target=\"_self\">\n\t\t\t\t<h3>R\u00e9duction mammaire<\/h3>\n\t\t\t\t\t<\/a>\n\t\t\t<\/li>\n\t\t\t\t\t<li>\n\t\t\t\t\t<a href=\"https:\/\/pdedoncker.be\/fr\/traitements\/reduction-mammaire-chez-lhomme\/\" target=\"_self\">\n\t\t\t\t<h3>R\u00e9duction mammaire pour les hommes<\/h3>\n\t\t\t\t\t<\/a>\n\t\t\t<\/li>\n\t\t\t\t\t<li>\n\t\t\t\t\t<a href=\"https:\/\/pdedoncker.be\/fr\/traitements\/mamelons-retractes\/\" target=\"_self\">\n\t\t\t\t<h3>Mamelons r\u00e9tract\u00e9s<\/h3>\n\t\t\t\t\t<\/a>\n\t\t\t<\/li>\n\t\t\t\t\t<li>\n\t\t\t\t\t<a href=\"https:\/\/pdedoncker.be\/fr\/traitements\/reduction-des-mamelons\/\" target=\"_self\">\n\t\t\t\t<h3>R\u00e9duction du mamelon<\/h3>\n\t\t\t\t\t<\/a>\n\t\t\t<\/li>\n\t\t\t\t<\/ul>\n\t\t\t\t<img loading=\"lazy\" decoding=\"async\" src=\"https:\/\/pdedoncker.be\/wp-content\/uploads\/2025\/01\/behandelingen-lichaam.jpg\" alt=\"behandelingen-lichaam\" itemprop=\"image\" height=\"314\" width=\"497\" title=\"behandelingen-lichaam\" onerror=\"this.style.display='none'\"  \/>\n\t\t<ul>\n\t\t\t\t\t<li>\n\t\t\t\t\t<a href=\"\" target=\"_self\">\n\t\t\t\t<h3>Abdominoplastie (plastie abdominale)<\/h3>\n\t\t\t\t\t<\/a>\n\t\t\t<\/li>\n\t\t\t\t\t<li>\n\t\t\t\t\t<a href=\"\" target=\"_self\">\n\t\t\t\t<h3>Mini-plastie abdominale<\/h3>\n\t\t\t\t\t<\/a>\n\t\t\t<\/li>\n\t\t\t\t\t<li>\n\t\t\t\t\t<a href=\"\" target=\"_self\">\n\t\t\t\t<h3>Nymophlastie (r\u00e9duction labiale - labiaplastie)<\/h3>\n\t\t\t\t\t<\/a>\n\t\t\t<\/li>\n\t\t\t\t\t<li>\n\t\t\t\t\t<a href=\"\" target=\"_self\">\n\t\t\t\t<h3>Lifting des bras<\/h3>\n\t\t\t\t\t<\/a>\n\t\t\t<\/li>\n\t\t\t\t\t<li>\n\t\t\t\t\t<a href=\"\" target=\"_self\">\n\t\t\t\t<h3>Liposculpture (liposuccion)<\/h3>\n\t\t\t\t\t<\/a>\n\t\t\t<\/li>\n\t\t\t\t\t<li>\n\t\t\t\t\t<a href=\"\" target=\"_self\">\n\t\t\t\t<h3>Lifting des cuisses (correction des cuisses)<\/h3>\n\t\t\t\t\t<\/a>\n\t\t\t<\/li>\n\t\t\t\t\t<li>\n\t\t\t\t\t<a href=\"\" target=\"_self\">\n\t\t\t\t<h3>Chirurgie de la peau (ablation d'une tumeur cutan\u00e9e)<\/h3>\n\t\t\t\t\t<\/a>\n\t\t\t<\/li>\n\t\t\t\t\t<li>\n\t\t\t\t\t<a href=\"\" target=\"_self\">\n\t\t\t\t<h3>Correction de cicatrice<\/h3>\n\t\t\t\t\t<\/a>\n\t\t\t<\/li>\n\t\t\t\t<\/ul>\n\t\t\t<a href=\"\/fr\/liste-de-prix\/\" target=\"_self\">\n\t\t\t\t\t\t\tConsultez nos tarifs\n\t\t\t\t\t<\/a>\n\t\t\tLes plus choisis\n\t\t<h4>Nos anciens patients ont souvent opt\u00e9 pour les traitements suivants<\/h4>\n\t\t\t\t<img loading=\"lazy\" decoding=\"async\" src=\"https:\/\/pdedoncker.be\/wp-content\/uploads\/2025\/01\/borstvergroting-behandeling.jpg\" alt=\"traitement de l&#039;hypertrophie mammaire\" itemprop=\"image\" height=\"304\" width=\"401\" title=\"traitement de l&#039;hypertrophie mammaire\" onerror=\"this.style.display='none'\"  \/>\n<h2>\n\t\tAugmentation mammaire\n\t<\/h2>\n\t<p>L'augmentation mammaire est une intervention qui permet aux femmes d'obtenir la forme et la taille de poitrine qu'elles souhaitent. Nous utilisons des implants s\u00fbrs et de haute qualit\u00e9 et travaillons avec attention pour obtenir un r\u00e9sultat naturel qui s'adapte harmonieusement \u00e0 votre corps et \u00e0 vos d\u00e9sirs.<\/p>\n\t\t\t<a href=\"https:\/\/pdedoncker.be\/fr\/traitements\/laugmentation-du-volume-des-seins\/\" target=\"_self\">\n\t\t\t\t\t\t\tEn savoir plus sur ce traitement\n\t\t\t\t\t<\/a>\n\t\t\t\t<img loading=\"lazy\" decoding=\"async\" src=\"https:\/\/pdedoncker.be\/wp-content\/uploads\/2025\/01\/borstlift-behandeling.jpg\" alt=\"traitement du lifting mammaire\" itemprop=\"image\" height=\"306\" width=\"393\" title=\"traitement du lifting mammaire\" onerror=\"this.style.display='none'\"  \/>\n<h2>\n\t\tLifting des seins\n\t<\/h2>\n\t<p>Le lifting mammaire est une intervention qui r\u00e9tablit la forme et la fermet\u00e9 naturelles des seins. En enlevant l'exc\u00e8s de peau et en remontant les seins, nous cr\u00e9ons un r\u00e9sultat plus jeune et plus \u00e9quilibr\u00e9, adapt\u00e9 \u00e0 votre corps et \u00e0 vos d\u00e9sirs.<\/p>\n\t\t\t<a href=\"https:\/\/pdedoncker.be\/fr\/traitements\/lifting-des-seins\/\" target=\"_self\">\n\t\t\t\t\t\t\tEn savoir plus sur ce traitement\n\t\t\t\t\t<\/a>\n\t\t\t\t<img loading=\"lazy\" decoding=\"async\" src=\"https:\/\/pdedoncker.be\/wp-content\/uploads\/2025\/01\/facelift-gelaat-hals-behandeling.jpg\" alt=\"lifting - traitement du visage et du cou\" itemprop=\"image\" height=\"346\" width=\"444\" title=\"lifting - traitement du visage et du cou\" onerror=\"this.style.display='none'\"  \/>\n<h2>\n\t\tlifting du visage et du cou \n\t<\/h2>\n\t<p>Le lifting MACS est une intervention qui rajeunit les contours du visage et du cou et corrige le rel\u00e2chement des tissus. Avec une chirurgie minimale et une cicatrice subtile, nous garantissons un r\u00e9sultat naturel et frais qui convient \u00e0 votre look unique.<\/p>\n\t\t\t<a href=\"https:\/\/pdedoncker.be\/fr\/traitements\/lifting\/\" target=\"_self\">\n\t\t\t\t\t\t\tEn savoir plus sur ce traitement\n\t\t\t\t\t<\/a>\n\t\t\tCe que disent nos patients satisfaits\n\t\t<h4>Nos patients satisfaits nous font part de leur exp\u00e9rience.<\/h4>\n\t\t\t<p>Lisez leurs t\u00e9moignages et d\u00e9couvrez comment notre approche personnalis\u00e9e de la chirurgie plastique les a aid\u00e9s \u00e0 renforcer leur confiance en eux, \u00e0 atteindre leurs objectifs et \u00e0 se sentir mieux dans leur peau. Votre histoire pourrait \u00eatre la prochaine !<\/p>\t\t\n\t\t\t\t<img loading=\"lazy\" decoding=\"async\" src=\"https:\/\/pdedoncker.be\/wp-content\/uploads\/2025\/01\/reviews-blok-img.jpg\" alt=\"critiques-block-img\" itemprop=\"image\" height=\"419\" width=\"735\" title=\"critiques-block-img\" onerror=\"this.style.display='none'\"  \/>\n\t\t<!-- Slides wrapper -->\n\t\t\t\t\t\t<cite>\n\t\t\t\t\t\t\tAnonyme\n\t<i>\u2605<\/i><i>\u2605<\/i><i>\u2605<\/i><i>\u2605<\/i><i>\u2605<\/i>\t\t\t\t\t\t\t\n\t\t\t\t\t\t<\/cite>\n\t\t\t\t\t\t\t<p>Excellente exp\u00e9rience du d\u00e9but \u00e0 la fin ! Le chirurgien a vraiment pris le temps de r\u00e9pondre \u00e0 mes questions et m'a mis \u00e0 l'aise.<\/p>\t\t\t\t\t\t\n\t\t\t\t\t\t<cite>\n\t\t\t\t\t\t\tAnonyme\n\t<i>\u2605<\/i><i>\u2605<\/i><i>\u2605<\/i><i>\u2605<\/i><i>\u2605<\/i>\t\t\t\t\t\t\t\n\t\t\t\t\t\t<\/cite>\n\t\t\t\t\t\t\t<p>Excellente exp\u00e9rience du d\u00e9but \u00e0 la fin ! Le chirurgien a vraiment pris le temps de r\u00e9pondre \u00e0 mes questions et m'a mis \u00e0 l'aise.<\/p>\t\t\t\t\t\t\n\t\t\t\t\t\t<cite>\n\t\t\t\t\t\t\tAnonyme\n\t<i>\u2605<\/i><i>\u2605<\/i><i>\u2605<\/i><i>\u2605<\/i><i>\u2605<\/i>\t\t\t\t\t\t\t\n\t\t\t\t\t\t<\/cite>\n\t\t\t\t\t\t\t<p>Excellente exp\u00e9rience du d\u00e9but \u00e0 la fin ! Le chirurgien a vraiment pris le temps de r\u00e9pondre \u00e0 mes questions et m'a mis \u00e0 l'aise.<\/p>\t\t\t\t\t\t\n\t\t\t\t<!-- Pagination, if required -->\n\t\t\t\t<img loading=\"lazy\" decoding=\"async\" src=\"https:\/\/pdedoncker.be\/wp-content\/uploads\/2025\/01\/consult-verloop-img.jpg\" alt=\"consultation-course-img\" itemprop=\"image\" height=\"584\" width=\"878\" title=\"consultation-course-img\" onerror=\"this.style.display='none'\"  \/>\n\t\t\tVotre chemin vers l'assurance\n\t\t<h4>Comment se d\u00e9roule un rendez-vous dans notre clinique<\/h4>\n\t\t\t<p>Dans notre clinique, nous adoptons une approche personnelle et experte pour renforcer votre confiance en vous et obtenir les meilleurs r\u00e9sultats.<\/p>\t\t\n    <img decoding=\"async\" src=\"https:\/\/pdedoncker.be\/wp-content\/uploads\/2025\/01\/miniprofielfoto.png\" alt=\"Dr. Patrick Dedoncker\"\/>\n      <h1>Dr. Patrick Dedoncker<\/h1>\n      <p>Chirurgien plasticien certifi\u00e9<\/p>\n\t\t\t01. \n\t\t<h4>Prendre rendez-vous<\/h4>\n\t\t\t<p>Il vous suffit de prendre rendez-vous en ligne ou par t\u00e9l\u00e9phone. Choisissez l'heure qui vous convient et faites-nous part \u00e0 l'avance de vos souhaits ou questions sp\u00e9cifiques.<\/p>\t\t\n\t\t\t04. \n\t\t<h4>Consultation<\/h4>\n\t\t\t<p>Lors de la consultation, notre sp\u00e9cialiste discute de vos besoins et de vos attentes. Nous proc\u00e9dons \u00e0 une analyse compl\u00e8te afin d'\u00e9tablir un plan de traitement personnalis\u00e9.<\/p>\t\t\n\t\t\t03. \n\t\t<h4>Apprendre \u00e0 conna\u00eetre<\/h4>\n\t\t\t<p>Rencontrez notre chirurgien plasticien certifi\u00e9, qui examinera votre plan de traitement en d\u00e9tail avec vous. Ensemble, nous d\u00e9terminerons la meilleure approche pour obtenir le r\u00e9sultat souhait\u00e9.<\/p>\t\t\n\t\t\t04. \n\t\t<h4>Traitement et soins<\/h4>\n\t\t\t<p>Faites l'exp\u00e9rience de soins et de conseils professionnels, adapt\u00e9s \u00e0 vos besoins. Nous veillons \u00e0 ce que vous vous sentiez \u00e0 l'aise et bien soutenu pendant et apr\u00e8s le traitement.<\/p>\t\t\n\t\t\t<a href=\"\/fr\/contact\/\" target=\"_self\">\n\t\t\t\t\t\t\tContactez nous\n\t\t\t\t\t<\/a>\n<h2>\n\t\tContactez nous\n\t<\/h2>\n\t<p>Vous avez des questions ou souhaitez prendre rendez-vous ? Remplissez le formulaire de contact et nous vous contacterons dans les 24 heures pour vous aider davantage !<\/p>\n\t\t<h4>Se sentir plus confiant que jamais !<\/h4>\n\t\t\t<p>Pr\u00eat \u00e0 franchir le pas vers une plus grande confiance en soi ? Prenez d\u00e8s \u00e0 pr\u00e9sent rendez-vous avec nous pour une op\u00e9ration de chirurgie plastique et b\u00e9n\u00e9ficiez de soins personnalis\u00e9s adapt\u00e9s \u00e0 vos besoins.<\/p>","protected":false},"excerpt":{"rendered":"<p>Behandelingen Behandelingen die passen bij jouw natuurlijke uitstraling Home \/ Behandelingen Onze Plastische expertises Plastische behandelingen op basis van jouw wensen Ooglidcorrectie (blefaroplastie) Facelift Halslift Oorcorrectie Lipofilling Doorgescheurde oorlel Peelings Wenkbrauwlift Kincorrectie Borstvergroting Borstlift met borstvergroting Borstlift Borstverkleining Borstverkleining mannen Ingetrokken tepels Tepelverkleining Buikcorrectie (abdominoplastie) Mini-buikcorrectie Schaamlipverkleining Armlift Liposculptuur (liposuctie) Dijlift (correctie van de dijen)&hellip;<\/p>","protected":false},"author":1,"featured_media":0,"parent":0,"menu_order":0,"comment_status":"closed","ping_status":"closed","template":"","meta":{"_acf_changed":false,"inline_featured_image":false,"footnotes":""},"class_list":["post-155","page","type-page","status-publish","hentry"],"acf":[],"_links":{"self":[{"href":"https:\/\/pdedoncker.be\/fr\/wp-json\/wp\/v2\/pages\/155","targetHints":{"allow":["GET"]}}],"collection":[{"href":"https:\/\/pdedoncker.be\/fr\/wp-json\/wp\/v2\/pages"}],"about":[{"href":"https:\/\/pdedoncker.be\/fr\/wp-json\/wp\/v2\/types\/page"}],"author":[{"embeddable":true,"href":"https:\/\/pdedoncker.be\/fr\/wp-json\/wp\/v2\/users\/1"}],"replies":[{"embeddable":true,"href":"https:\/\/pdedoncker.be\/fr\/wp-json\/wp\/v2\/comments?post=155"}],"version-history":[{"count":4,"href":"https:\/\/pdedoncker.be\/fr\/wp-json\/wp\/v2\/pages\/155\/revisions"}],"predecessor-version":[{"id":547,"href":"https:\/\/pdedoncker.be\/fr\/wp-json\/wp\/v2\/pages\/155\/revisions\/547"}],"wp:attachment":[{"href":"https:\/\/pdedoncker.be\/fr\/wp-json\/wp\/v2\/media?parent=155"}],"curies":[{"name":"wp","href":"https:\/\/api.w.org\/{rel}","templated":true}]}}