{"id":142,"date":"2025-01-21T07:31:45","date_gmt":"2025-01-21T07:31:45","guid":{"rendered":"https:\/\/pdedoncker.be\/?page_id=142"},"modified":"2025-02-10T10:08:56","modified_gmt":"2025-02-10T10:08:56","slug":"contact","status":"publish","type":"page","link":"https:\/\/pdedoncker.be\/fr\/contact\/","title":{"rendered":"Contact"},"content":{"rendered":"Prendre contact\n\t\t<h4>Contactez-nous pour une consultation personnalis\u00e9e<\/h4>\n\t<nav aria-label=\"chapelure\"><p><a href=\"https:\/\/pdedoncker.be\/fr\/\">Accueil<\/a> \/ Contact<\/p><\/nav><h2>\n\t\tInformations de contact Dr P. Dedoncker\n\t<\/h2>\n<h2>\n\t\tA.Z. Jan Portaels\n\t<\/h2>\n\t\t\t\t<img loading=\"lazy\" decoding=\"async\" src=\"https:\/\/pdedoncker.be\/wp-content\/uploads\/2025\/01\/vilvoorde_01-1.jpg\" alt=\"Vilvoorde_01 1\" itemprop=\"image\" height=\"267\" width=\"356\" title=\"Vilvoorde_01 1\" onerror=\"this.style.display='none'\"  \/>\n<h2>\n\t\tVITAZ campus Lokeren\n\t<\/h2>\n\t\t\t\t<img loading=\"lazy\" decoding=\"async\" src=\"https:\/\/pdedoncker.be\/wp-content\/uploads\/2025\/01\/lokeren_01-1.jpg\" alt=\"lokeren_01 1\" itemprop=\"image\" height=\"252\" width=\"340\" title=\"lokeren_01 1\" onerror=\"this.style.display='none'\"  \/>\n<h2>\n\t\tContactez nous\n\t<\/h2>\n\t<p>Vous avez des questions ou souhaitez prendre rendez-vous ? Remplissez le formulaire de contact et nous vous contacterons dans les 24 heures pour vous aider davantage !<\/p>\n\t\t\t\t<img loading=\"lazy\" decoding=\"async\" src=\"https:\/\/pdedoncker.be\/wp-content\/uploads\/2025\/01\/consult-verloop-img.jpg\" alt=\"consultation-course-img\" itemprop=\"image\" height=\"584\" width=\"878\" title=\"consultation-course-img\" onerror=\"this.style.display='none'\"  \/>\n\t\t\tVotre chemin vers l'assurance\n\t\t<h4>Comment se d\u00e9roule un rendez-vous dans notre clinique<\/h4>\n\t\t\t<p>Dans notre clinique, nous adoptons une approche personnelle et experte pour renforcer votre confiance en vous et obtenir les meilleurs r\u00e9sultats.<\/p>\t\t\n    <img decoding=\"async\" src=\"https:\/\/pdedoncker.be\/wp-content\/uploads\/2025\/01\/miniprofielfoto.png\" alt=\"Dr. Patrick Dedoncker\"\/>\n      <h1>Dr. Patrick Dedoncker<\/h1>\n      <p>Chirurgien plasticien certifi\u00e9<\/p>\n\t\t\t01. \n\t\t<h4>Prendre rendez-vous<\/h4>\n\t\t\t<p>Il vous suffit de prendre rendez-vous en ligne ou par t\u00e9l\u00e9phone. Choisissez l'heure qui vous convient et faites-nous part \u00e0 l'avance de vos souhaits ou questions sp\u00e9cifiques.<\/p>\t\t\n\t\t\t02. \n\t\t<h4>Consultation<\/h4>\n\t\t\t<p>Lors de la consultation, le Dr Patrick Dedoncker discute de vos souhaits et de vos attentes. Nous proc\u00e9dons \u00e0 une analyse compl\u00e8te afin d'\u00e9tablir un plan de traitement personnalis\u00e9.<\/p>\t\t\n\t\t\t03. \n\t\t<h4>Apprendre \u00e0 conna\u00eetre<\/h4>\n\t\t\t<p>Rencontrez notre chirurgien plasticien certifi\u00e9, qui examinera votre plan de traitement en d\u00e9tail avec vous. Ensemble, nous d\u00e9terminerons la meilleure approche pour obtenir le r\u00e9sultat souhait\u00e9.<\/p>\t\t\n\t\t\t04. \n\t\t<h4>Traitement et soins<\/h4>\n\t\t\t<p>Faites l'exp\u00e9rience de soins et de conseils professionnels, adapt\u00e9s \u00e0 vos besoins. Nous veillons \u00e0 ce que vous vous sentiez \u00e0 l'aise et bien soutenu pendant et apr\u00e8s le traitement.<\/p>\t\t\n\t\t\t<a href=\"\/fr\/contact\/\" target=\"_self\">\n\t\t\t\t\t\t\tContactez nous\n\t\t\t\t\t<\/a>\n\t\t<h4>Se sentir plus confiant que jamais !<\/h4>\n\t\t\t<p>Pr\u00eat \u00e0 franchir le pas vers une plus grande confiance en soi ? Prenez d\u00e8s \u00e0 pr\u00e9sent rendez-vous avec nous pour une op\u00e9ration de chirurgie plastique et b\u00e9n\u00e9ficiez de soins personnalis\u00e9s adapt\u00e9s \u00e0 vos besoins.<\/p>","protected":false},"excerpt":{"rendered":"<p>Contact opnemen Neem contact op voor een gepersonaliseerd consult gesprek Home \/ Contact Contact informatie Dr P. Dedoncker A.Z. Jan Portaels VITAZ campus Lokeren Neem contact met ons op Heb je vragen of wil je een afspraak plannen? Vul het contactformulier in, dan nemen wij binnen 24 uur contact met je op om je verder&hellip;<\/p>","protected":false},"author":1,"featured_media":0,"parent":0,"menu_order":0,"comment_status":"closed","ping_status":"closed","template":"","meta":{"_acf_changed":false,"inline_featured_image":false,"footnotes":""},"class_list":["post-142","page","type-page","status-publish","hentry"],"acf":[],"_links":{"self":[{"href":"https:\/\/pdedoncker.be\/fr\/wp-json\/wp\/v2\/pages\/142","targetHints":{"allow":["GET"]}}],"collection":[{"href":"https:\/\/pdedoncker.be\/fr\/wp-json\/wp\/v2\/pages"}],"about":[{"href":"https:\/\/pdedoncker.be\/fr\/wp-json\/wp\/v2\/types\/page"}],"author":[{"embeddable":true,"href":"https:\/\/pdedoncker.be\/fr\/wp-json\/wp\/v2\/users\/1"}],"replies":[{"embeddable":true,"href":"https:\/\/pdedoncker.be\/fr\/wp-json\/wp\/v2\/comments?post=142"}],"version-history":[{"count":4,"href":"https:\/\/pdedoncker.be\/fr\/wp-json\/wp\/v2\/pages\/142\/revisions"}],"predecessor-version":[{"id":930,"href":"https:\/\/pdedoncker.be\/fr\/wp-json\/wp\/v2\/pages\/142\/revisions\/930"}],"wp:attachment":[{"href":"https:\/\/pdedoncker.be\/fr\/wp-json\/wp\/v2\/media?parent=142"}],"curies":[{"name":"wp","href":"https:\/\/api.w.org\/{rel}","templated":true}]}}