{"id":124,"date":"2025-01-21T04:36:33","date_gmt":"2025-01-21T04:36:33","guid":{"rendered":"https:\/\/pdedoncker.be\/?page_id=124"},"modified":"2025-09-15T17:46:17","modified_gmt":"2025-09-15T15:46:17","slug":"a-propos-de-nous","status":"publish","type":"page","link":"https:\/\/pdedoncker.be\/fr\/over-ons\/","title":{"rendered":"A propos de nous"},"content":{"rendered":"A propos de nous\n\t\t\t\t\t\t<h4>D\u00e9couvrez qui nous sommes et pourquoi votre confiance en soi est notre priorit\u00e9.<\/h4>\t\t\t\t\t\n\t<nav aria-label=\"chapelure\"><p><a href=\"https:\/\/pdedoncker.be\/fr\/\">Accueil<\/a> \/ Over ons<\/p><\/nav>\n\t\t\tRencontrez nos sp\u00e9cialistes\n\t\t\t\t\t\t<h4>Notre chirurgien certifi\u00e9<\/h4>\t\t\t\t\t\n\t\t\t\tDr. Patrick dedoncker\n\t\t\t\t\t\t<h4>Chirurgien plasticien certifi\u00e9<\/h4>\t\t\t\t\t\n\t\t\tL'int\u00e9grit\u00e9, l'attention et l'exp\u00e9rience sont les ma\u00eetres mots\n\t\t\t\t\t\t<h4>Nos valeurs, fondement de votre confiance en vous<\/h4>\t\t\t\t\t\n\t\t\t\t<img decoding=\"async\" src=\"https:\/\/pdedoncker.be\/wp-content\/uploads\/2025\/01\/ion_binoculars-sharp.svg\" alt=\"ion_binoculars-sharp\" itemprop=\"image\" height=\"76\" width=\"75\" title=\"ion_binoculars-sharp\" onerror=\"this.style.display='none'\" loading=\"lazy\" \/>\n<h2>\n\t\t\tNotre vision\t<\/h2>\n\t<p>Nous nous effor\u00e7ons d'\u00eatre un nom de confiance dans le domaine de la chirurgie plastique, en mettant l'accent sur la qualit\u00e9 et les r\u00e9sultats d'apparence naturelle. Notre objectif est d'aider les patients \u00e0 atteindre leurs objectifs personnels avec soin et comp\u00e9tence.<\/p>\n\t\t\t\t<img decoding=\"async\" src=\"https:\/\/pdedoncker.be\/wp-content\/uploads\/2025\/01\/mingcute_target-fill.svg\" alt=\"mingcute_target-fill\" itemprop=\"image\" height=\"76\" width=\"75\" title=\"mingcute_target-fill\" onerror=\"this.style.display='none'\" loading=\"lazy\" \/>\n<h2>\n\t\t\tNotre mission\t<\/h2>\n\t<p>Nous offrons une chirurgie plastique de haute qualit\u00e9, enti\u00e8rement adapt\u00e9e aux besoins et aux souhaits de nos patients. Gr\u00e2ce \u00e0 des techniques de pointe et \u00e0 une approche personnalis\u00e9e, nous garantissons des r\u00e9sultats s\u00fbrs, efficaces et durables.<\/p>\n\t\t\t\t<img decoding=\"async\" src=\"https:\/\/pdedoncker.be\/wp-content\/uploads\/2025\/01\/el_heart-alt.svg\" alt=\"el_heart-alt\" itemprop=\"image\" height=\"76\" width=\"75\" title=\"el_heart-alt\" onerror=\"this.style.display='none'\" loading=\"lazy\" \/>\n<h2>\n\t\t\tNotre devise\t<\/h2>\n\t<p>Des soins honn\u00eates, une approche personnalis\u00e9e, des r\u00e9sultats fiables. Dans nos cliniques, votre bien-\u00eatre et votre confiance en vous sont primordiaux, et nous vous guidons pas \u00e0 pas vers un r\u00e9sultat avec lequel vous vous sentez \u00e0 l'aise.<\/p>\n\t\t\tPourquoi le Dr Patrick Dedoncker ?\n\t\t\t\t\t\t<h4>Pourquoi nous choisir ?<\/h4>\t\t\t\t\t\n<h2>\n\t\t\tUn sp\u00e9cialiste exp\u00e9riment\u00e9 et reconnu\t<\/h2>\n\t<p>Le Dr. Patrick Dedoncker, chirurgien plasticien, dispose d'une grande exp\u00e9rience et est officiellement reconnu. Il garantit des soins de qualit\u00e9 selon les normes les plus \u00e9lev\u00e9es.<\/p>\n<h2>\n\t\t\tUn environnement hospitalier s\u00fbr\t<\/h2>\n\t<p>Les op\u00e9rations sont r\u00e9alis\u00e9es dans un h\u00f4pital g\u00e9n\u00e9ral qui respecte des normes de s\u00e9curit\u00e9 strictes, dispose d'une infrastructure moderne et offre un acc\u00e8s \u00e0 des services m\u00e9dicaux sp\u00e9cialis\u00e9s.<\/p>\n<h2>\n\t\t\tUne approche personnalis\u00e9e et un suivi\t<\/h2>\n\t<p>Nous prenons le temps de r\u00e9pondre \u00e0 vos questions et vous fournissons des informations claires au pr\u00e9alable. Apr\u00e8s l'intervention, nous vous proposons un suivi personnalis\u00e9 et une accessibilit\u00e9 imm\u00e9diate.<\/p>\n<h2>\n\t\t\tGarantie de qualit\u00e9 et de produit\t<\/h2>\n\t<p>Correction gratuite dans l'ann\u00e9e en cas de complications et garantie de 10 ans sur les proth\u00e8ses mammaires de marque A. Heureusement, ces mesures sont rarement n\u00e9cessaires.<\/p>\n\t\t\t<img decoding=\"async\" src=\"https:\/\/pdedoncker.be\/wp-content\/uploads\/2025\/01\/video-poster-1.jpg\" title=\"affiche vid\u00e9o\" alt=\"\" \/>\t\t\t\t\t\t\t\n\t\t\t\t\tLire la vid\u00e9o\n\t\t\t<img decoding=\"async\" src=\"https:\/\/pdedoncker.be\/wp-content\/uploads\/2025\/01\/video-poster-1.jpg\" title=\"affiche vid\u00e9o\" alt=\"\" \/>\t\t\t\t\t\t\t\n\t\t\t\t\tLire la vid\u00e9o\n\t\t\t<img decoding=\"async\" src=\"https:\/\/pdedoncker.be\/wp-content\/uploads\/2025\/01\/video-poster-1.jpg\" title=\"affiche vid\u00e9o\" alt=\"\" \/>\t\t\t\t\t\t\t\n\t\t\t\t\tLire la vid\u00e9o\n            <img decoding=\"async\" src=\"https:\/\/pdedoncker.be\/wp-content\/uploads\/2025\/01\/maki_doctor.svg\" alt=\"Ic\u00f4ne du client satisfait\"\/>\n            Dr Patrick Dedoncker<br \/>Chirurgien plasticien certifi\u00e9\n\t\t\t<a href=\"\/fr\/rendez-vous-en-ligne\/\" target=\"_self\">\n\t\t\t\t\t\t\tRendez-vous en ligne\n\t\t\t\t\t<\/a>\n\t\t\t<a href=\"\/fr\/contact\/\" target=\"_self\">\n\t\t\t\t\t\t\tPrendre contact\n\t\t\t\t\t<\/a>\n\t\t\t\u00c0 propos du Dr Dedoncker\n\t\t\t\t\t\t<h4>Des traitements sans faille r\u00e9alis\u00e9s par un chirurgien certifi\u00e9.<\/h4>\t\t\t\t\t\n\t\t\t\t<a href=\"https:\/\/realplasticsurgeon.eu\/search\/doctor\/ZGV4\" target=\"_self\" itemprop=\"url\" rel=\"noopener\">\n\t\t\t\t<img decoding=\"async\" src=\"https:\/\/pdedoncker.be\/wp-content\/uploads\/2025\/01\/RPS_stamp-removebg-preview.png\" alt=\"RPS_stamp-removebg-preview\" itemprop=\"image\" height=\"463\" width=\"300\" title=\"RPS_stamp-removebg-preview\" onerror=\"this.style.display='none'\" loading=\"lazy\" \/>\n\t\t\t\t<\/a>\n\t\t\t\t\t\t\t<img loading=\"lazy\" decoding=\"async\" src=\"https:\/\/pdedoncker.be\/wp-content\/uploads\/2025\/01\/ervaren-kliniek.svg\" alt=\"clinique exp\u00e9riment\u00e9e\" width=\"46\" height=\"37\" \/>\n\t\t\t\t\t\t<h4>CLINIQUE EXP\u00c9RIMENT\u00c9E<\/h4>\t\t\t\t\t\n\t\t\t<p>Nous garantissons votre satisfaction pour chaque traitement. Nous travaillons en \u00e9troite collaboration avec vous pour obtenir les r\u00e9sultats souhait\u00e9s.<\/p>\t\t\n\t\t\t\t\t\t\t<img loading=\"lazy\" decoding=\"async\" src=\"https:\/\/pdedoncker.be\/wp-content\/uploads\/2025\/01\/persoonlijke-zorg.svg\" alt=\"soins personnels\" width=\"45\" height=\"40\" \/>\n\t\t\t\t\t\t<h4>SOINS PERSONNELS<\/h4>\t\t\t\t\t\n\t\t\t<p>Notre chirurgien certifi\u00e9 apporte des ann\u00e9es d'expertise et de d\u00e9vouement \u00e0 chaque proc\u00e9dure, avec une attention personnalis\u00e9e \u00e0 vos besoins.<\/p>\t\t\n\t\t\t\t\t\t\t<img loading=\"lazy\" decoding=\"async\" src=\"https:\/\/pdedoncker.be\/wp-content\/uploads\/2025\/01\/betrouwbare-kliniek.svg\" alt=\"clinique de confiance\" width=\"37\" height=\"44\" \/>\n\t\t\t\t\t\t<h4>CLINIQUE FIABLE<\/h4>\t\t\t\t\t\n\t\t\t<p>En tant que nom respect\u00e9 dans la communaut\u00e9, notre clinique est connue pour sa fiabilit\u00e9, sa qualit\u00e9 et ses soins exceptionnels.<\/p>\t\t\n\t\t\t\t\t\t\t<img loading=\"lazy\" decoding=\"async\" src=\"https:\/\/pdedoncker.be\/wp-content\/uploads\/2025\/01\/gezondheidsgarantie.svg\" alt=\"garantie de sant\u00e9\" width=\"35\" height=\"42\" \/>\n\t\t\t\t\t\t<h4>GARANTIE DE SANT\u00c9<\/h4>\t\t\t\t\t\n\t\t\t<p>Nous nous engageons pour votre bien-\u00eatre et nous nous effor\u00e7ons d'obtenir des am\u00e9liorations mesurables, naturelles et durables de votre apparence et de votre sant\u00e9.<\/p>\t\t\n\t\t\tCe que disent nos patients satisfaits\n\t\t\t\t\t\t<h4>Nos patients satisfaits nous font part de leur exp\u00e9rience.<\/h4>\t\t\t\t\t\n\t\t\t<p>Lisez leurs t\u00e9moignages et d\u00e9couvrez comment notre approche personnalis\u00e9e de la chirurgie plastique les a aid\u00e9s \u00e0 renforcer leur confiance en eux, \u00e0 atteindre leurs objectifs et \u00e0 se sentir mieux dans leur peau. Votre histoire pourrait \u00eatre la prochaine !<\/p>\t\t\n\t\t\t\t<img decoding=\"async\" src=\"https:\/\/pdedoncker.be\/wp-content\/uploads\/2025\/01\/reviews-blok-img.jpg\" alt=\"critiques-block-img\" itemprop=\"image\" height=\"419\" width=\"735\" title=\"critiques-block-img\" onerror=\"this.style.display='none'\" loading=\"lazy\" \/>\n\t\t<!-- Slides wrapper -->\n\t\t\t\t\t\t<cite>\n\t\t\t\t\t\t\tricia matha-amana\n\t<i>\u2605<\/i><i>\u2605<\/i><i>\u2605<\/i><i>\u2605<\/i><i>\u2605<\/i>\t\t\t\t\t\t\t\n\t\t\t\t\t\t<\/cite>\n\t\t\t\t\t\t\t<p>Le Dr Patrick Dedoncker est l'un des meilleurs Dr. C'est un docteur qui a du c\u0153ur quand vous parlez \u00e0 cet homme la premi\u00e8re chose que vous remarquez c'est qu'avec lui ce n'est pas une question d'argent mais de s\u00e9curit\u00e9 pour le patient. Je me suis sentie en s\u00e9curit\u00e9 avec lui le jour de l'op\u00e9ration. Le 26 novembre 2024, j'ai \u00e9t\u00e9 op\u00e9r\u00e9e par le Dr Patrick Dedoncker. Cela fait maintenant un mois exactement que j'ai \u00e9t\u00e9 op\u00e9r\u00e9e par le Dr Patrick Dedoncker. Je suis tr\u00e8s satisfaite de ma poitrine gr\u00e2ce \u00e0 l'op\u00e9ration, je me sens belle et heureuse.<\/p>\t\t\t\t\t\t\n\t\t\t\t\t\t<cite>\n\t\t\t\t\t\t\tmorgane van den eynden\n\t<i>\u2605<\/i><i>\u2605<\/i><i>\u2605<\/i><i>\u2605<\/i><i>\u2605<\/i>\t\t\t\t\t\t\t\n\t\t\t\t\t\t<\/cite>\n\t\t\t\t\t\t\t<p>Si vous \u00eates \u00e0 la recherche d'un chirurgien plasticien fiable et professionnel, vous \u00eates au bon endroit. Il vous met \u00e0 l'aise et tr\u00e8s \u00e0 l'aise ! Il vous \u00e9coute tr\u00e8s bien en tant que patient. Si quelque chose n'allait pas, vous pouviez le joindre tr\u00e8s rapidement et efficacement ! Absolument recommand\u00e9, merci beaucoup pour les soins fantastiques et le r\u00e9sultat extr\u00eamement beau !<\/p>\t\t\t\t\t\t\n\t\t\t\t\t\t<cite>\n\t\t\t\t\t\t\t Valery Perez Rodriguez\n\t<i>\u2605<\/i><i>\u2605<\/i><i>\u2605<\/i><i>\u2605<\/i><i>\u2605<\/i>\t\t\t\t\t\t\t\n\t\t\t\t\t\t<\/cite>\n\t\t\t\t\t\t\t<p>Chirurgien tr\u00e8s s\u00e9rieux et honn\u00eate. J'ai \u00e9t\u00e9 op\u00e9r\u00e9e des seins par le Dr Dedoncker et je suis tr\u00e8s satisfaite du r\u00e9sultat naturel. Le docteur a pris le temps de v\u00e9rifier le type d'implant et la taille qui conviendrait le mieux \u00e0 ma silhouette.Contrairement \u00e0 ce que dit l'un des avis, il y a bien un suivi post-op\u00e9ratoire avec une visite de contr\u00f4le pour v\u00e9rifier la cicatrisation et\/ou retirer les points de suture si n\u00e9cessaire. Je recommande !<\/p>\t\t\t\t\t\t\n\t\t\t\t\t\t<cite>\n\t\t\t\t\t\t\tsigrid bosmans\n\t<i>\u2605<\/i><i>\u2605<\/i><i>\u2605<\/i><i>\u2605<\/i><i>\u2605<\/i>\t\t\t\t\t\t\t\n\t\t\t\t\t\t<\/cite>\n\t\t\t\t\t\t\t<p>Tr\u00e8s satisfaite du Docteur Dedoncker ! J'ai subi une op\u00e9ration des paupi\u00e8res il y a quelques ann\u00e9es et j'en suis toujours tr\u00e8s satisfaite ! Il y a un mois, il m'a fait une liposuccion et cela avance \u00e9galement dans la bonne direction. Le docteur a pris son temps et m'a donn\u00e9 suffisamment d'informations. Ce qui est tr\u00e8s rassurant, c'est qu'il donne son num\u00e9ro de portable en cas de questions\/avis et ainsi de suite. Exp\u00e9rience tr\u00e8s positive.<\/p>\t\t\t\t\t\t\n\t\t\t\t\t\t<cite>\n\t\t\t\t\t\t\tV\u00e9ronique Baeten\n\t<i>\u2605<\/i><i>\u2605<\/i><i>\u2605<\/i><i>\u2605<\/i><i>\u2605<\/i>\t\t\t\t\t\t\t\n\t\t\t\t\t\t<\/cite>\n\t\t\t\t\t\t\t<p>Pour moi, le Docteur Dedoncker est un chirurgien tr\u00e8s comp\u00e9tent et direct. J'ai d\u00e9j\u00e0 fait appel \u00e0 lui deux fois et je suis extr\u00eamement satisfaite du r\u00e9sultat, de son approche et de sa flexibilit\u00e9. Ce qui me g\u00eanait dans le pass\u00e9, il l'a r\u00e9solu \u00e0 merveille... Merci beaucoup !<\/p>\t\t\t\t\t\t\n\t\t\t\t\t\t<cite>\n\t\t\t\t\t\t\tMaria Rahman\n\t<i>\u2605<\/i><i>\u2605<\/i><i>\u2605<\/i><i>\u2605<\/i><i>\u2605<\/i>\t\t\t\t\t\t\t\n\t\t\t\t\t\t<\/cite>\n\t\t\t\t\t\t\t<p>Meilleure exp\u00e9rience. Je suis all\u00e9e pour une augmentation mammaire, une correction de l'ar\u00e9ole et un lifting. Parfaitement r\u00e9alis\u00e9. Toujours disponible, bonne consultation, m\u00eame le week-end. Le r\u00e9sultat est excellent et je peux toujours le joindre pour toute r\u00e9clamation. Je ferai certainement d'autres op\u00e9rations ici. L'hygi\u00e8ne \u00e9tait \u00e9galement excellente. Les soins postop\u00e9ratoires \u00e9taient \u00e9galement bien organis\u00e9s. Hautement recommand\u00e9.\u00a0<\/p>\t\t\t\t\t\t\n\t\t\t\t\t\t<cite>\n\t\t\t\t\t\t\tMonique Lissens\n\t<i>\u2605<\/i><i>\u2605<\/i><i>\u2605<\/i><i>\u2605<\/i><i>\u2605<\/i>\t\t\t\t\t\t\t\n\t\t\t\t\t\t<\/cite>\n\t\t\t\t\t\t\t<p>Le 5 novembre 2024, j'ai contact\u00e9 le Dr Dedoncker pour un probl\u00e8me de rides du visage. Il a examin\u00e9 avec moi ce qu'il fallait faire. Il m'a propos\u00e9 de corriger \u00e9galement mes paupi\u00e8res. J'ai suivi son conseil. Il m'a donc fait un mini lift et une plastie v\u00e9sicale. Nous sommes 3 mois plus tard. Je suis ravie du r\u00e9sultat. C'est exactement ce que je voulais : des traits du visage qui restent naturels et une nette am\u00e9lioration du regard ! Merci docteur. Je vous recommande \u00e0 tous ceux qui me demandent o\u00f9 je suis all\u00e9e pour obtenir un si bon r\u00e9sultat.<\/p>\t\t\t\t\t\t\n\t\t\t\t<!-- Pagination, if required -->\n\t\t\t\t<img decoding=\"async\" src=\"https:\/\/pdedoncker.be\/wp-content\/uploads\/2025\/01\/consult-verloop-img.jpg\" alt=\"consultation-course-img\" itemprop=\"image\" height=\"584\" width=\"878\" title=\"consultation-course-img\" onerror=\"this.style.display='none'\" loading=\"lazy\" \/>\n\t\t\tVotre chemin vers l'assurance\n\t\t\t\t\t\t<h4>Comment se d\u00e9roule un rendez-vous dans notre clinique<\/h4>\t\t\t\t\t\n\t\t\t<p>Dans notre clinique, nous adoptons une approche personnelle et experte pour renforcer votre confiance en vous et obtenir les meilleurs r\u00e9sultats.<\/p>\t\t\n    <img decoding=\"async\" src=\"https:\/\/pdedoncker.be\/wp-content\/uploads\/2025\/01\/miniprofielfoto.png\" alt=\"Dr. Patrick Dedoncker\"\/>\n      <h1>Dr. Patrick Dedoncker<\/h1>\n      <p>Chirurgien plasticien certifi\u00e9<\/p>\n\t\t\t01. \n\t\t\t\t\t\t<h4>Prendre rendez-vous<\/h4>\t\t\t\t\t\n\t\t\t<p>Il vous suffit de prendre rendez-vous en ligne ou par t\u00e9l\u00e9phone. Choisissez l'heure qui vous convient et faites-nous part \u00e0 l'avance de vos souhaits ou questions sp\u00e9cifiques.<\/p>\t\t\n\t\t\t02. \n\t\t\t\t\t\t<h4>Consultation<\/h4>\t\t\t\t\t\n\t\t\t<p>Lors de la consultation, le Dr Patrick Dedoncker discute de vos souhaits et de vos attentes. Nous proc\u00e9dons \u00e0 une analyse compl\u00e8te afin d'\u00e9tablir un plan de traitement personnalis\u00e9.<\/p>\t\t\n\t\t\t03. \n\t\t\t\t\t\t<h4>Apprendre \u00e0 conna\u00eetre<\/h4>\t\t\t\t\t\n\t\t\t<p>Rencontrez notre chirurgien plasticien certifi\u00e9, qui examinera votre plan de traitement en d\u00e9tail avec vous. Ensemble, nous d\u00e9terminerons la meilleure approche pour obtenir le r\u00e9sultat souhait\u00e9.<\/p>\t\t\n\t\t\t04. \n\t\t\t\t\t\t<h4>Traitement et soins<\/h4>\t\t\t\t\t\n\t\t\t<p>Faites l'exp\u00e9rience de soins et de conseils professionnels, adapt\u00e9s \u00e0 vos besoins. Nous veillons \u00e0 ce que vous vous sentiez \u00e0 l'aise et bien soutenu pendant et apr\u00e8s le traitement.<\/p>\t\t\n\t\t\t<a href=\"\/fr\/rendez-vous-en-ligne\/\" target=\"_self\">\n\t\t\t\t\t\t\tPrendre un rendez-vous en ligne\n\t\t\t\t\t<\/a>\n\t\t\t<a href=\"\/fr\/contact\/\" target=\"_self\">\n\t\t\t\t\t\t\tContactez nous\n\t\t\t\t\t<\/a>\n<h2>\n\t\t\tContactez nous\t<\/h2>\n\t<p>Vous avez des questions ou souhaitez prendre rendez-vous ? Remplissez le formulaire de contact et nous vous contacterons dans les 24 heures pour vous aider davantage !<\/p>\n\t\t\t\t\t\t<h4>Se sentir plus confiant que jamais !<\/h4>\t\t\t\t\t\n\t\t\t<p>Pr\u00eat \u00e0 franchir le pas vers une plus grande confiance en soi ? Prenez d\u00e8s \u00e0 pr\u00e9sent rendez-vous avec nous pour une op\u00e9ration de chirurgie plastique et b\u00e9n\u00e9ficiez de soins personnalis\u00e9s adapt\u00e9s \u00e0 vos besoins.<\/p>","protected":false},"excerpt":{"rendered":"<p>Over ons Ontdek wie wij zijn en waarom jouw zelfvertrouwen onze prioriteit is Home \/ Over ons Ontmoet onze specialist Onze gecertificeerde chirurg Dr. Patrick dedoncker Erkend plastisch chirurg Gedreven door Integriteit, Zorg en Ervaring Onze waarden als fundatie van uw zelfvertrouwen Onze Visie Wij streven ernaar een vertrouwde naam te zijn in plastische chirurgie,&hellip;<\/p>","protected":false},"author":1,"featured_media":0,"parent":0,"menu_order":0,"comment_status":"closed","ping_status":"closed","template":"","meta":{"_acf_changed":false,"inline_featured_image":false,"footnotes":""},"class_list":["post-124","page","type-page","status-publish","hentry"],"acf":[],"_links":{"self":[{"href":"https:\/\/pdedoncker.be\/fr\/wp-json\/wp\/v2\/pages\/124","targetHints":{"allow":["GET"]}}],"collection":[{"href":"https:\/\/pdedoncker.be\/fr\/wp-json\/wp\/v2\/pages"}],"about":[{"href":"https:\/\/pdedoncker.be\/fr\/wp-json\/wp\/v2\/types\/page"}],"author":[{"embeddable":true,"href":"https:\/\/pdedoncker.be\/fr\/wp-json\/wp\/v2\/users\/1"}],"replies":[{"embeddable":true,"href":"https:\/\/pdedoncker.be\/fr\/wp-json\/wp\/v2\/comments?post=124"}],"version-history":[{"count":11,"href":"https:\/\/pdedoncker.be\/fr\/wp-json\/wp\/v2\/pages\/124\/revisions"}],"predecessor-version":[{"id":1389,"href":"https:\/\/pdedoncker.be\/fr\/wp-json\/wp\/v2\/pages\/124\/revisions\/1389"}],"wp:attachment":[{"href":"https:\/\/pdedoncker.be\/fr\/wp-json\/wp\/v2\/media?parent=124"}],"curies":[{"name":"wp","href":"https:\/\/api.w.org\/{rel}","templated":true}]}}